
{"id":5531,"date":"2025-01-10T11:57:52","date_gmt":"2025-01-10T03:57:52","guid":{"rendered":"https:\/\/www.ringsknife.com\/?post_type=product&#038;p=5531"},"modified":"2025-05-31T16:47:56","modified_gmt":"2025-05-31T08:47:56","slug":"personal-alarm-keychain","status":"publish","type":"product","link":"https:\/\/www.ringsknife.com\/de\/produkt\/schlusselanhanger-fur-personlichen-alarm\/","title":{"rendered":"Strass Selbstverteidigung Personal Alarm Schl\u00fcsselanh\u00e4nger"},"content":{"rendered":"<h3>Strass Selbstverteidigung Personal Alarm Schl\u00fcsselanh\u00e4nger<\/h3>\n<h4>Beschreibung des Produkts<\/h4>\n<p>Die <strong>Strass Selbstverteidigung Personal Alarm Schl\u00fcsselanh\u00e4nger<\/strong> ist die ultimative Kombination aus Stil und Sicherheit. Dieser pers\u00f6nliche Alarm-Schl\u00fcsselanh\u00e4nger ist aus robustem ABS-Kunststoff gefertigt und in 9 leuchtenden Farben erh\u00e4ltlich, die zu Ihrem Stil passen. Er ist nicht nur ein auff\u00e4lliges Modestatement, sondern sorgt mit seinem 130-dB-Alarmton, der in jeder Notsituation Aufmerksamkeit erregt, auch f\u00fcr Seelenfrieden. Zus\u00e4tzlich zu dem starken Alarm verf\u00fcgt er \u00fcber ein helles, blinkendes LED-Licht, das ein weiteres Signal f\u00fcr Hilfe ist. Egal, ob Sie sp\u00e4t in der Nacht nach Hause gehen oder eine schnelle Sicherheitsma\u00dfnahme brauchen, dieser Schl\u00fcsselanh\u00e4nger ist immer in Reichweite.<\/p>\n<h4>Eigenschaften<\/h4>\n<ul>\n<li><strong>Material<\/strong>: Hergestellt aus robustem ABS-Kunststoff f\u00fcr lange Haltbarkeit.<\/li>\n<li><strong>Alarmton<\/strong>: Gibt einen 130 dB lauten Alarm ab, ideal f\u00fcr Notf\u00e4lle.<\/li>\n<li><strong>LED-Licht<\/strong>: Helles, blinkendes LED-Licht verbessert die Sichtbarkeit bei Notf\u00e4llen.<\/li>\n<li><strong>Mehrere Farben<\/strong>: Erh\u00e4ltlich in 9 lebhaften Farben, die zu Ihrer Pers\u00f6nlichkeit passen.<\/li>\n<li><strong>Einfach zu benutzen<\/strong>: Einfache Ein-Knopf-Aktivierung von Alarm und Licht.<\/li>\n<\/ul>\n<h4>Abmessungen<\/h4>\n<ul>\n<li><strong>L\u00e4nge<\/strong>: 22 cm (8,66 Zoll)<\/li>\n<li><strong>Breite<\/strong>: 4,5 cm (1,77 Zoll)<\/li>\n<li><strong>Gewicht<\/strong>: 38 g (1,34 Unzen)<\/li>\n<\/ul>\n<h4>Wie zu verwenden<\/h4>\n<ol>\n<li><strong>Aktivieren Sie den Alarm<\/strong>: Dr\u00fccken Sie die Taste, um den lauten 130-dB-Alarm auszul\u00f6sen.<\/li>\n<li><strong>LED-Licht einschalten<\/strong>: Die gleiche Taste steuert das helle LED-Licht f\u00fcr zus\u00e4tzliche Sichtbarkeit.<\/li>\n<li><strong>Leichtes Tragen<\/strong>: Befestigen Sie es an Ihren Schl\u00fcsseln, Ihrer Tasche oder Ihrem Rucksack f\u00fcr schnellen Zugriff.<\/li>\n<li><strong>Deaktivierung<\/strong>: Lassen Sie einfach die Taste los oder schalten Sie die LED und den Alarm aus, wenn Sie ihn nicht mehr ben\u00f6tigen.<\/li>\n<\/ol>","protected":false},"excerpt":{"rendered":"<ul>\n<li><strong>130 dB Alarm f\u00fcr maximale Sicherheit<\/strong>: Der 130-dB-Alarm ist ideal, um die Menschen in Ihrer Umgebung in gef\u00e4hrlichen Situationen zu warnen und Ihnen zu helfen, sicher und gesch\u00fctzt zu bleiben.<\/li>\n<li><strong>Helles blinkendes LED-Licht<\/strong>: Das leuchtende LED-Licht sorgt f\u00fcr Sichtbarkeit in schwach beleuchteten Umgebungen und ist ideal, um schnell auf sich aufmerksam zu machen.<\/li>\n<li><strong>Stilvoll und funktionell<\/strong>: Dieser in 9 leuchtenden Farben erh\u00e4ltliche Schl\u00fcsselanh\u00e4nger ist ein funktionelles Accessoire, bei dem die Sicherheit nicht zu Lasten des Stils geht.<\/li>\n<li><strong>Leicht und kompakt<\/strong>: Dank seiner kompakten Gr\u00f6\u00dfe und seines geringen Gewichts l\u00e4sst sich dieser Schl\u00fcsselanh\u00e4nger f\u00fcr den t\u00e4glichen Gebrauch leicht an Ihren Schl\u00fcsseln, Ihrem Rucksack oder Ihrer Handtasche befestigen.<\/li>\n<li><strong>Einfach zu benutzen<\/strong>: Ein einziger Knopfdruck aktiviert sowohl den Alarm als auch das LED-Licht und sorgt daf\u00fcr, dass Sie in Sekundenschnelle auf jeden Notfall vorbereitet sind.<\/li>\n<\/ul>","protected":false},"featured_media":5549,"comment_status":"open","ping_status":"closed","template":"","meta":{"_uag_custom_page_level_css":"","site-sidebar-layout":"default","site-content-layout":"","ast-site-content-layout":"default","site-content-style":"default","site-sidebar-style":"default","ast-global-header-display":"","ast-banner-title-visibility":"","ast-main-header-display":"","ast-hfb-above-header-display":"","ast-hfb-below-header-display":"","ast-hfb-mobile-header-display":"","site-post-title":"","ast-breadcrumbs-content":"","ast-featured-img":"","footer-sml-layout":"","ast-disable-related-posts":"","theme-transparent-header-meta":"default","adv-header-id-meta":"","stick-header-meta":"default","header-above-stick-meta":"","header-main-stick-meta":"","header-below-stick-meta":"","astra-migrate-meta-layouts":"set","ast-page-background-enabled":"default","ast-page-background-meta":{"desktop":{"background-color":"","background-image":"","background-repeat":"repeat","background-position":"center center","background-size":"auto","background-attachment":"scroll","background-type":"","background-media":"","overlay-type":"","overlay-color":"","overlay-opacity":"","overlay-gradient":""},"tablet":{"background-color":"","background-image":"","background-repeat":"repeat","background-position":"center center","background-size":"auto","background-attachment":"scroll","background-type":"","background-media":"","overlay-type":"","overlay-color":"","overlay-opacity":"","overlay-gradient":""},"mobile":{"background-color":"","background-image":"","background-repeat":"repeat","background-position":"center center","background-size":"auto","background-attachment":"scroll","background-type":"","background-media":"","overlay-type":"","overlay-color":"","overlay-opacity":"","overlay-gradient":""}},"ast-content-background-meta":{"desktop":{"background-color":"var(--ast-global-color-5)","background-image":"","background-repeat":"repeat","background-position":"center center","background-size":"auto","background-attachment":"scroll","background-type":"","background-media":"","overlay-type":"","overlay-color":"","overlay-opacity":"","overlay-gradient":""},"tablet":{"background-color":"var(--ast-global-color-5)","background-image":"","background-repeat":"repeat","background-position":"center center","background-size":"auto","background-attachment":"scroll","background-type":"","background-media":"","overlay-type":"","overlay-color":"","overlay-opacity":"","overlay-gradient":""},"mobile":{"background-color":"var(--ast-global-color-5)","background-image":"","background-repeat":"repeat","background-position":"center center","background-size":"auto","background-attachment":"scroll","background-type":"","background-media":"","overlay-type":"","overlay-color":"","overlay-opacity":"","overlay-gradient":""}}},"product_brand":[],"product_cat":[77],"product_tag":[],"class_list":{"0":"post-5531","1":"product","2":"type-product","3":"status-publish","4":"has-post-thumbnail","6":"product_cat-personal-alarm-keychains-safety-alarms","7":"desktop-align-left","8":"tablet-align-left","9":"mobile-align-left","10":"ast-product-gallery-layout-first-image-large","11":"ast-magnify-disabled","12":"ast-product-single-variable","13":"ast-product-tabs-layout-distributed","15":"first","16":"instock","17":"sale","18":"featured","19":"shipping-taxable","20":"purchasable","21":"product-type-variable","22":"has-default-attributes"},"uagb_featured_image_src":{"full":["https:\/\/www.ringsknife.com\/wp-content\/uploads\/2025\/01\/Rhinestone-Self-Defense-Personal-Alarm-Keychain-12.jpg",800,800,false],"thumbnail":["https:\/\/www.ringsknife.com\/wp-content\/uploads\/2025\/01\/Rhinestone-Self-Defense-Personal-Alarm-Keychain-12-150x150.jpg",150,150,true],"medium":["https:\/\/www.ringsknife.com\/wp-content\/uploads\/2025\/01\/Rhinestone-Self-Defense-Personal-Alarm-Keychain-12-300x300.jpg",300,300,true],"medium_large":["https:\/\/www.ringsknife.com\/wp-content\/uploads\/2025\/01\/Rhinestone-Self-Defense-Personal-Alarm-Keychain-12-768x768.jpg",768,768,true],"large":["https:\/\/www.ringsknife.com\/wp-content\/uploads\/2025\/01\/Rhinestone-Self-Defense-Personal-Alarm-Keychain-12.jpg",800,800,false],"1536x1536":["https:\/\/www.ringsknife.com\/wp-content\/uploads\/2025\/01\/Rhinestone-Self-Defense-Personal-Alarm-Keychain-12.jpg",800,800,false],"2048x2048":["https:\/\/www.ringsknife.com\/wp-content\/uploads\/2025\/01\/Rhinestone-Self-Defense-Personal-Alarm-Keychain-12.jpg",800,800,false],"trp-custom-language-flag":["https:\/\/www.ringsknife.com\/wp-content\/uploads\/2025\/01\/Rhinestone-Self-Defense-Personal-Alarm-Keychain-12.jpg",12,12,false],"woocommerce_thumbnail":["https:\/\/www.ringsknife.com\/wp-content\/uploads\/2025\/01\/Rhinestone-Self-Defense-Personal-Alarm-Keychain-12.jpg",800,800,false],"woocommerce_single":["https:\/\/www.ringsknife.com\/wp-content\/uploads\/2025\/01\/Rhinestone-Self-Defense-Personal-Alarm-Keychain-12.jpg",800,800,false],"woocommerce_gallery_thumbnail":["https:\/\/www.ringsknife.com\/wp-content\/uploads\/2025\/01\/Rhinestone-Self-Defense-Personal-Alarm-Keychain-12-100x100.jpg",100,100,true]},"uagb_author_info":{"display_name":"ringsknife.com","author_link":"https:\/\/www.ringsknife.com\/de\/author\/"},"uagb_comment_info":2,"uagb_excerpt":"130 dB Alarm for Maximum Safety: The 130 dB alarm is perfect for alerting those around you in dangerous situations, helping you to stay safe and protected. Bright Flashing LED Light: Features a vibrant LED light that ensures visibility in low-light environments, perfect for getting attention quickly. Stylish &amp; Functional: Available in 9 vibrant colors,&hellip;","jetpack_sharing_enabled":true,"_links":{"self":[{"href":"https:\/\/www.ringsknife.com\/de\/wp-json\/wp\/v2\/product\/5531","targetHints":{"allow":["GET"]}}],"collection":[{"href":"https:\/\/www.ringsknife.com\/de\/wp-json\/wp\/v2\/product"}],"about":[{"href":"https:\/\/www.ringsknife.com\/de\/wp-json\/wp\/v2\/types\/product"}],"replies":[{"embeddable":true,"href":"https:\/\/www.ringsknife.com\/de\/wp-json\/wp\/v2\/comments?post=5531"}],"version-history":[{"count":0,"href":"https:\/\/www.ringsknife.com\/de\/wp-json\/wp\/v2\/product\/5531\/revisions"}],"wp:featuredmedia":[{"embeddable":true,"href":"https:\/\/www.ringsknife.com\/de\/wp-json\/wp\/v2\/media\/5549"}],"wp:attachment":[{"href":"https:\/\/www.ringsknife.com\/de\/wp-json\/wp\/v2\/media?parent=5531"}],"wp:term":[{"taxonomy":"product_brand","embeddable":true,"href":"https:\/\/www.ringsknife.com\/de\/wp-json\/wp\/v2\/product_brand?post=5531"},{"taxonomy":"product_cat","embeddable":true,"href":"https:\/\/www.ringsknife.com\/de\/wp-json\/wp\/v2\/product_cat?post=5531"},{"taxonomy":"product_tag","embeddable":true,"href":"https:\/\/www.ringsknife.com\/de\/wp-json\/wp\/v2\/product_tag?post=5531"}],"curies":[{"name":"wp","href":"https:\/\/api.w.org\/{rel}","templated":true}]}}