
{"id":5444,"date":"2025-01-08T15:17:13","date_gmt":"2025-01-08T07:17:13","guid":{"rendered":"https:\/\/www.ringsknife.com\/?post_type=product&#038;p=5444"},"modified":"2025-06-05T18:03:16","modified_gmt":"2025-06-05T10:03:16","slug":"fox-ears-self-defense-keychain","status":"publish","type":"product","link":"https:\/\/www.ringsknife.com\/de\/produkt\/fuchs-ohren-selbstverteidigung-schlusselbund\/","title":{"rendered":"Fuchsohren Selbstverteidigung Schl\u00fcsselanh\u00e4nger"},"content":{"rendered":"<h2><strong>Fox Ears Selbstverteidigung Schl\u00fcsselanh\u00e4nger - eine stilvolle Sicherheit unerl\u00e4sslich<\/strong><\/h2>\n<p>Der Fox Ears Self Defense Keychain ist die perfekte Mischung aus Sicherheit und Stil. Er ist aus robustem Stahl gefertigt und garantiert Langlebigkeit, w\u00e4hrend er gleichzeitig ein schlankes Fuchsohr-Design bietet. Dieser Schl\u00fcsselanh\u00e4nger ist nicht nur ein niedliches Accessoire, sondern auch ein funktionelles Selbstverteidigungswerkzeug, das sich nahtlos in Ihren Alltag einf\u00fcgt. Egal, ob du nachts nach Hause gehst oder dich durch belebte Stra\u00dfen bewegst, der Fox Ears Self Defense Keychain bietet dir im Notfall zus\u00e4tzliche Sicherheit.<\/p>\n<h3>Eigenschaften<\/h3>\n<ul>\n<li><strong>Material:<\/strong> Hergestellt aus hochwertigem, widerstandsf\u00e4higem Stahlmetall f\u00fcr maximale Haltbarkeit.<\/li>\n<li><strong>Entwurf:<\/strong> Einzigartige Fuchsohrenform f\u00fcr ein lustiges und funktionelles Selbstverteidigungswerkzeug.<\/li>\n<li><strong>Lebendige Farben:<\/strong> Erh\u00e4ltlich in 14 auff\u00e4lligen, leuchtenden Farben, die zu Ihrem pers\u00f6nlichen Stil passen.<\/li>\n<li><strong>Leichtes Gewicht:<\/strong> Wiegt nur 0,1 Pfund, leicht zu tragen mit Ihren Schl\u00fcsseln.<\/li>\n<li><strong>Bequem:<\/strong> Kompakt und diskret, ideal f\u00fcr das t\u00e4gliche Tragen.<\/li>\n<\/ul>\n<h3>Abmessungen<\/h3>\n<ul>\n<li><strong>Breite:<\/strong> 3,8 Zoll (9,7 cm)<\/li>\n<li><strong>L\u00e4nge:<\/strong> 5,5 Zoll (14 cm)<\/li>\n<li><strong>H\u00f6he:<\/strong> 0,2 Zoll (0,5 cm)<\/li>\n<li><strong>Gewicht:<\/strong> 0,1 Pfund (45 g)<\/li>\n<\/ul>\n<h3>Wie zu verwenden<\/h3>\n<p>Um den Fuchsohren-Schl\u00fcsselanh\u00e4nger zur Selbstverteidigung zu verwenden, halten Sie ihn einfach an den Fuchsohren fest, und Sie k\u00f6nnen ihn leicht als Verteidigungswerkzeug in der Hand halten. Bei Bedarf k\u00f6nnen Sie die scharfen Kanten des Metall-Schl\u00fcsselanh\u00e4ngers nutzen, um sich in Notsituationen zu sch\u00fctzen. Bewahren Sie ihn f\u00fcr den t\u00e4glichen Gebrauch an Ihrem Schl\u00fcsselbund auf, damit Sie immer vorbereitet sind, egal wo Sie hingehen.<\/p>","protected":false},"excerpt":{"rendered":"<ul>\n<li><strong>Schlank und funktionell:<\/strong> Der Fox Ears Self Defense Keychain kombiniert ein einzigartiges Fuchsohr-Design mit einem robusten Selbstverteidigungswerkzeug, das Ihnen sowohl Stil als auch Sicherheit bietet.<\/li>\n<li><strong>Langlebiges Material:<\/strong> Dieser aus robustem Stahl gefertigte Schl\u00fcsselanh\u00e4nger bietet einen starken, zuverl\u00e4ssigen Schutz, wenn Sie ihn am meisten brauchen.<\/li>\n<li><strong>Kompakt und tragbar:<\/strong> Mit einem Gewicht von nur 0,1 Pfund ist er klein genug, um problemlos in Ihre Tasche zu passen.<\/li>\n<li><strong>Farbenvielfalt:<\/strong> W\u00e4hlen Sie aus 14 leuchtenden Farben, mit denen Sie sich selbst ausdr\u00fccken k\u00f6nnen und gleichzeitig sicher sind. Perfekt f\u00fcr jede Pers\u00f6nlichkeit!<\/li>\n<li><strong>Einfach zu bedienen:<\/strong> Bewahren Sie ihn an Ihrem Schl\u00fcsselbund auf, damit Sie sich bei Bedarf mit einem schnellen, sicheren Griff verteidigen k\u00f6nnen.<\/li>\n<\/ul>","protected":false},"featured_media":5487,"comment_status":"open","ping_status":"closed","template":"","meta":{"_uag_custom_page_level_css":"","site-sidebar-layout":"default","site-content-layout":"","ast-site-content-layout":"default","site-content-style":"default","site-sidebar-style":"default","ast-global-header-display":"","ast-banner-title-visibility":"","ast-main-header-display":"","ast-hfb-above-header-display":"","ast-hfb-below-header-display":"","ast-hfb-mobile-header-display":"","site-post-title":"","ast-breadcrumbs-content":"","ast-featured-img":"","footer-sml-layout":"","ast-disable-related-posts":"","theme-transparent-header-meta":"default","adv-header-id-meta":"","stick-header-meta":"default","header-above-stick-meta":"","header-main-stick-meta":"","header-below-stick-meta":"","astra-migrate-meta-layouts":"set","ast-page-background-enabled":"default","ast-page-background-meta":{"desktop":{"background-color":"","background-image":"","background-repeat":"repeat","background-position":"center center","background-size":"auto","background-attachment":"scroll","background-type":"","background-media":"","overlay-type":"","overlay-color":"","overlay-opacity":"","overlay-gradient":""},"tablet":{"background-color":"","background-image":"","background-repeat":"repeat","background-position":"center center","background-size":"auto","background-attachment":"scroll","background-type":"","background-media":"","overlay-type":"","overlay-color":"","overlay-opacity":"","overlay-gradient":""},"mobile":{"background-color":"","background-image":"","background-repeat":"repeat","background-position":"center center","background-size":"auto","background-attachment":"scroll","background-type":"","background-media":"","overlay-type":"","overlay-color":"","overlay-opacity":"","overlay-gradient":""}},"ast-content-background-meta":{"desktop":{"background-color":"var(--ast-global-color-5)","background-image":"","background-repeat":"repeat","background-position":"center center","background-size":"auto","background-attachment":"scroll","background-type":"","background-media":"","overlay-type":"","overlay-color":"","overlay-opacity":"","overlay-gradient":""},"tablet":{"background-color":"var(--ast-global-color-5)","background-image":"","background-repeat":"repeat","background-position":"center center","background-size":"auto","background-attachment":"scroll","background-type":"","background-media":"","overlay-type":"","overlay-color":"","overlay-opacity":"","overlay-gradient":""},"mobile":{"background-color":"var(--ast-global-color-5)","background-image":"","background-repeat":"repeat","background-position":"center center","background-size":"auto","background-attachment":"scroll","background-type":"","background-media":"","overlay-type":"","overlay-color":"","overlay-opacity":"","overlay-gradient":""}}},"product_brand":[],"product_cat":[178],"product_tag":[],"class_list":{"0":"post-5444","1":"product","2":"type-product","3":"status-publish","4":"has-post-thumbnail","6":"product_cat-cat-self-defense-keychains-kitty-knuckles","7":"desktop-align-left","8":"tablet-align-left","9":"mobile-align-left","10":"ast-product-gallery-layout-first-image-large","11":"ast-magnify-disabled","12":"ast-product-single-variable","13":"ast-product-tabs-layout-distributed","15":"first","16":"instock","17":"sale","18":"featured","19":"shipping-taxable","20":"purchasable","21":"product-type-variable","22":"has-default-attributes"},"uagb_featured_image_src":{"full":["https:\/\/www.ringsknife.com\/wp-content\/uploads\/2025\/01\/Fox-Ears-Self-Defense-Keychain-30.jpg",1417,1417,false],"thumbnail":["https:\/\/www.ringsknife.com\/wp-content\/uploads\/2025\/01\/Fox-Ears-Self-Defense-Keychain-30-150x150.jpg",150,150,true],"medium":["https:\/\/www.ringsknife.com\/wp-content\/uploads\/2025\/01\/Fox-Ears-Self-Defense-Keychain-30-300x300.jpg",300,300,true],"medium_large":["https:\/\/www.ringsknife.com\/wp-content\/uploads\/2025\/01\/Fox-Ears-Self-Defense-Keychain-30-768x768.jpg",768,768,true],"large":["https:\/\/www.ringsknife.com\/wp-content\/uploads\/2025\/01\/Fox-Ears-Self-Defense-Keychain-30-1024x1024.jpg",1024,1024,true],"1536x1536":["https:\/\/www.ringsknife.com\/wp-content\/uploads\/2025\/01\/Fox-Ears-Self-Defense-Keychain-30.jpg",1417,1417,false],"2048x2048":["https:\/\/www.ringsknife.com\/wp-content\/uploads\/2025\/01\/Fox-Ears-Self-Defense-Keychain-30.jpg",1417,1417,false],"trp-custom-language-flag":["https:\/\/www.ringsknife.com\/wp-content\/uploads\/2025\/01\/Fox-Ears-Self-Defense-Keychain-30.jpg",12,12,false],"woocommerce_thumbnail":["https:\/\/www.ringsknife.com\/wp-content\/uploads\/2025\/01\/Fox-Ears-Self-Defense-Keychain-30-800x800.jpg",800,800,true],"woocommerce_single":["https:\/\/www.ringsknife.com\/wp-content\/uploads\/2025\/01\/Fox-Ears-Self-Defense-Keychain-30-800x800.jpg",800,800,true],"woocommerce_gallery_thumbnail":["https:\/\/www.ringsknife.com\/wp-content\/uploads\/2025\/01\/Fox-Ears-Self-Defense-Keychain-30-100x100.jpg",100,100,true]},"uagb_author_info":{"display_name":"ringsknife.com","author_link":"https:\/\/www.ringsknife.com\/de\/author\/"},"uagb_comment_info":8,"uagb_excerpt":"Sleek &amp; Functional: The Fox Ears Self Defense Keychain combines a unique fox ear design with a sturdy self-defense tool, giving you both style and safety. Durable Material: Crafted from tough steel metal, this keychain offers a strong, reliable defense when you need it most. Compact &amp; Portable: Weighing just 0.1 pounds, it\u2019s small enough&hellip;","jetpack_sharing_enabled":true,"_links":{"self":[{"href":"https:\/\/www.ringsknife.com\/de\/wp-json\/wp\/v2\/product\/5444","targetHints":{"allow":["GET"]}}],"collection":[{"href":"https:\/\/www.ringsknife.com\/de\/wp-json\/wp\/v2\/product"}],"about":[{"href":"https:\/\/www.ringsknife.com\/de\/wp-json\/wp\/v2\/types\/product"}],"replies":[{"embeddable":true,"href":"https:\/\/www.ringsknife.com\/de\/wp-json\/wp\/v2\/comments?post=5444"}],"version-history":[{"count":0,"href":"https:\/\/www.ringsknife.com\/de\/wp-json\/wp\/v2\/product\/5444\/revisions"}],"wp:featuredmedia":[{"embeddable":true,"href":"https:\/\/www.ringsknife.com\/de\/wp-json\/wp\/v2\/media\/5487"}],"wp:attachment":[{"href":"https:\/\/www.ringsknife.com\/de\/wp-json\/wp\/v2\/media?parent=5444"}],"wp:term":[{"taxonomy":"product_brand","embeddable":true,"href":"https:\/\/www.ringsknife.com\/de\/wp-json\/wp\/v2\/product_brand?post=5444"},{"taxonomy":"product_cat","embeddable":true,"href":"https:\/\/www.ringsknife.com\/de\/wp-json\/wp\/v2\/product_cat?post=5444"},{"taxonomy":"product_tag","embeddable":true,"href":"https:\/\/www.ringsknife.com\/de\/wp-json\/wp\/v2\/product_tag?post=5444"}],"curies":[{"name":"wp","href":"https:\/\/api.w.org\/{rel}","templated":true}]}}