
{"id":5352,"date":"2025-01-02T11:17:32","date_gmt":"2025-01-02T03:17:32","guid":{"rendered":"https:\/\/www.ringsknife.com\/?post_type=product&#038;p=5352"},"modified":"2025-06-03T17:21:22","modified_gmt":"2025-06-03T09:21:22","slug":"kubaton-self-defense","status":"publish","type":"product","link":"https:\/\/www.ringsknife.com\/de\/produkt\/kubaton-selbstverteidigung\/","title":{"rendered":"Bling Kubaton Selbstverteidigung Schl\u00fcsselanh\u00e4nger"},"content":{"rendered":"<h2>Produkteinf\u00fchrung f\u00fcr Bling Kubaton Selbstverteidigungsschl\u00fcsselanh\u00e4nger<\/h2>\n<h3><\/h3>\n<p>Die <strong>Bling Kubaton Selbstverteidigung Schl\u00fcsselanh\u00e4nger<\/strong> kombiniert Stil und Sicherheit in einem kompakten Design. Dieses Selbstverteidigungswerkzeug aus haltbarem, robustem Stahl ist perfekt f\u00fcr alle, die ein zuverl\u00e4ssiges, tragbares Schutzmittel suchen. Mit neun leuchtenden Regenbogenfarben zur Auswahl ist es nicht nur ein Accessoire - es ist ein pers\u00f6nliches Sicherheitsger\u00e4t, das Sie \u00fcberallhin mitnehmen k\u00f6nnen.<\/p>\n<h3><strong>Eigenschaften<\/strong><\/h3>\n<ul>\n<li><strong>Langlebiges Material<\/strong>: Hergestellt aus robustem Stahlmetall f\u00fcr dauerhafte Stabilit\u00e4t.<\/li>\n<li><strong>Kompakte Bauweise<\/strong>: Leicht und einfach an Ihrem Schl\u00fcsselbund zu tragen.<\/li>\n<li><strong>Farbenvielfalt<\/strong>: Erh\u00e4ltlich in 9 leuchtenden Regenbogenfarben, passend zu Ihrem Stil.<\/li>\n<li><strong>Werkzeug zur Selbstverteidigung<\/strong>: Mit seinem spitzen Design gibt er Ihnen in jeder Situation ein sicheres Gef\u00fchl.<\/li>\n<li><strong>Perfekt f\u00fcr Frauen<\/strong>: Ideal f\u00fcr allein reisende Frauen, Joggerinnen und f\u00fcr den t\u00e4glichen Gebrauch.<\/li>\n<\/ul>\n<h3><strong>Abmessungen<\/strong><\/h3>\n<ul>\n<li><strong>L\u00e4nge<\/strong>: 5,3 Zoll (13,5 cm)<\/li>\n<li><strong>Breite<\/strong>: 1 Zoll (2,5 cm)<\/li>\n<li><strong>Gewicht<\/strong>: Leichtes Gewicht f\u00fcr einfaches Tragen, ohne sich sperrig anzuf\u00fchlen.<\/li>\n<\/ul>\n<h3><strong>Wie zu verwenden<\/strong><\/h3>\n<p>Zur Verwendung des <strong>Bling Kubaton Selbstverteidigung Schl\u00fcsselanh\u00e4nger<\/strong>Halten Sie den Schl\u00fcsselbund einfach in der Faust, wobei das spitze Ende zwischen den Fingern herausragt. Im Falle einer Gefahr k\u00f6nnen Sie sich mit dem scharfen Ende verteidigen, indem Sie den Angreifer an verletzlichen Stellen treffen. Bewahren Sie es immer griffbereit an Ihrem Schl\u00fcsselbund auf, um bei Bedarf schnell eingreifen zu k\u00f6nnen.<\/p>","protected":false},"excerpt":{"rendered":"<ul>\n<li><strong>Stilvoll und stark<\/strong>: Die <strong>Bling Kubaton Selbstverteidigung Schl\u00fcsselanh\u00e4nger<\/strong> ist eine Mischung aus Mode und Funktion. Aus robustem Stahl gefertigt, ist es ein langlebiges, zuverl\u00e4ssiges Verteidigungswerkzeug, das keine Abstriche beim Stil macht. Mit 9 leuchtenden Regenbogenfarben ist es ein Accessoire, das Ihre Pers\u00f6nlichkeit widerspiegelt und gleichzeitig Ihre Sicherheit gew\u00e4hrleistet.<\/li>\n<li><strong>Leicht zu transportieren<\/strong>: Dieser kompakte und leichte Schl\u00fcsselanh\u00e4nger zur Selbstverteidigung f\u00fcgt sich nahtlos in Ihre t\u00e4gliche Routine ein. Er l\u00e4sst sich leicht an Ihrem Schl\u00fcsselbund befestigen, sodass Sie im Notfall schnell darauf zugreifen k\u00f6nnen.<\/li>\n<li><strong>Zuverl\u00e4ssiger Schutz<\/strong>: F\u00fchlen Sie sich sicher, dass Sie ein praktisches und effektives Werkzeug zur Selbstverteidigung zur Hand haben. Das scharfe, spitze Ende ist f\u00fcr den Schutz konzipiert, so dass es eine ideale Wahl f\u00fcr Frauen unterwegs ist.<\/li>\n<\/ul>","protected":false},"featured_media":5361,"comment_status":"open","ping_status":"closed","template":"","meta":{"_uag_custom_page_level_css":"","site-sidebar-layout":"default","site-content-layout":"","ast-site-content-layout":"default","site-content-style":"default","site-sidebar-style":"default","ast-global-header-display":"","ast-banner-title-visibility":"","ast-main-header-display":"","ast-hfb-above-header-display":"","ast-hfb-below-header-display":"","ast-hfb-mobile-header-display":"","site-post-title":"","ast-breadcrumbs-content":"","ast-featured-img":"","footer-sml-layout":"","ast-disable-related-posts":"","theme-transparent-header-meta":"default","adv-header-id-meta":"","stick-header-meta":"default","header-above-stick-meta":"","header-main-stick-meta":"","header-below-stick-meta":"","astra-migrate-meta-layouts":"set","ast-page-background-enabled":"default","ast-page-background-meta":{"desktop":{"background-color":"","background-image":"","background-repeat":"repeat","background-position":"center center","background-size":"auto","background-attachment":"scroll","background-type":"","background-media":"","overlay-type":"","overlay-color":"","overlay-opacity":"","overlay-gradient":""},"tablet":{"background-color":"","background-image":"","background-repeat":"repeat","background-position":"center center","background-size":"auto","background-attachment":"scroll","background-type":"","background-media":"","overlay-type":"","overlay-color":"","overlay-opacity":"","overlay-gradient":""},"mobile":{"background-color":"","background-image":"","background-repeat":"repeat","background-position":"center center","background-size":"auto","background-attachment":"scroll","background-type":"","background-media":"","overlay-type":"","overlay-color":"","overlay-opacity":"","overlay-gradient":""}},"ast-content-background-meta":{"desktop":{"background-color":"var(--ast-global-color-5)","background-image":"","background-repeat":"repeat","background-position":"center center","background-size":"auto","background-attachment":"scroll","background-type":"","background-media":"","overlay-type":"","overlay-color":"","overlay-opacity":"","overlay-gradient":""},"tablet":{"background-color":"var(--ast-global-color-5)","background-image":"","background-repeat":"repeat","background-position":"center center","background-size":"auto","background-attachment":"scroll","background-type":"","background-media":"","overlay-type":"","overlay-color":"","overlay-opacity":"","overlay-gradient":""},"mobile":{"background-color":"var(--ast-global-color-5)","background-image":"","background-repeat":"repeat","background-position":"center center","background-size":"auto","background-attachment":"scroll","background-type":"","background-media":"","overlay-type":"","overlay-color":"","overlay-opacity":"","overlay-gradient":""}}},"product_brand":[],"product_cat":[168],"product_tag":[],"class_list":{"0":"post-5352","1":"product","2":"type-product","3":"status-publish","4":"has-post-thumbnail","6":"product_cat-kubaton-kubotan-self-defense-keychains","7":"desktop-align-left","8":"tablet-align-left","9":"mobile-align-left","10":"ast-product-gallery-layout-first-image-large","11":"ast-magnify-disabled","12":"ast-product-single-variable","13":"ast-product-tabs-layout-distributed","15":"first","16":"instock","17":"sale","18":"featured","19":"shipping-taxable","20":"purchasable","21":"product-type-variable","22":"has-default-attributes"},"uagb_featured_image_src":{"full":["https:\/\/www.ringsknife.com\/wp-content\/uploads\/2025\/01\/Bling-Kubaton-Self-Defense-Keychain-1.jpg",800,800,false],"thumbnail":["https:\/\/www.ringsknife.com\/wp-content\/uploads\/2025\/01\/Bling-Kubaton-Self-Defense-Keychain-1-150x150.jpg",150,150,true],"medium":["https:\/\/www.ringsknife.com\/wp-content\/uploads\/2025\/01\/Bling-Kubaton-Self-Defense-Keychain-1-300x300.jpg",300,300,true],"medium_large":["https:\/\/www.ringsknife.com\/wp-content\/uploads\/2025\/01\/Bling-Kubaton-Self-Defense-Keychain-1-768x768.jpg",768,768,true],"large":["https:\/\/www.ringsknife.com\/wp-content\/uploads\/2025\/01\/Bling-Kubaton-Self-Defense-Keychain-1.jpg",800,800,false],"1536x1536":["https:\/\/www.ringsknife.com\/wp-content\/uploads\/2025\/01\/Bling-Kubaton-Self-Defense-Keychain-1.jpg",800,800,false],"2048x2048":["https:\/\/www.ringsknife.com\/wp-content\/uploads\/2025\/01\/Bling-Kubaton-Self-Defense-Keychain-1.jpg",800,800,false],"trp-custom-language-flag":["https:\/\/www.ringsknife.com\/wp-content\/uploads\/2025\/01\/Bling-Kubaton-Self-Defense-Keychain-1.jpg",12,12,false],"woocommerce_thumbnail":["https:\/\/www.ringsknife.com\/wp-content\/uploads\/2025\/01\/Bling-Kubaton-Self-Defense-Keychain-1.jpg",800,800,false],"woocommerce_single":["https:\/\/www.ringsknife.com\/wp-content\/uploads\/2025\/01\/Bling-Kubaton-Self-Defense-Keychain-1.jpg",800,800,false],"woocommerce_gallery_thumbnail":["https:\/\/www.ringsknife.com\/wp-content\/uploads\/2025\/01\/Bling-Kubaton-Self-Defense-Keychain-1-100x100.jpg",100,100,true]},"uagb_author_info":{"display_name":"ringsknife.com","author_link":"https:\/\/www.ringsknife.com\/de\/author\/"},"uagb_comment_info":47,"uagb_excerpt":"Stylish &amp; Strong: The Bling Kubaton Self Defense Keychain is a blend of fashion and function. Made from tough steel metal, it\u2019s a durable, reliable defense tool that doesn\u2019t sacrifice style. With 9 vibrant rainbow colors, it\u2019s an accessory that reflects your personality while ensuring your safety. Easy to Carry: Compact and lightweight, this self-defense&hellip;","jetpack_sharing_enabled":true,"_links":{"self":[{"href":"https:\/\/www.ringsknife.com\/de\/wp-json\/wp\/v2\/product\/5352","targetHints":{"allow":["GET"]}}],"collection":[{"href":"https:\/\/www.ringsknife.com\/de\/wp-json\/wp\/v2\/product"}],"about":[{"href":"https:\/\/www.ringsknife.com\/de\/wp-json\/wp\/v2\/types\/product"}],"replies":[{"embeddable":true,"href":"https:\/\/www.ringsknife.com\/de\/wp-json\/wp\/v2\/comments?post=5352"}],"version-history":[{"count":0,"href":"https:\/\/www.ringsknife.com\/de\/wp-json\/wp\/v2\/product\/5352\/revisions"}],"wp:featuredmedia":[{"embeddable":true,"href":"https:\/\/www.ringsknife.com\/de\/wp-json\/wp\/v2\/media\/5361"}],"wp:attachment":[{"href":"https:\/\/www.ringsknife.com\/de\/wp-json\/wp\/v2\/media?parent=5352"}],"wp:term":[{"taxonomy":"product_brand","embeddable":true,"href":"https:\/\/www.ringsknife.com\/de\/wp-json\/wp\/v2\/product_brand?post=5352"},{"taxonomy":"product_cat","embeddable":true,"href":"https:\/\/www.ringsknife.com\/de\/wp-json\/wp\/v2\/product_cat?post=5352"},{"taxonomy":"product_tag","embeddable":true,"href":"https:\/\/www.ringsknife.com\/de\/wp-json\/wp\/v2\/product_tag?post=5352"}],"curies":[{"name":"wp","href":"https:\/\/api.w.org\/{rel}","templated":true}]}}