
{"id":5288,"date":"2024-12-25T15:38:33","date_gmt":"2024-12-25T07:38:33","guid":{"rendered":"https:\/\/www.ringsknife.com\/?post_type=product&#038;p=5288"},"modified":"2025-06-01T08:06:05","modified_gmt":"2025-06-01T00:06:05","slug":"kubaton-keychain","status":"publish","type":"product","link":"https:\/\/www.ringsknife.com\/de\/produkt\/kubaton-schlusselanhanger\/","title":{"rendered":"Polierte spitze Selbstverteidigung Kubaton Schl\u00fcsselanh\u00e4nger"},"content":{"rendered":"<h2>Produkteinf\u00fchrung f\u00fcr <strong>Polierte spitze Selbstverteidigung Kubaton Schl\u00fcsselanh\u00e4nger<\/strong><\/h2>\n<p>&nbsp;<\/p>\n<h3>Beschreibung<\/h3>\n<p>Die <strong>Polierte spitze Selbstverteidigung Kubaton Schl\u00fcsselanh\u00e4nger<\/strong> ist ein elegantes und praktisches Werkzeug f\u00fcr die pers\u00f6nliche Sicherheit. Dieser Selbstverteidigungs-Schl\u00fcsselanh\u00e4nger ist aus haltbarem, widerstandsf\u00e4higem Stahl gefertigt, um St\u00f6\u00dfen standzuhalten und bei der Benutzung einen festen Griff zu bieten. Sein spitzes Design macht ihn zu einem hocheffektiven Selbstverteidigungswerkzeug, w\u00e4hrend seine kompakte Gr\u00f6\u00dfe die Bequemlichkeit des t\u00e4glichen Tragens gew\u00e4hrleistet. Dieser kubaton-Schl\u00fcsselanh\u00e4nger ist in 8 leuchtenden Regenbogenfarben erh\u00e4ltlich und verbindet Funktionalit\u00e4t mit Stil.<\/p>\n<h3>Eigenschaften<\/h3>\n<ul>\n<li><strong>Material<\/strong>: Robustes Stahlmetall f\u00fcr Langlebigkeit und St\u00e4rke.<\/li>\n<li><strong>Farboptionen<\/strong>: Erh\u00e4ltlich in 8 leuchtenden Regenbogenfarben, die zu Ihrem Stil passen.<\/li>\n<li><strong>Tragbarkeit<\/strong>: Das kompakte Design macht es einfach, als Schl\u00fcsselanh\u00e4nger zu tragen.<\/li>\n<li><strong>Werkzeug zur Selbstverteidigung<\/strong>: Die spitze Spitze bietet eine starke Verteidigung in Notf\u00e4llen.<\/li>\n<li><strong>Vielseitig<\/strong>: Kann verwendet werden, um in Notf\u00e4llen Glas zu zerbrechen oder sich vor Angreifern zu sch\u00fctzen.<\/li>\n<\/ul>\n<h3>Abmessungen<\/h3>\n<ul>\n<li><strong>L\u00e4nge<\/strong>: 13,5 cm (5,31 Zoll)<\/li>\n<li><strong>Breite<\/strong>: 2,5 cm (0,98 Zoll)<\/li>\n<li><strong>Gewicht<\/strong>: Leicht und einfach am Schl\u00fcsselbund zu tragen, ohne sperrig zu wirken.<\/li>\n<\/ul>\n<h4>Wie zu verwenden<\/h4>\n<ol>\n<li>Halten Sie den Kubaton an seinem zylindrischen K\u00f6rper, wobei das spitze Ende nach vorne zeigt.<\/li>\n<li>Im Notfall k\u00f6nnen Sie mit dem spitzen Ende auf die Druckpunkte oder empfindlichen Stellen des Angreifers einschlagen.<\/li>\n<li>In Notf\u00e4llen, z. B. bei einem Autounfall, k\u00f6nnen Sie mit dem kubaton auch Fensterscheiben einschlagen.<\/li>\n<li>Befestigen Sie den kubaton einfach an Ihrem Schl\u00fcsselbund, um ihn schnell zur Hand zu haben.<\/li>\n<\/ol>","protected":false},"excerpt":{"rendered":"<ul>\n<li><strong>Langlebigkeit und St\u00e4rke<\/strong>: Der aus robustem Stahl gefertigte <strong>Polierte spitze Selbstverteidigung Kubaton Schl\u00fcsselanh\u00e4nger<\/strong> ist langlebig und h\u00e4lt dem Druck von Selbstverteidigungssituationen stand.<\/li>\n<li><strong>Stilvoll und lebendig<\/strong>: W\u00e4hlen Sie aus 8 auff\u00e4lligen Regenbogenfarben, die zu Ihrer Pers\u00f6nlichkeit passen. Dieser Schl\u00fcsselanh\u00e4nger ist ebenso stilvoll wie funktionell.<\/li>\n<li><strong>Kompakt und tragbar<\/strong>: Mit einer L\u00e4nge von 13,5 cm ist er klein genug, um in Ihre Tasche zu passen oder an Ihrem Schl\u00fcsselbund zu h\u00e4ngen, ohne Sie zu beschweren.<\/li>\n<li><strong>Wirksame Selbstverteidigung<\/strong>: Sein spitzes Ende macht ihn zu einem leistungsstarken Werkzeug f\u00fcr den pers\u00f6nlichen Schutz. Leicht zu tragen und schnell einsatzbereit, wenn Sie es am meisten brauchen.<\/li>\n<\/ul>","protected":false},"featured_media":5298,"comment_status":"open","ping_status":"closed","template":"","meta":{"_uag_custom_page_level_css":"","site-sidebar-layout":"default","site-content-layout":"","ast-site-content-layout":"default","site-content-style":"default","site-sidebar-style":"default","ast-global-header-display":"","ast-banner-title-visibility":"","ast-main-header-display":"","ast-hfb-above-header-display":"","ast-hfb-below-header-display":"","ast-hfb-mobile-header-display":"","site-post-title":"","ast-breadcrumbs-content":"","ast-featured-img":"","footer-sml-layout":"","ast-disable-related-posts":"","theme-transparent-header-meta":"default","adv-header-id-meta":"","stick-header-meta":"default","header-above-stick-meta":"","header-main-stick-meta":"","header-below-stick-meta":"","astra-migrate-meta-layouts":"set","ast-page-background-enabled":"default","ast-page-background-meta":{"desktop":{"background-color":"","background-image":"","background-repeat":"repeat","background-position":"center center","background-size":"auto","background-attachment":"scroll","background-type":"","background-media":"","overlay-type":"","overlay-color":"","overlay-opacity":"","overlay-gradient":""},"tablet":{"background-color":"","background-image":"","background-repeat":"repeat","background-position":"center center","background-size":"auto","background-attachment":"scroll","background-type":"","background-media":"","overlay-type":"","overlay-color":"","overlay-opacity":"","overlay-gradient":""},"mobile":{"background-color":"","background-image":"","background-repeat":"repeat","background-position":"center center","background-size":"auto","background-attachment":"scroll","background-type":"","background-media":"","overlay-type":"","overlay-color":"","overlay-opacity":"","overlay-gradient":""}},"ast-content-background-meta":{"desktop":{"background-color":"var(--ast-global-color-5)","background-image":"","background-repeat":"repeat","background-position":"center center","background-size":"auto","background-attachment":"scroll","background-type":"","background-media":"","overlay-type":"","overlay-color":"","overlay-opacity":"","overlay-gradient":""},"tablet":{"background-color":"var(--ast-global-color-5)","background-image":"","background-repeat":"repeat","background-position":"center center","background-size":"auto","background-attachment":"scroll","background-type":"","background-media":"","overlay-type":"","overlay-color":"","overlay-opacity":"","overlay-gradient":""},"mobile":{"background-color":"var(--ast-global-color-5)","background-image":"","background-repeat":"repeat","background-position":"center center","background-size":"auto","background-attachment":"scroll","background-type":"","background-media":"","overlay-type":"","overlay-color":"","overlay-opacity":"","overlay-gradient":""}}},"product_brand":[],"product_cat":[168],"product_tag":[],"class_list":{"0":"post-5288","1":"product","2":"type-product","3":"status-publish","4":"has-post-thumbnail","6":"product_cat-kubaton-kubotan-self-defense-keychains","7":"desktop-align-left","8":"tablet-align-left","9":"mobile-align-left","10":"ast-product-gallery-layout-first-image-large","11":"ast-magnify-disabled","12":"ast-product-single-variable","13":"ast-product-tabs-layout-distributed","15":"first","16":"instock","17":"sale","18":"featured","19":"shipping-taxable","20":"purchasable","21":"product-type-variable","22":"has-default-attributes"},"uagb_featured_image_src":{"full":["https:\/\/www.ringsknife.com\/wp-content\/uploads\/2024\/12\/Polished-Pointed-Self-Defense-Kubaton-Keychain-3.jpg",800,800,false],"thumbnail":["https:\/\/www.ringsknife.com\/wp-content\/uploads\/2024\/12\/Polished-Pointed-Self-Defense-Kubaton-Keychain-3-150x150.jpg",150,150,true],"medium":["https:\/\/www.ringsknife.com\/wp-content\/uploads\/2024\/12\/Polished-Pointed-Self-Defense-Kubaton-Keychain-3-300x300.jpg",300,300,true],"medium_large":["https:\/\/www.ringsknife.com\/wp-content\/uploads\/2024\/12\/Polished-Pointed-Self-Defense-Kubaton-Keychain-3-768x768.jpg",768,768,true],"large":["https:\/\/www.ringsknife.com\/wp-content\/uploads\/2024\/12\/Polished-Pointed-Self-Defense-Kubaton-Keychain-3.jpg",800,800,false],"1536x1536":["https:\/\/www.ringsknife.com\/wp-content\/uploads\/2024\/12\/Polished-Pointed-Self-Defense-Kubaton-Keychain-3.jpg",800,800,false],"2048x2048":["https:\/\/www.ringsknife.com\/wp-content\/uploads\/2024\/12\/Polished-Pointed-Self-Defense-Kubaton-Keychain-3.jpg",800,800,false],"trp-custom-language-flag":["https:\/\/www.ringsknife.com\/wp-content\/uploads\/2024\/12\/Polished-Pointed-Self-Defense-Kubaton-Keychain-3.jpg",12,12,false],"woocommerce_thumbnail":["https:\/\/www.ringsknife.com\/wp-content\/uploads\/2024\/12\/Polished-Pointed-Self-Defense-Kubaton-Keychain-3.jpg",800,800,false],"woocommerce_single":["https:\/\/www.ringsknife.com\/wp-content\/uploads\/2024\/12\/Polished-Pointed-Self-Defense-Kubaton-Keychain-3.jpg",800,800,false],"woocommerce_gallery_thumbnail":["https:\/\/www.ringsknife.com\/wp-content\/uploads\/2024\/12\/Polished-Pointed-Self-Defense-Kubaton-Keychain-3-100x100.jpg",100,100,true]},"uagb_author_info":{"display_name":"ringsknife.com","author_link":"https:\/\/www.ringsknife.com\/de\/author\/"},"uagb_comment_info":4,"uagb_excerpt":"Durability &amp; Strength: Crafted from tough steel metal, the Polished Pointed Self Defense Kubaton Keychain is built to last and withstand the pressure of self-defense situations. Stylish &amp; Vibrant: Choose from 8 eye-catching rainbow colors to match your personality. This keychain is as stylish as it is functional. Compact &amp; Portable: With a length of&hellip;","jetpack_sharing_enabled":true,"_links":{"self":[{"href":"https:\/\/www.ringsknife.com\/de\/wp-json\/wp\/v2\/product\/5288","targetHints":{"allow":["GET"]}}],"collection":[{"href":"https:\/\/www.ringsknife.com\/de\/wp-json\/wp\/v2\/product"}],"about":[{"href":"https:\/\/www.ringsknife.com\/de\/wp-json\/wp\/v2\/types\/product"}],"replies":[{"embeddable":true,"href":"https:\/\/www.ringsknife.com\/de\/wp-json\/wp\/v2\/comments?post=5288"}],"version-history":[{"count":0,"href":"https:\/\/www.ringsknife.com\/de\/wp-json\/wp\/v2\/product\/5288\/revisions"}],"wp:featuredmedia":[{"embeddable":true,"href":"https:\/\/www.ringsknife.com\/de\/wp-json\/wp\/v2\/media\/5298"}],"wp:attachment":[{"href":"https:\/\/www.ringsknife.com\/de\/wp-json\/wp\/v2\/media?parent=5288"}],"wp:term":[{"taxonomy":"product_brand","embeddable":true,"href":"https:\/\/www.ringsknife.com\/de\/wp-json\/wp\/v2\/product_brand?post=5288"},{"taxonomy":"product_cat","embeddable":true,"href":"https:\/\/www.ringsknife.com\/de\/wp-json\/wp\/v2\/product_cat?post=5288"},{"taxonomy":"product_tag","embeddable":true,"href":"https:\/\/www.ringsknife.com\/de\/wp-json\/wp\/v2\/product_tag?post=5288"}],"curies":[{"name":"wp","href":"https:\/\/api.w.org\/{rel}","templated":true}]}}