
{"id":5265,"date":"2024-12-19T12:06:49","date_gmt":"2024-12-19T04:06:49","guid":{"rendered":"https:\/\/www.ringsknife.com\/?post_type=product&#038;p=5265"},"modified":"2025-07-07T01:27:12","modified_gmt":"2025-07-06T17:27:12","slug":"self-defense-kit","status":"publish","type":"product","link":"https:\/\/www.ringsknife.com\/de\/produkt\/selbstverteidigungskit\/","title":{"rendered":"Prickelndes 14-teiliges Selbstverteidigungsset"},"content":{"rendered":"<h2>Willkommen in der Welt der Selbstverteidigungskits!<\/h2>\n<p>Dieses 14-teilige Set ist vollgepackt mit den effektivsten und am besten bewerteten Selbstverteidigungsprodukten und bietet Ihnen in jeder Situation sicheren Schutz.<\/p>\n<p>Es steht Ihnen frei, die Ausr\u00fcstung vor dem Verlassen des Hauses so zusammenzustellen, dass sie nur das enth\u00e4lt, was Sie f\u00fcr den Tag brauchen.<\/p>\n<ol>\n<li>Schl\u00fcsselanh\u00e4nger Herz Bling: Diese charmante Dekoration verleiht Ihren Schl\u00fcsseln einen Hauch von Funkeln und sorgt daf\u00fcr, dass Sie \u00fcberall hell erstrahlen.<\/li>\n<li>Tasche zur Kartenaufbewahrung: Mit ihrem eleganten Design ist diese Tasche perfekt f\u00fcr die Aufbewahrung Ihrer Karten und Ihres Bargelds geeignet, so dass Sie Ihre wichtigsten Utensilien geordnet und in Reichweite haben.<\/li>\n<li>Schl\u00fcsselband: Dieses Schl\u00fcsselband ist ein modisches Accessoire, mit dem Sie Ihre Schl\u00fcssel oder Ihren Ausweis immer griffbereit haben.<\/li>\n<li>Perlen: Verleihen Sie Ihrem Look einen Hauch von Eleganz mit diesem Perlen-Accessoire, einem rein dekorativen St\u00fcck, das jedes Outfit erg\u00e4nzt.<\/li>\n<li>Mini-Koffer: Diese kompakten Koffer eignen sich perfekt f\u00fcr die diskrete Aufbewahrung Ihrer wichtigsten Utensilien f\u00fcr unterwegs.<\/li>\n<li>Kartenetui: Dieses schlanke und elegante Kartenetui ist ideal f\u00fcr die Aufbewahrung Ihres Ausweises und Ihrer Kontaktinformationen f\u00fcr Notf\u00e4lle.<\/li>\n<li>Lippenstift-Eimer: Lassen Sie sich nicht von seinem niedlichen \u00c4u\u00dferen t\u00e4uschen; dieser Lippenstiftbeh\u00e4lter ist perfekt, um kleine Gegenst\u00e4nde griffbereit aufzubewahren.<\/li>\n<li>Leder-Ins-Anh\u00e4nger: Dieser modische Anh\u00e4nger ist mehr als nur ein Statement, denn er beherbergt ein Aufbewahrungsfach f\u00fcr Ihre kleinen Sch\u00e4tze.<\/li>\n<li>Parf\u00fcmflasche: Dieser bezaubernde Parf\u00fcmflakon ist so konzipiert, dass er Ihren Lieblingsduft enth\u00e4lt und einen Hauch von Luxus in Ihren Tag bringt.<\/li>\n<li>Medikamentenflasche: Bewahren Sie Ihre wichtigsten Medikamente in dieser diskreten Flasche auf, damit Sie sie immer zur Hand haben, wenn Sie sie brauchen.<\/li>\n<li>Kubaton: Dieser bew\u00e4hrte Verteidigungsstock ist kompakt, leicht, einfach zu handhaben und hat eine F\u00fclle von Verteidigungsm\u00f6glichkeiten. Kubatons werden von Strafverfolgungsbeh\u00f6rden auf der ganzen Welt aus gutem Grund verwendet.<\/li>\n<li>Ber\u00fchrungsloser T\u00fcr\u00f6ffner: \u00d6ffnen Sie Badezimmert\u00fcren, dr\u00fccken Sie Kn\u00f6pfe und ber\u00fchren Sie Bildschirme, ohne mit diesen stark beanspruchten kontaminierten Oberfl\u00e4chen in Ber\u00fchrung zu kommen. Das aus bakterienresistentem Edelstahl gefertigte und mit einer Stiftspitze versehene ber\u00fchrungslose Werkzeug ist der perfekte Weg, um bei der Interaktion mit der Welt sicher zu bleiben.<\/li>\n<li>Schl\u00fcsselschneider: Der Schl\u00fcsselschneider, der diskret wie ein Schl\u00fcsselwerkzeug aussieht, kann Ihnen in Situationen helfen, in denen Sie schnell an Ihre Schl\u00fcssel kommen oder eine Fessel durchschneiden m\u00fcssen.<\/li>\n<li>Handdesinfektionsmittel-Halter mit Flasche: Bleiben Sie sauber und keimfrei mit diesem praktischen Halter f\u00fcr Ihr Handdesinfektionsmittel.<\/li>\n<\/ol>\n<p>Dieses umfassende Selbstverteidigungsset enth\u00e4lt die besten Produkte, um Sie in Ihrem Alltag zu sch\u00fctzen. Sie k\u00f6nnen auch jedes Teil einzeln mit sich f\u00fchren oder es je nach Bedarf an verschiedenen Orten aufbewahren.<\/p>\n<p>Dank der stilvollen, einfarbigen Farbpalette m\u00fcssen Sie sich keine Gedanken mehr \u00fcber h\u00e4ssliche Selbstverteidigungswaffen machen oder den Stil f\u00fcr die Sicherheit opfern.<\/p>\n<p>Es gibt viele M\u00f6glichkeiten, Ihr Vollschutz-Selbstverteidigungsset zu tragen und aufzubewahren. Befestigen Sie es an Ihrem Hausschl\u00fcssel oder an der G\u00fcrtelschlaufe, lassen Sie es in Ihrer Tasche, damit Sie bequem darauf zugreifen k\u00f6nnen, oder legen Sie es in das Handschuhfach oder die Mittelkonsole Ihres Autos, damit Sie es immer zur Hand haben, wenn Sie au\u00dfer Haus sind.<\/p>\n<p>&nbsp;<\/p>\n<h2>Materialien:<\/h2>\n<p>Die Komponenten des Vollschutzsets sind aus Stahl, Aluminium und Hartplastik gefertigt und gew\u00e4hrleisten sowohl Stil als auch Haltbarkeit.<\/p>","protected":false},"excerpt":{"rendered":"<ol>\n<li>Diskreter und stilvoller Tragekomfort: Die Komponenten des Kits sind so gestaltet, dass sie wie allt\u00e4gliche Accessoires aussehen, so dass Sie wichtige Selbstverteidigungswerkzeuge unauff\u00e4llig bei sich tragen k\u00f6nnen.<\/li>\n<li>Modulares und anpassbares Tragen: Mit 14 verschiedenen Teilen k\u00f6nnen Sie Ihr Kit an Ihre spezifischen t\u00e4glichen Bed\u00fcrfnisse anpassen und sicherstellen, dass Sie nur das Notwendigste zum Schutz mitnehmen.<\/li>\n<li>Vielseitige Aufbewahrung zum Mitnehmen: Das Kit enth\u00e4lt eine Vielzahl von Aufbewahrungsl\u00f6sungen, die eine kompakte und bequeme Aufbewahrung f\u00fcr Ihre pers\u00f6nlichen Gegenst\u00e4nde erm\u00f6glichen.<\/li>\n<li>Langlebige Konstruktion f\u00fcr zuverl\u00e4ssiges Tragen: Das aus hochwertigen Materialien gefertigte Kit ist f\u00fcr eine lange Lebensdauer ausgelegt und bietet zuverl\u00e4ssigen Schutz und Sicherheit, wann immer Sie es tragen.<\/li>\n<li>\u00c4sthetisch und funktional: Die dekorativen Teile des Kits verleihen dem t\u00e4glichen Tragen einen Hauch von Eleganz, w\u00e4hrend die Selbstverteidigungswerkzeuge praktische Sicherheitsma\u00dfnahmen bieten, die sicherstellen, dass Sie sowohl Stil als auch Sicherheit tragen k\u00f6nnen.<\/li>\n<\/ol>","protected":false},"featured_media":5249,"comment_status":"open","ping_status":"closed","template":"","meta":{"_uag_custom_page_level_css":"","site-sidebar-layout":"default","site-content-layout":"","ast-site-content-layout":"default","site-content-style":"default","site-sidebar-style":"default","ast-global-header-display":"","ast-banner-title-visibility":"","ast-main-header-display":"","ast-hfb-above-header-display":"","ast-hfb-below-header-display":"","ast-hfb-mobile-header-display":"","site-post-title":"","ast-breadcrumbs-content":"","ast-featured-img":"","footer-sml-layout":"","ast-disable-related-posts":"","theme-transparent-header-meta":"default","adv-header-id-meta":"","stick-header-meta":"default","header-above-stick-meta":"","header-main-stick-meta":"","header-below-stick-meta":"","astra-migrate-meta-layouts":"set","ast-page-background-enabled":"default","ast-page-background-meta":{"desktop":{"background-color":"","background-image":"","background-repeat":"repeat","background-position":"center center","background-size":"auto","background-attachment":"scroll","background-type":"","background-media":"","overlay-type":"","overlay-color":"","overlay-opacity":"","overlay-gradient":""},"tablet":{"background-color":"","background-image":"","background-repeat":"repeat","background-position":"center center","background-size":"auto","background-attachment":"scroll","background-type":"","background-media":"","overlay-type":"","overlay-color":"","overlay-opacity":"","overlay-gradient":""},"mobile":{"background-color":"","background-image":"","background-repeat":"repeat","background-position":"center center","background-size":"auto","background-attachment":"scroll","background-type":"","background-media":"","overlay-type":"","overlay-color":"","overlay-opacity":"","overlay-gradient":""}},"ast-content-background-meta":{"desktop":{"background-color":"var(--ast-global-color-5)","background-image":"","background-repeat":"repeat","background-position":"center center","background-size":"auto","background-attachment":"scroll","background-type":"","background-media":"","overlay-type":"","overlay-color":"","overlay-opacity":"","overlay-gradient":""},"tablet":{"background-color":"var(--ast-global-color-5)","background-image":"","background-repeat":"repeat","background-position":"center center","background-size":"auto","background-attachment":"scroll","background-type":"","background-media":"","overlay-type":"","overlay-color":"","overlay-opacity":"","overlay-gradient":""},"mobile":{"background-color":"var(--ast-global-color-5)","background-image":"","background-repeat":"repeat","background-position":"center center","background-size":"auto","background-attachment":"scroll","background-type":"","background-media":"","overlay-type":"","overlay-color":"","overlay-opacity":"","overlay-gradient":""}}},"product_brand":[],"product_cat":[169,50],"product_tag":[167,166],"class_list":{"0":"post-5265","1":"product","2":"type-product","3":"status-publish","4":"has-post-thumbnail","6":"product_cat-self-defense-keychain-sets","7":"product_cat-self-defense-keychains","8":"product_tag-self-defense-keychain","9":"product_tag-self-defense-keychain-sets","10":"desktop-align-left","11":"tablet-align-left","12":"mobile-align-left","13":"ast-product-gallery-layout-first-image-large","14":"ast-magnify-disabled","15":"ast-product-single-variable","16":"ast-product-tabs-layout-distributed","18":"first","19":"instock","20":"sale","21":"featured","22":"shipping-taxable","23":"purchasable","24":"product-type-variable","25":"has-default-attributes"},"uagb_featured_image_src":{"full":["https:\/\/www.ringsknife.com\/wp-content\/uploads\/2024\/12\/Sparkling-14-piece-Self-Defense-Kit-red.jpg",800,800,false],"thumbnail":["https:\/\/www.ringsknife.com\/wp-content\/uploads\/2024\/12\/Sparkling-14-piece-Self-Defense-Kit-red-150x150.jpg",150,150,true],"medium":["https:\/\/www.ringsknife.com\/wp-content\/uploads\/2024\/12\/Sparkling-14-piece-Self-Defense-Kit-red-300x300.jpg",300,300,true],"medium_large":["https:\/\/www.ringsknife.com\/wp-content\/uploads\/2024\/12\/Sparkling-14-piece-Self-Defense-Kit-red-768x768.jpg",768,768,true],"large":["https:\/\/www.ringsknife.com\/wp-content\/uploads\/2024\/12\/Sparkling-14-piece-Self-Defense-Kit-red.jpg",800,800,false],"1536x1536":["https:\/\/www.ringsknife.com\/wp-content\/uploads\/2024\/12\/Sparkling-14-piece-Self-Defense-Kit-red.jpg",800,800,false],"2048x2048":["https:\/\/www.ringsknife.com\/wp-content\/uploads\/2024\/12\/Sparkling-14-piece-Self-Defense-Kit-red.jpg",800,800,false],"trp-custom-language-flag":["https:\/\/www.ringsknife.com\/wp-content\/uploads\/2024\/12\/Sparkling-14-piece-Self-Defense-Kit-red.jpg",12,12,false],"woocommerce_thumbnail":["https:\/\/www.ringsknife.com\/wp-content\/uploads\/2024\/12\/Sparkling-14-piece-Self-Defense-Kit-red.jpg",800,800,false],"woocommerce_single":["https:\/\/www.ringsknife.com\/wp-content\/uploads\/2024\/12\/Sparkling-14-piece-Self-Defense-Kit-red.jpg",800,800,false],"woocommerce_gallery_thumbnail":["https:\/\/www.ringsknife.com\/wp-content\/uploads\/2024\/12\/Sparkling-14-piece-Self-Defense-Kit-red-100x100.jpg",100,100,true]},"uagb_author_info":{"display_name":"ringsknife.com","author_link":"https:\/\/www.ringsknife.com\/de\/author\/"},"uagb_comment_info":3,"uagb_excerpt":"Discreet and Stylish Carry: The kit's components are designed to look like everyday accessories, allowing you to carry essential self-defense tools without drawing attention. Modular and Customizable Carry: With 14 different pieces, you can personalize your kit to suit your specific daily needs, ensuring you only carry what's necessary for protection. Versatile Storage for Carry:&hellip;","jetpack_sharing_enabled":true,"_links":{"self":[{"href":"https:\/\/www.ringsknife.com\/de\/wp-json\/wp\/v2\/product\/5265","targetHints":{"allow":["GET"]}}],"collection":[{"href":"https:\/\/www.ringsknife.com\/de\/wp-json\/wp\/v2\/product"}],"about":[{"href":"https:\/\/www.ringsknife.com\/de\/wp-json\/wp\/v2\/types\/product"}],"replies":[{"embeddable":true,"href":"https:\/\/www.ringsknife.com\/de\/wp-json\/wp\/v2\/comments?post=5265"}],"version-history":[{"count":0,"href":"https:\/\/www.ringsknife.com\/de\/wp-json\/wp\/v2\/product\/5265\/revisions"}],"wp:featuredmedia":[{"embeddable":true,"href":"https:\/\/www.ringsknife.com\/de\/wp-json\/wp\/v2\/media\/5249"}],"wp:attachment":[{"href":"https:\/\/www.ringsknife.com\/de\/wp-json\/wp\/v2\/media?parent=5265"}],"wp:term":[{"taxonomy":"product_brand","embeddable":true,"href":"https:\/\/www.ringsknife.com\/de\/wp-json\/wp\/v2\/product_brand?post=5265"},{"taxonomy":"product_cat","embeddable":true,"href":"https:\/\/www.ringsknife.com\/de\/wp-json\/wp\/v2\/product_cat?post=5265"},{"taxonomy":"product_tag","embeddable":true,"href":"https:\/\/www.ringsknife.com\/de\/wp-json\/wp\/v2\/product_tag?post=5265"}],"curies":[{"name":"wp","href":"https:\/\/api.w.org\/{rel}","templated":true}]}}