
{"id":5202,"date":"2024-12-17T15:33:04","date_gmt":"2024-12-17T07:33:04","guid":{"rendered":"https:\/\/www.ringsknife.com\/product\/defensive-weapons-15-piece-self-defense-keychain-set\/"},"modified":"2024-12-25T16:37:17","modified_gmt":"2024-12-25T08:37:17","slug":"defensive-weapons-15-piece-self-defense-keychain-set","status":"publish","type":"product","link":"https:\/\/www.ringsknife.com\/de\/produkt\/defensive-waffen-15-stuck-selbstverteidigung-schlusselanhanger-set\/","title":{"rendered":"Defensive Weapons 15-teilige Selbstverteidigung Schl\u00fcsselanh\u00e4nger Set"},"content":{"rendered":"<div class=\"product-specs-list-container\">\n<p>Willkommen bei der ultimativen Sammlung von Selbstverteidigungsartikeln!<\/p>\n<p>Wir pr\u00e4sentieren das Defensive Weapons 15-teilige Selbstverteidigungs-Schl\u00fcsselanh\u00e4nger-Set, Ihre umfassende und stilvolle L\u00f6sung f\u00fcr pers\u00f6nliche Sicherheit. Dieses Set ist vollgepackt mit 15 einzigartigen und effektiven Selbstverteidigungswerkzeugen, die Ihnen in jeder Situation das n\u00f6tige Vertrauen und die Sicherheit geben.<\/p>\n<p>Stellen Sie sich Ihr Kit nach Ihren t\u00e4glichen Bed\u00fcrfnissen zusammen und w\u00e4hlen Sie nur die Teile aus, die Sie f\u00fcr den Tag ben\u00f6tigen. Mit ihrem schlanken und diskreten Design beeintr\u00e4chtigen diese Utensilien Ihren Stil nicht und sorgen daf\u00fcr, dass Sie immer vorbereitet sind.<\/p>\n<ol>\n<li><strong>Bommel:<\/strong> Verleihen Sie Ihrem Schl\u00fcsselbund einen Hauch von Flair und haben Sie gleichzeitig ein praktisches Werkzeug zur Selbstverteidigung zur Hand.<\/li>\n<li><strong>Handgelenkriemen:<\/strong> Bewahren Sie Ihre Schl\u00fcssel sicher auf und haben Sie die H\u00e4nde frei mit diesem eleganten und praktischen Armband.<\/li>\n<li><strong>Tasche zur Aufbewahrung von Lippenstiften:<\/strong> Halten Sie Ihre wichtigsten Utensilien geordnet und in Reichweite.<\/li>\n<li><strong>Leder-Ins-Anh\u00e4nger:<\/strong> Ein modisches Accessoire, das Ihre Ausr\u00fcstung stilvoll erg\u00e4nzt.<\/li>\n<li><strong>Parf\u00fcmflasche:<\/strong> Tragen Sie diskret ein pers\u00f6nliches Abschreckungsmittel in dieser eleganten Parf\u00fcmflasche.<\/li>\n<li><strong>Fensterbrecher\/Sicherheitsgurtschneider:<\/strong> Mit diesem multifunktionalen Werkzeug, das Sicherheitsgurte durchtrennen und Scheiben einschlagen kann, sind Sie f\u00fcr Notf\u00e4lle ger\u00fcstet.<\/li>\n<li><strong>Herz Lederbesatz:<\/strong> Verleihen Sie Ihrem Schl\u00fcsselbund einen Hauch von Eleganz.<\/li>\n<li><strong>Aufbewahrungstasche f\u00fcr Karten:<\/strong> Bewahren Sie Ihre Karten sicher und geordnet in dieser kompakten und eleganten Tasche auf.<\/li>\n<li><strong>Lippenstift-Halter:<\/strong> Mit diesem schicken und funktionellen Lippenstifthalter m\u00fcssen Sie nie mehr auf Ihren Lieblingslippenstift verzichten.<\/li>\n<li><strong>Hand Sanitizer-Halter mit Flasche:<\/strong> Bleiben Sie sauber und keimfrei mit diesem praktischen Halter f\u00fcr Ihr Handdesinfektionsmittel.<\/li>\n<li><strong>Flaschen\u00f6ffner:<\/strong> Mit diesem praktischen Werkzeug, das Sie immer am Schl\u00fcsselbund tragen k\u00f6nnen, lassen sich Flaschen m\u00fchelos \u00f6ffnen.<\/li>\n<li><strong>Ber\u00fchrungsloser T\u00fcr\u00f6ffner:<\/strong> Minimieren Sie den Kontakt mit Oberfl\u00e4chen mit diesem innovativen Werkzeug, das zum \u00d6ffnen von T\u00fcren ohne Ber\u00fchrung der Griffe entwickelt wurde.<\/li>\n<li><strong>Medikamentenflasche<\/strong><strong>:<\/strong> Ein tragbarer kleiner Gesundheitsbegleiter.<\/li>\n<li><strong>Pfeifen:<\/strong> Mit dieser lauten und effektiven Pfeife machen Sie auf sich aufmerksam und signalisieren Hilfe.<\/li>\n<li><strong>Perlen-Klammer:<\/strong> Ein dekoratives und robustes Element f\u00fcr Ihren Schl\u00fcsselbund.<\/li>\n<\/ol>\n<p>Jedes Teil dieses Vollschutz-Selbstverteidigungssets ist aus hochwertigen Materialien wie Stahl, Aluminium und Kunstleder gefertigt und garantiert Langlebigkeit und Zuverl\u00e4ssigkeit. Mit einer stilvollen, einfarbigen Farbpalette k\u00f6nnen Sie den Seelenfrieden genie\u00dfen, der mit erstklassigen Selbstverteidigungsprodukten einhergeht, ohne auf Ihren Sinn f\u00fcr Stil verzichten zu m\u00fcssen.<\/p>\n<p>Tragen Sie Ihr Set auf verschiedene Weise bei sich - befestigen Sie es an Ihrem Hausschl\u00fcssel, stecken Sie es in Ihre Tasche oder verstauen Sie es im Handschuhfach oder der Mittelkonsole Ihres Autos. Mit dem Defensive Weapons 15-teiligen Selbstverteidigungs-Schl\u00fcsselanh\u00e4nger-Set sind Sie nie ohne den Schutz, den Sie brauchen, wo immer das Leben Sie hinf\u00fchrt.<\/p>\n<p>Vollst\u00e4ndiges 15-teiliges Selbstverteidigungs-Schl\u00fcsselanh\u00e4ngerset enth\u00e4lt:<\/p>\n<ul class=\"ul1\">\n<li class=\"li1\"><b>Pompon<\/b><\/li>\n<li class=\"li1\"><b>Handgelenkriemen<\/b><\/li>\n<li class=\"li1\"><b>Lippenstift-Aufbewahrungstasche<\/b><\/li>\n<li class=\"li1\"><b>Leder-Ins-Anh\u00e4nger<\/b><\/li>\n<li class=\"li1\"><b>Parf\u00fcmflasche<\/b><\/li>\n<li class=\"li1\"><b>Fensterbrecher\/Sicherheitsgurtschneider<\/b><\/li>\n<li class=\"li1\"><b>Herz Lederbesatz<\/b><\/li>\n<li class=\"li1\"><b>Aufbewahrungstasche f\u00fcr Karten<\/b><\/li>\n<li class=\"li1\"><b>Lippenstift-Halter<\/b><\/li>\n<li class=\"li1\"><b>Handdesinfektionsmittel-Halter mit Flasche<\/b><\/li>\n<li class=\"li1\"><b>Flaschen\u00f6ffner<\/b><\/li>\n<li class=\"li1\"><b>Ber\u00fchrungsloser T\u00fcr\u00f6ffner<\/b><\/li>\n<li class=\"li1\"><strong>Medikamentenflasche<\/strong><\/li>\n<li class=\"li1\"><b>Pfeife<\/b><\/li>\n<li class=\"li1\"><b>Wulstige Klammer<\/b><\/li>\n<\/ul>\n<\/div>\n<div class=\"detailmodule_html\">\n<div class=\"detail-desc-decorate-richtext\"><\/div>\n<\/div>","protected":false},"excerpt":{"rendered":"<ol>\n<li><strong>Vielseitigkeit<\/strong>: Anpassbares Set mit 15 Selbstverteidigungs- und Hilfsmitteln f\u00fcr jede Situation.<\/li>\n<li><strong>Diskretion<\/strong>: Elegantes Design, das sich mit Alltagsgegenst\u00e4nden kombinieren l\u00e4sst und Sicherheit bietet, ohne aufzufallen.<\/li>\n<li><strong>Bequemlichkeit<\/strong>: Enth\u00e4lt praktische Werkzeuge wie einen Handdesinfektionsmittelhalter und einen Flaschen\u00f6ffner f\u00fcr den t\u00e4glichen Gebrauch.<\/li>\n<li><strong>Notfall-Tools<\/strong>: Ausgestattet mit einem Fensterbrecher und einem Gurtschneider f\u00fcr kritische Momente.<\/li>\n<li class=\"last-node\"><strong>Nicht-t\u00f6dliche Verteidigung<\/strong>: Bietet nicht-t\u00f6dliche Optionen wie eine Pfeife und einen ber\u00fchrungslosen T\u00fcr\u00f6ffner f\u00fcr den Selbstschutz.<\/li>\n<\/ol>","protected":false},"featured_media":5203,"comment_status":"open","ping_status":"closed","template":"","meta":{"_uag_custom_page_level_css":"","site-sidebar-layout":"default","site-content-layout":"","ast-site-content-layout":"default","site-content-style":"default","site-sidebar-style":"default","ast-global-header-display":"","ast-banner-title-visibility":"","ast-main-header-display":"","ast-hfb-above-header-display":"","ast-hfb-below-header-display":"","ast-hfb-mobile-header-display":"","site-post-title":"","ast-breadcrumbs-content":"","ast-featured-img":"","footer-sml-layout":"","ast-disable-related-posts":"","theme-transparent-header-meta":"default","adv-header-id-meta":"","stick-header-meta":"default","header-above-stick-meta":"","header-main-stick-meta":"","header-below-stick-meta":"","astra-migrate-meta-layouts":"set","ast-page-background-enabled":"default","ast-page-background-meta":{"desktop":{"background-color":"","background-image":"","background-repeat":"repeat","background-position":"center center","background-size":"auto","background-attachment":"scroll","background-type":"","background-media":"","overlay-type":"","overlay-color":"","overlay-opacity":"","overlay-gradient":""},"tablet":{"background-color":"","background-image":"","background-repeat":"repeat","background-position":"center center","background-size":"auto","background-attachment":"scroll","background-type":"","background-media":"","overlay-type":"","overlay-color":"","overlay-opacity":"","overlay-gradient":""},"mobile":{"background-color":"","background-image":"","background-repeat":"repeat","background-position":"center center","background-size":"auto","background-attachment":"scroll","background-type":"","background-media":"","overlay-type":"","overlay-color":"","overlay-opacity":"","overlay-gradient":""}},"ast-content-background-meta":{"desktop":{"background-color":"var(--ast-global-color-5)","background-image":"","background-repeat":"repeat","background-position":"center center","background-size":"auto","background-attachment":"scroll","background-type":"","background-media":"","overlay-type":"","overlay-color":"","overlay-opacity":"","overlay-gradient":""},"tablet":{"background-color":"var(--ast-global-color-5)","background-image":"","background-repeat":"repeat","background-position":"center center","background-size":"auto","background-attachment":"scroll","background-type":"","background-media":"","overlay-type":"","overlay-color":"","overlay-opacity":"","overlay-gradient":""},"mobile":{"background-color":"var(--ast-global-color-5)","background-image":"","background-repeat":"repeat","background-position":"center center","background-size":"auto","background-attachment":"scroll","background-type":"","background-media":"","overlay-type":"","overlay-color":"","overlay-opacity":"","overlay-gradient":""}}},"product_brand":[],"product_cat":[169,50],"product_tag":[167,166],"class_list":{"0":"post-5202","1":"product","2":"type-product","3":"status-publish","4":"has-post-thumbnail","6":"product_cat-self-defense-keychain-sets","7":"product_cat-self-defense-keychains","8":"product_tag-self-defense-keychain","9":"product_tag-self-defense-keychain-sets","10":"desktop-align-left","11":"tablet-align-left","12":"mobile-align-left","13":"ast-product-gallery-layout-first-image-large","14":"ast-magnify-disabled","15":"ast-product-single-variable","16":"ast-product-tabs-layout-distributed","18":"first","19":"instock","20":"sale","21":"featured","22":"shipping-taxable","23":"purchasable","24":"product-type-variable"},"uagb_featured_image_src":{"full":["https:\/\/www.ringsknife.com\/wp-content\/uploads\/2024\/12\/kf-S7b85dd61eaf243a6b8830b1550b92391K.webp",800,800,false],"thumbnail":["https:\/\/www.ringsknife.com\/wp-content\/uploads\/2024\/12\/kf-S7b85dd61eaf243a6b8830b1550b92391K-150x150.webp",150,150,true],"medium":["https:\/\/www.ringsknife.com\/wp-content\/uploads\/2024\/12\/kf-S7b85dd61eaf243a6b8830b1550b92391K-300x300.webp",300,300,true],"medium_large":["https:\/\/www.ringsknife.com\/wp-content\/uploads\/2024\/12\/kf-S7b85dd61eaf243a6b8830b1550b92391K-768x768.webp",768,768,true],"large":["https:\/\/www.ringsknife.com\/wp-content\/uploads\/2024\/12\/kf-S7b85dd61eaf243a6b8830b1550b92391K.webp",800,800,false],"1536x1536":["https:\/\/www.ringsknife.com\/wp-content\/uploads\/2024\/12\/kf-S7b85dd61eaf243a6b8830b1550b92391K.webp",800,800,false],"2048x2048":["https:\/\/www.ringsknife.com\/wp-content\/uploads\/2024\/12\/kf-S7b85dd61eaf243a6b8830b1550b92391K.webp",800,800,false],"trp-custom-language-flag":["https:\/\/www.ringsknife.com\/wp-content\/uploads\/2024\/12\/kf-S7b85dd61eaf243a6b8830b1550b92391K.webp",12,12,false],"woocommerce_thumbnail":["https:\/\/www.ringsknife.com\/wp-content\/uploads\/2024\/12\/kf-S7b85dd61eaf243a6b8830b1550b92391K.webp",800,800,false],"woocommerce_single":["https:\/\/www.ringsknife.com\/wp-content\/uploads\/2024\/12\/kf-S7b85dd61eaf243a6b8830b1550b92391K.webp",800,800,false],"woocommerce_gallery_thumbnail":["https:\/\/www.ringsknife.com\/wp-content\/uploads\/2024\/12\/kf-S7b85dd61eaf243a6b8830b1550b92391K-100x100.webp",100,100,true]},"uagb_author_info":{"display_name":"ringsknife.com","author_link":"https:\/\/www.ringsknife.com\/de\/author\/"},"uagb_comment_info":0,"uagb_excerpt":"Versatility: Customizable set with 15 self-defense and utility tools for every situation. Discretion: Stylish design that blends with everyday items, ensuring safety without drawing attention. Convenience: Includes practical tools like a hand sanitizer holder and bottle opener for everyday use. Emergency Tools: Equipped with a window breaker and seatbelt cutter for critical moments. Non-Lethal Defense:&hellip;","jetpack_sharing_enabled":true,"_links":{"self":[{"href":"https:\/\/www.ringsknife.com\/de\/wp-json\/wp\/v2\/product\/5202","targetHints":{"allow":["GET"]}}],"collection":[{"href":"https:\/\/www.ringsknife.com\/de\/wp-json\/wp\/v2\/product"}],"about":[{"href":"https:\/\/www.ringsknife.com\/de\/wp-json\/wp\/v2\/types\/product"}],"replies":[{"embeddable":true,"href":"https:\/\/www.ringsknife.com\/de\/wp-json\/wp\/v2\/comments?post=5202"}],"version-history":[{"count":0,"href":"https:\/\/www.ringsknife.com\/de\/wp-json\/wp\/v2\/product\/5202\/revisions"}],"wp:featuredmedia":[{"embeddable":true,"href":"https:\/\/www.ringsknife.com\/de\/wp-json\/wp\/v2\/media\/5203"}],"wp:attachment":[{"href":"https:\/\/www.ringsknife.com\/de\/wp-json\/wp\/v2\/media?parent=5202"}],"wp:term":[{"taxonomy":"product_brand","embeddable":true,"href":"https:\/\/www.ringsknife.com\/de\/wp-json\/wp\/v2\/product_brand?post=5202"},{"taxonomy":"product_cat","embeddable":true,"href":"https:\/\/www.ringsknife.com\/de\/wp-json\/wp\/v2\/product_cat?post=5202"},{"taxonomy":"product_tag","embeddable":true,"href":"https:\/\/www.ringsknife.com\/de\/wp-json\/wp\/v2\/product_tag?post=5202"}],"curies":[{"name":"wp","href":"https:\/\/api.w.org\/{rel}","templated":true}]}}