
{"id":5180,"date":"2024-12-17T13:25:10","date_gmt":"2024-12-17T05:25:10","guid":{"rendered":"https:\/\/www.ringsknife.com\/product\/full-protection-13-piece-self-defense-kit\/"},"modified":"2025-06-08T00:00:19","modified_gmt":"2025-06-07T16:00:19","slug":"full-protection-13-piece-self-defense-kit","status":"publish","type":"product","link":"https:\/\/www.ringsknife.com\/de\/produkt\/vollschutz-13-teiliges-selbstverteidigungsset\/","title":{"rendered":"Vollst\u00e4ndiger Schutz 13-teiliges Selbstverteidigungskit"},"content":{"rendered":"<p>Willkommen in der ultimativen pers\u00f6nlichen Sicherheit und Stil mit dem Full Protection 13-Piece Self Defense Kit!<\/p>\n<p>Diese umfassende Kollektion ist Ihre erste Wahl f\u00fcr den t\u00e4glichen Schutz. Mit einer Mischung aus Funktionalit\u00e4t und Mode sind Sie auf jede Situation vorbereitet.<\/p>\n<p>Passen Sie Ihre Ausr\u00fcstung an Ihre t\u00e4glichen Bed\u00fcrfnisse an und w\u00e4hlen Sie nur das N\u00f6tigste f\u00fcr einen reibungslosen und sicheren Tag.<\/p>\n<ol>\n<li><strong>Hand Sanitizer-Halter mit Flasche:<\/strong> Bleiben Sie unterwegs keimfrei mit diesem praktischen Halter, in dem Ihr Handdesinfektionsmittel sicher aufbewahrt wird. Ein Muss in der heutigen Welt, denn so haben Sie Ihr Desinfektionsmittel immer griffbereit und einsatzbereit.<\/li>\n<li><strong>Fashion Strap:<\/strong> Verleihen Sie Ihrer Ausr\u00fcstung mit diesem modischen Gurt eine pers\u00f6nliche Note und passen Sie Ihr Selbstverteidigungszubeh\u00f6r an Ihren Tagesstil an.<\/li>\n<li><strong>Bommel:<\/strong> Ein fr\u00f6hlicher und modischer Schl\u00fcsselanh\u00e4nger oder Taschenanh\u00e4nger, der auch Teil Ihrer Selbstverteidigungsausr\u00fcstung ist und Ihren Sicherheitsutensilien einen Hauch von Pers\u00f6nlichkeit verleiht.<\/li>\n<li><strong>Kopfh\u00f6rer-Abdeckung:<\/strong> Sch\u00fctzen Sie Ihre Ohrh\u00f6rer vor Besch\u00e4digungen und verleihen Sie ihnen ein elegantes Aussehen mit dieser eleganten H\u00fclle.<\/li>\n<li><strong>Aufbewahrungstasche:<\/strong> Mit dieser robusten und eleganten Aufbewahrungstasche k\u00f6nnen Sie alle Ihre Selbstverteidigungsartikel geordnet und leicht zug\u00e4nglich aufbewahren.<\/li>\n<li><strong>Pfeifen:<\/strong> Eine kompakte und laute Pfeife, mit der Sie auf Ihre Situation aufmerksam machen k\u00f6nnen, egal ob Sie sich verirrt haben oder in unmittelbarer Gefahr sind. Ihr hoher Ton ist schwer zu \u00fcberh\u00f6ren und kann weite Strecken zur\u00fccklegen.<\/li>\n<li><strong>Flaschen\u00f6ffner:<\/strong> Mit diesem praktischen Werkzeug haben Sie immer einen Flaschen\u00f6ffner zur Hand und k\u00f6nnen Ihre Lieblingsgetr\u00e4nke ohne Probleme genie\u00dfen.<\/li>\n<li><strong>Parf\u00fcmflasche:<\/strong> Mit diesem kompakten und eleganten Parf\u00fcmflakon k\u00f6nnen Sie Ihren Lieblingsduft \u00fcberallhin mitnehmen.<\/li>\n<li><strong>Lippenstift-Halter:<\/strong> Bewahren Sie Ihren Lippenstift mit diesem Halter sicher und stilvoll auf, damit Sie immer ein Make-up parat haben.<\/li>\n<li><strong>Selbstverteidigungsstock &amp; Glasbrecher:<\/strong> Dieses Mehrzweckwerkzeug ist sowohl ein stabiler Selbstverteidigungsstock als auch ein zuverl\u00e4ssiger Glasbrecher in Notsituationen.<\/li>\n<li><strong>Pers\u00f6nlicher Alarm:<\/strong> Ein lauter und aufmerksamkeitsstarker Alarm, der potenzielle Bedrohungen abschreckt und Hilfe zu Ihrem Standort lockt.<\/li>\n<li><strong>Fensterbrecher\/Sicherheitsgurtschneider:<\/strong> Dieses multifunktionale Werkzeug ist ein Lebensretter in Notf\u00e4llen, denn es kann Sicherheitsgurte durchschneiden und Autoscheiben einschlagen, um eine schnelle Flucht zu erm\u00f6glichen.<\/li>\n<li><strong>Perlen-Klammer:<\/strong> Verleihen Sie Ihren Accessoires einen Hauch von Eleganz mit dieser Perlenhalterung, die Ihre Selbstverteidigungswerkzeuge ebenso modisch wie funktionell macht.<\/li>\n<\/ol>\n<p>Die elegante und stilvolle Farbpalette bietet Ihnen die Sicherheit, die Sie von erstklassigen Selbstverteidigungsprodukten erwarten k\u00f6nnen, ohne Kompromisse bei der \u00c4sthetik einzugehen.<\/p>\n<p>Das 13-teilige Full Protection Self Defense Kit bietet vielseitige Trage- und Aufbewahrungsm\u00f6glichkeiten. Befestigen Sie es an Ihren Schl\u00fcsseln, stecken Sie es in Ihre Tasche oder bewahren Sie es im Handschuhfach Ihres Autos auf, um immer bereit zu sein.<\/p>\n<p>Vollst\u00e4ndiger 13-teiliger Satz enth\u00e4lt:<\/p>\n<ul>\n<li>Handdesinfektionsmittel-Halter mit Flasche<\/li>\n<li>Mode-Armband<\/li>\n<li>Pompon<\/li>\n<li>Kopfh\u00f6rer-Abdeckung<\/li>\n<li>Aufbewahrungstasche<\/li>\n<li>Pfeife<\/li>\n<li>Flaschen\u00f6ffner<\/li>\n<li>Parf\u00fcmflasche<\/li>\n<li>Lippenstift-Halter<\/li>\n<li>Selbstverteidigungsstock &amp; Glasbrecher<\/li>\n<li>Pers\u00f6nlicher Alarm<\/li>\n<li>Fensterbrecher\/Sicherheitsgurtschneider<\/li>\n<li>Wulstige Klammer<\/li>\n<\/ul>\n<h3 class=\"last-node\">Materialien:<\/h3>\n<p class=\"last-node\">Die Komponenten des 13-teiligen Selbstverteidigungskits Full Protection sind aus hochwertigen Materialien wie Stahl, Aluminium und Hartplastik gefertigt und gew\u00e4hrleisten Langlebigkeit und Zuverl\u00e4ssigkeit in der Notzeit.<\/p>","protected":false},"excerpt":{"rendered":"<div class=\"pop-container\">\n<div class=\"popcontent-hole\">\n<div class=\"pop-content\">\n<div class=\"normal___qxduM\">\n<div class=\"\">\n<div id=\"chat-markdown-ctgh8ule09n8098gogog-0-0\">\n<div class=\"markdown___vuBDJ\">\n<div class=\"markdown___vuBDJ\">\n<ol>\n<li><strong>All-in-One-Sicherheit<\/strong>: Komplettes Kit mit wichtigen Werkzeugen zur Selbstverteidigung f\u00fcr verschiedene Szenarien.<\/li>\n<li><strong>Tragbar und diskret<\/strong>: Leicht in Taschen, Hosentaschen oder an Schl\u00fcsselanh\u00e4ngern zu tragen, damit sie immer bereit sind.<\/li>\n<li><strong>Modische Funktionalit\u00e4t<\/strong>: Elegantes Design, das das t\u00e4gliche Tragen erg\u00e4nzt, ohne den Schutz zu beeintr\u00e4chtigen.<\/li>\n<li><strong>Praktische Multi-Tools<\/strong>: Die Gegenst\u00e4nde dienen als Alltagswerkzeuge und sind somit immer griffbereit.<\/li>\n<li class=\"last-node\"><strong>Robuste Bauweise<\/strong>: Langlebige Materialien garantieren Zuverl\u00e4ssigkeit und eine lange Lebensdauer.<\/li>\n<\/ol>\n<\/div>\n<\/div>\n<\/div>\n<\/div>\n<\/div>\n<\/div>\n<\/div>\n<\/div>\n<div class=\"contentbottom-hole\">\n<div class=\"MuiBox-root css-2wedsf\">\n<div class=\"animationContainer___wigEN\" aria-label=\"\">\n<div class=\"container___chUs0 withContent___TKW3m MuiBox-root css-1mdh3j9\"><\/div>\n<\/div>\n<\/div>\n<\/div>","protected":false},"featured_media":5181,"comment_status":"open","ping_status":"closed","template":"","meta":{"_uag_custom_page_level_css":"","site-sidebar-layout":"default","site-content-layout":"","ast-site-content-layout":"default","site-content-style":"default","site-sidebar-style":"default","ast-global-header-display":"","ast-banner-title-visibility":"","ast-main-header-display":"","ast-hfb-above-header-display":"","ast-hfb-below-header-display":"","ast-hfb-mobile-header-display":"","site-post-title":"","ast-breadcrumbs-content":"","ast-featured-img":"","footer-sml-layout":"","ast-disable-related-posts":"","theme-transparent-header-meta":"default","adv-header-id-meta":"","stick-header-meta":"default","header-above-stick-meta":"","header-main-stick-meta":"","header-below-stick-meta":"","astra-migrate-meta-layouts":"set","ast-page-background-enabled":"default","ast-page-background-meta":{"desktop":{"background-color":"","background-image":"","background-repeat":"repeat","background-position":"center center","background-size":"auto","background-attachment":"scroll","background-type":"","background-media":"","overlay-type":"","overlay-color":"","overlay-opacity":"","overlay-gradient":""},"tablet":{"background-color":"","background-image":"","background-repeat":"repeat","background-position":"center center","background-size":"auto","background-attachment":"scroll","background-type":"","background-media":"","overlay-type":"","overlay-color":"","overlay-opacity":"","overlay-gradient":""},"mobile":{"background-color":"","background-image":"","background-repeat":"repeat","background-position":"center center","background-size":"auto","background-attachment":"scroll","background-type":"","background-media":"","overlay-type":"","overlay-color":"","overlay-opacity":"","overlay-gradient":""}},"ast-content-background-meta":{"desktop":{"background-color":"var(--ast-global-color-5)","background-image":"","background-repeat":"repeat","background-position":"center center","background-size":"auto","background-attachment":"scroll","background-type":"","background-media":"","overlay-type":"","overlay-color":"","overlay-opacity":"","overlay-gradient":""},"tablet":{"background-color":"var(--ast-global-color-5)","background-image":"","background-repeat":"repeat","background-position":"center center","background-size":"auto","background-attachment":"scroll","background-type":"","background-media":"","overlay-type":"","overlay-color":"","overlay-opacity":"","overlay-gradient":""},"mobile":{"background-color":"var(--ast-global-color-5)","background-image":"","background-repeat":"repeat","background-position":"center center","background-size":"auto","background-attachment":"scroll","background-type":"","background-media":"","overlay-type":"","overlay-color":"","overlay-opacity":"","overlay-gradient":""}}},"product_brand":[],"product_cat":[169,50],"product_tag":[167,166],"class_list":{"0":"post-5180","1":"product","2":"type-product","3":"status-publish","4":"has-post-thumbnail","6":"product_cat-self-defense-keychain-sets","7":"product_cat-self-defense-keychains","8":"product_tag-self-defense-keychain","9":"product_tag-self-defense-keychain-sets","10":"desktop-align-left","11":"tablet-align-left","12":"mobile-align-left","13":"ast-product-gallery-layout-first-image-large","14":"ast-magnify-disabled","15":"ast-product-single-variable","16":"ast-product-tabs-layout-distributed","18":"first","19":"instock","20":"sale","21":"featured","22":"shipping-taxable","23":"purchasable","24":"product-type-variable"},"uagb_featured_image_src":{"full":["https:\/\/www.ringsknife.com\/wp-content\/uploads\/2024\/12\/kf-S33abaf8d4b4f462880ad76fdefbdf0f3I.webp",1200,1200,false],"thumbnail":["https:\/\/www.ringsknife.com\/wp-content\/uploads\/2024\/12\/kf-S33abaf8d4b4f462880ad76fdefbdf0f3I-150x150.webp",150,150,true],"medium":["https:\/\/www.ringsknife.com\/wp-content\/uploads\/2024\/12\/kf-S33abaf8d4b4f462880ad76fdefbdf0f3I-300x300.webp",300,300,true],"medium_large":["https:\/\/www.ringsknife.com\/wp-content\/uploads\/2024\/12\/kf-S33abaf8d4b4f462880ad76fdefbdf0f3I-768x768.webp",768,768,true],"large":["https:\/\/www.ringsknife.com\/wp-content\/uploads\/2024\/12\/kf-S33abaf8d4b4f462880ad76fdefbdf0f3I-1024x1024.webp",1024,1024,true],"1536x1536":["https:\/\/www.ringsknife.com\/wp-content\/uploads\/2024\/12\/kf-S33abaf8d4b4f462880ad76fdefbdf0f3I.webp",1200,1200,false],"2048x2048":["https:\/\/www.ringsknife.com\/wp-content\/uploads\/2024\/12\/kf-S33abaf8d4b4f462880ad76fdefbdf0f3I.webp",1200,1200,false],"trp-custom-language-flag":["https:\/\/www.ringsknife.com\/wp-content\/uploads\/2024\/12\/kf-S33abaf8d4b4f462880ad76fdefbdf0f3I.webp",12,12,false],"woocommerce_thumbnail":["https:\/\/www.ringsknife.com\/wp-content\/uploads\/2024\/12\/kf-S33abaf8d4b4f462880ad76fdefbdf0f3I-800x800.webp",800,800,true],"woocommerce_single":["https:\/\/www.ringsknife.com\/wp-content\/uploads\/2024\/12\/kf-S33abaf8d4b4f462880ad76fdefbdf0f3I-800x800.webp",800,800,true],"woocommerce_gallery_thumbnail":["https:\/\/www.ringsknife.com\/wp-content\/uploads\/2024\/12\/kf-S33abaf8d4b4f462880ad76fdefbdf0f3I-100x100.webp",100,100,true]},"uagb_author_info":{"display_name":"ringsknife.com","author_link":"https:\/\/www.ringsknife.com\/de\/author\/"},"uagb_comment_info":2,"uagb_excerpt":"All-In-One Safety: Complete kit with essential self-defense tools for various scenarios. Portable and Discreet: Easily carried in bags, pockets, or on keychains for constant readiness. Fashionable Functionality: Stylish design that complements everyday carry without sacrificing protection. Practical Multi-Tools: Items double as everyday tools, ensuring they're always handy. Rugged Build: Durable materials ensure reliability and long-lasting&hellip;","jetpack_sharing_enabled":true,"_links":{"self":[{"href":"https:\/\/www.ringsknife.com\/de\/wp-json\/wp\/v2\/product\/5180","targetHints":{"allow":["GET"]}}],"collection":[{"href":"https:\/\/www.ringsknife.com\/de\/wp-json\/wp\/v2\/product"}],"about":[{"href":"https:\/\/www.ringsknife.com\/de\/wp-json\/wp\/v2\/types\/product"}],"replies":[{"embeddable":true,"href":"https:\/\/www.ringsknife.com\/de\/wp-json\/wp\/v2\/comments?post=5180"}],"version-history":[{"count":0,"href":"https:\/\/www.ringsknife.com\/de\/wp-json\/wp\/v2\/product\/5180\/revisions"}],"wp:featuredmedia":[{"embeddable":true,"href":"https:\/\/www.ringsknife.com\/de\/wp-json\/wp\/v2\/media\/5181"}],"wp:attachment":[{"href":"https:\/\/www.ringsknife.com\/de\/wp-json\/wp\/v2\/media?parent=5180"}],"wp:term":[{"taxonomy":"product_brand","embeddable":true,"href":"https:\/\/www.ringsknife.com\/de\/wp-json\/wp\/v2\/product_brand?post=5180"},{"taxonomy":"product_cat","embeddable":true,"href":"https:\/\/www.ringsknife.com\/de\/wp-json\/wp\/v2\/product_cat?post=5180"},{"taxonomy":"product_tag","embeddable":true,"href":"https:\/\/www.ringsknife.com\/de\/wp-json\/wp\/v2\/product_tag?post=5180"}],"curies":[{"name":"wp","href":"https:\/\/api.w.org\/{rel}","templated":true}]}}