
{"id":2852,"date":"2024-11-05T16:23:33","date_gmt":"2024-11-05T08:23:33","guid":{"rendered":"https:\/\/www.ringsknife.com\/?post_type=product&#038;p=2852"},"modified":"2025-06-05T20:10:34","modified_gmt":"2025-06-05T12:10:34","slug":"self-defense-keychain-kit-mechanical-battle-plate","status":"publish","type":"product","link":"https:\/\/www.ringsknife.com\/de\/produkt\/selbstverteidigung-schlusselanhanger-kit-mechanische-kampfplatte\/","title":{"rendered":"Selbstverteidigung Keychain Kit Mechanische Schlachtplatte"},"content":{"rendered":"<h2>Self Defense Keychain Kit Mechanical Battle Plate: Ihr allt\u00e4glicher Besch\u00fctzer<\/h2>\n<p>Wir stellen das Self Defense Keychain Kit vor, ein kompaktes und elegantes Werkzeug f\u00fcr den pers\u00f6nlichen Schutz. Dieses Schl\u00fcsselbund-Set ist nicht nur ein modisches Statement, sondern auch ein zuverl\u00e4ssiger Schutzmechanismus gegen potenzielle Bedrohungen. Mit seinem einzigartigen Design und seinen praktischen Funktionen ist es ein unverzichtbares Accessoire f\u00fcr alle, die ihre pers\u00f6nliche Sicherheit erh\u00f6hen wollen.<\/p>\n<h3>Produktmerkmale:<\/h3>\n<ol>\n<li><strong>Wirksame Selbstverteidigung<\/strong>: Entwickelt, um eine wirksame Selbstverteidigung gegen verschiedene kriminelle Angriffe zu gew\u00e4hrleisten, damit Sie sich und andere sch\u00fctzen k\u00f6nnen.<\/li>\n<li><strong>Legal und diskret<\/strong>: Tragen Sie es legal in allen Staaten und Umgebungen, so dass es eine diskrete Option f\u00fcr Konzerte, Fu\u00dfballspiele, Schulen, und sogar Flugzeuge.<\/li>\n<li><strong>Langlebige Konstruktion<\/strong>: Hergestellt aus hochfestem ABS-Kunststoff, dem gleichen Material, das auch f\u00fcr taktische Ausr\u00fcstungen verwendet wird, um eine lange Haltbarkeit und Zuverl\u00e4ssigkeit zu gew\u00e4hrleisten.<\/li>\n<li><strong>Designer Kunstwerke<\/strong>: Einzigartiges Designermotiv, UV-bedruckt und mit einer Klarlackbeschichtung gesch\u00fctzt, kombiniert Stil mit Sicherheit.<\/li>\n<li><strong>Bequem zu tragen<\/strong>: Das ergonomische Design passt bequem in die Hand, Handtasche oder Hosentasche und macht es zu einem praktischen Sicherheitsger\u00e4t f\u00fcr den t\u00e4glichen Gebrauch.<\/li>\n<\/ol>\n<h4>Einzelheiten zum Produkt:<\/h4>\n<ul>\n<li><strong>Material<\/strong>: Hochfester ABS-Kunststoff f\u00fcr lange Haltbarkeit.<\/li>\n<li><strong>Gestaltung<\/strong>: UV-gedruckte Kunstwerke mit einer Klarlackbeschichtung f\u00fcr Stil und Schutz.<\/li>\n<li><strong>Gr\u00f6\u00dfe<\/strong>: Kompaktes Design f\u00fcr den einfachen Transport in der Hand, Handtasche oder Tasche.<\/li>\n<li><strong>Verwendung<\/strong>: Ideal f\u00fcr verschiedene Umgebungen und Situationen, damit Sie sich keine Sorgen machen m\u00fcssen.<\/li>\n<\/ul>","protected":false},"excerpt":{"rendered":"<p>Das Self Defense Keychain Kit ist nicht nur ein Schl\u00fcsselanh\u00e4nger, sondern ein Statement f\u00fcr pers\u00f6nliche Sicherheit. Mit seinem legalen und diskreten Design k\u00f6nnen Sie es \u00fcberallhin mitnehmen und sind so immer auf unerwartete Situationen vorbereitet. Die robuste Konstruktion sorgt f\u00fcr Langlebigkeit, und das einzigartige Design verleiht Ihrem t\u00e4glichen Begleiter einen Hauch von pers\u00f6nlichem Stil. Sie ist die perfekte Mischung aus Form und Funktion und damit ein unverzichtbares Werkzeug f\u00fcr den pers\u00f6nlichen Schutz.<\/p>","protected":false},"featured_media":2863,"comment_status":"open","ping_status":"closed","template":"","meta":{"_uag_custom_page_level_css":"","site-sidebar-layout":"default","site-content-layout":"","ast-site-content-layout":"default","site-content-style":"default","site-sidebar-style":"default","ast-global-header-display":"","ast-banner-title-visibility":"","ast-main-header-display":"","ast-hfb-above-header-display":"","ast-hfb-below-header-display":"","ast-hfb-mobile-header-display":"","site-post-title":"","ast-breadcrumbs-content":"","ast-featured-img":"","footer-sml-layout":"","ast-disable-related-posts":"","theme-transparent-header-meta":"default","adv-header-id-meta":"","stick-header-meta":"default","header-above-stick-meta":"","header-main-stick-meta":"","header-below-stick-meta":"","astra-migrate-meta-layouts":"set","ast-page-background-enabled":"default","ast-page-background-meta":{"desktop":{"background-color":"","background-image":"","background-repeat":"repeat","background-position":"center center","background-size":"auto","background-attachment":"scroll","background-type":"","background-media":"","overlay-type":"","overlay-color":"","overlay-opacity":"","overlay-gradient":""},"tablet":{"background-color":"","background-image":"","background-repeat":"repeat","background-position":"center center","background-size":"auto","background-attachment":"scroll","background-type":"","background-media":"","overlay-type":"","overlay-color":"","overlay-opacity":"","overlay-gradient":""},"mobile":{"background-color":"","background-image":"","background-repeat":"repeat","background-position":"center center","background-size":"auto","background-attachment":"scroll","background-type":"","background-media":"","overlay-type":"","overlay-color":"","overlay-opacity":"","overlay-gradient":""}},"ast-content-background-meta":{"desktop":{"background-color":"var(--ast-global-color-5)","background-image":"","background-repeat":"repeat","background-position":"center center","background-size":"auto","background-attachment":"scroll","background-type":"","background-media":"","overlay-type":"","overlay-color":"","overlay-opacity":"","overlay-gradient":""},"tablet":{"background-color":"var(--ast-global-color-5)","background-image":"","background-repeat":"repeat","background-position":"center center","background-size":"auto","background-attachment":"scroll","background-type":"","background-media":"","overlay-type":"","overlay-color":"","overlay-opacity":"","overlay-gradient":""},"mobile":{"background-color":"var(--ast-global-color-5)","background-image":"","background-repeat":"repeat","background-position":"center center","background-size":"auto","background-attachment":"scroll","background-type":"","background-media":"","overlay-type":"","overlay-color":"","overlay-opacity":"","overlay-gradient":""}}},"product_brand":[],"product_cat":[50],"product_tag":[],"class_list":{"0":"post-2852","1":"product","2":"type-product","3":"status-publish","4":"has-post-thumbnail","6":"product_cat-self-defense-keychains","7":"desktop-align-left","8":"tablet-align-left","9":"mobile-align-left","10":"ast-product-gallery-layout-first-image-large","11":"ast-magnify-disabled","12":"ast-product-single-variable","13":"ast-product-tabs-layout-distributed","15":"first","16":"instock","17":"sale","18":"featured","19":"shipping-taxable","20":"purchasable","21":"product-type-variable","22":"has-default-attributes"},"uagb_featured_image_src":{"full":["https:\/\/www.ringsknife.com\/wp-content\/uploads\/2024\/11\/Self-Defense-Keychain-Kit-Mechanical-Battle-Plate-7.jpg",679,711,false],"thumbnail":["https:\/\/www.ringsknife.com\/wp-content\/uploads\/2024\/11\/Self-Defense-Keychain-Kit-Mechanical-Battle-Plate-7-150x150.jpg",150,150,true],"medium":["https:\/\/www.ringsknife.com\/wp-content\/uploads\/2024\/11\/Self-Defense-Keychain-Kit-Mechanical-Battle-Plate-7-286x300.jpg",286,300,true],"medium_large":["https:\/\/www.ringsknife.com\/wp-content\/uploads\/2024\/11\/Self-Defense-Keychain-Kit-Mechanical-Battle-Plate-7.jpg",679,711,false],"large":["https:\/\/www.ringsknife.com\/wp-content\/uploads\/2024\/11\/Self-Defense-Keychain-Kit-Mechanical-Battle-Plate-7.jpg",679,711,false],"1536x1536":["https:\/\/www.ringsknife.com\/wp-content\/uploads\/2024\/11\/Self-Defense-Keychain-Kit-Mechanical-Battle-Plate-7.jpg",679,711,false],"2048x2048":["https:\/\/www.ringsknife.com\/wp-content\/uploads\/2024\/11\/Self-Defense-Keychain-Kit-Mechanical-Battle-Plate-7.jpg",679,711,false],"trp-custom-language-flag":["https:\/\/www.ringsknife.com\/wp-content\/uploads\/2024\/11\/Self-Defense-Keychain-Kit-Mechanical-Battle-Plate-7.jpg",11,12,false],"woocommerce_thumbnail":["https:\/\/www.ringsknife.com\/wp-content\/uploads\/2024\/11\/Self-Defense-Keychain-Kit-Mechanical-Battle-Plate-7.jpg",679,711,false],"woocommerce_single":["https:\/\/www.ringsknife.com\/wp-content\/uploads\/2024\/11\/Self-Defense-Keychain-Kit-Mechanical-Battle-Plate-7.jpg",679,711,false],"woocommerce_gallery_thumbnail":["https:\/\/www.ringsknife.com\/wp-content\/uploads\/2024\/11\/Self-Defense-Keychain-Kit-Mechanical-Battle-Plate-7-100x100.jpg",100,100,true]},"uagb_author_info":{"display_name":"ringsknife.com","author_link":"https:\/\/www.ringsknife.com\/de\/author\/"},"uagb_comment_info":1,"uagb_excerpt":"The Self Defense Keychain Kit is not just a keychain; it's a statement of personal safety. With its legal and discreet design, you can carry it anywhere, ensuring you're always prepared for unexpected situations. The durable construction means it's built to last, and the unique designer artwork adds a touch of personal style to your&hellip;","jetpack_sharing_enabled":true,"_links":{"self":[{"href":"https:\/\/www.ringsknife.com\/de\/wp-json\/wp\/v2\/product\/2852","targetHints":{"allow":["GET"]}}],"collection":[{"href":"https:\/\/www.ringsknife.com\/de\/wp-json\/wp\/v2\/product"}],"about":[{"href":"https:\/\/www.ringsknife.com\/de\/wp-json\/wp\/v2\/types\/product"}],"replies":[{"embeddable":true,"href":"https:\/\/www.ringsknife.com\/de\/wp-json\/wp\/v2\/comments?post=2852"}],"version-history":[{"count":0,"href":"https:\/\/www.ringsknife.com\/de\/wp-json\/wp\/v2\/product\/2852\/revisions"}],"wp:featuredmedia":[{"embeddable":true,"href":"https:\/\/www.ringsknife.com\/de\/wp-json\/wp\/v2\/media\/2863"}],"wp:attachment":[{"href":"https:\/\/www.ringsknife.com\/de\/wp-json\/wp\/v2\/media?parent=2852"}],"wp:term":[{"taxonomy":"product_brand","embeddable":true,"href":"https:\/\/www.ringsknife.com\/de\/wp-json\/wp\/v2\/product_brand?post=2852"},{"taxonomy":"product_cat","embeddable":true,"href":"https:\/\/www.ringsknife.com\/de\/wp-json\/wp\/v2\/product_cat?post=2852"},{"taxonomy":"product_tag","embeddable":true,"href":"https:\/\/www.ringsknife.com\/de\/wp-json\/wp\/v2\/product_tag?post=2852"}],"curies":[{"name":"wp","href":"https:\/\/api.w.org\/{rel}","templated":true}]}}