
{"id":2757,"date":"2024-09-13T17:33:29","date_gmt":"2024-09-13T09:33:29","guid":{"rendered":"https:\/\/www.ringsknife.com\/product\/multi-functional-titanium-alloy-tactical-pen\/"},"modified":"2025-06-08T02:36:21","modified_gmt":"2025-06-07T18:36:21","slug":"multi-functional-titanium-alloy-tactical-pen","status":"publish","type":"product","link":"https:\/\/www.ringsknife.com\/de\/produkt\/multifunktionaler-taktischer-stift-aus-titanlegierung\/","title":{"rendered":"Multifunktionaler taktischer Stift aus Titanlegierung"},"content":{"rendered":"<h2>Multifunktionaler taktischer Stift aus Titanlegierung - der ultimative Alltagsbegleiter<\/h2>\n<p>Der multifunktionale Tactical Pen aus einer Titanlegierung ist das ideale Werkzeug f\u00fcr den Alltag und f\u00fcr Notfallsituationen. Dieser aus einer robusten Titanlegierung gefertigte Stift ist nicht nur ein Schreibger\u00e4t, sondern auch ein vielseitiges taktisches Werkzeug, das auf Langlebigkeit und Zweckm\u00e4\u00dfigkeit ausgelegt ist.<\/p>\n<h3>Produktmerkmale<\/h3>\n<ol>\n<li><strong>Premium-Titanlegierungskonstruktion<\/strong>: Hergestellt aus einer Titanlegierung in Luftfahrtqualit\u00e4t f\u00fcr unvergleichliche St\u00e4rke und Haltbarkeit.<\/li>\n<li><strong>Vielseitige Funktionalit\u00e4t<\/strong>: Er ist gleichzeitig ein Glasbrecher f\u00fcr den Notfall und ein Selbstverteidigungswerkzeug, das Ihre Sicherheit in kritischen Situationen erh\u00f6ht.<\/li>\n<li><strong>Reibungslose Erfahrung beim Schreiben<\/strong>: Der hochfeste Rollkugelschreiber sorgt f\u00fcr fl\u00fcssiges Schreiben und ist mit Standardminen kompatibel.<\/li>\n<li><strong>Ergonomisches Design<\/strong>: Rutschfester, komfortabler Griff mit schlanker, runder Stiftspitze f\u00fcr stabilen Gebrauch.<\/li>\n<li><strong>Bequemer Transport<\/strong>: Ausgestattet mit einem robusten Clip zur einfachen Befestigung an Taschen, Beuteln oder Notebooks.<\/li>\n<\/ol>\n<h3>Details zum Produkt<\/h3>\n<ul>\n<li><strong>Modellnummer<\/strong>: Selbstverteidigungsstift<\/li>\n<li><strong>Gr\u00f6\u00dfe<\/strong>: 130 x 12mm<\/li>\n<li><strong>Farbe<\/strong>: Gray<\/li>\n<li><strong>Gewicht<\/strong>: Etwa 35g<\/li>\n<li><strong>Material<\/strong>: Titan-Legierung<\/li>\n<li><strong>Anwendungen<\/strong>: Notfall-Glasbrecher, Selbstverteidigungswaffe<\/li>\n<\/ul>\n<p>Dieser taktische Kugelschreiber kombiniert ein leistungsstarkes Schreibger\u00e4t mit einer wichtigen Sicherheitsvorrichtung. Sein Geh\u00e4use aus einer hochwertigen Titanlegierung garantiert eine lange Lebensdauer, w\u00e4hrend das einfach zu bedienende Bolt-Action-Design eine einzigartige Zappelfunktion zum Stressabbau bietet. Ob Sie ein praktisches Geschenk oder ein zuverl\u00e4ssiges pers\u00f6nliches Werkzeug suchen, dieser Stift ist die perfekte Wahl.<\/p>","protected":false},"excerpt":{"rendered":"<ul>\n<li><strong>Langlebige Konstruktion aus Titanlegierung<\/strong>: Die Titanlegierung in Luftfahrtqualit\u00e4t sorgt f\u00fcr au\u00dfergew\u00f6hnliche Festigkeit und lange Haltbarkeit und macht den Stift zu einem zuverl\u00e4ssigen Begleiter in jeder Situation.<\/li>\n<li><strong>Doppelte Funktionalit\u00e4t<\/strong>: Dieser Kugelschreiber ist nicht nur ein leistungsstarkes Schreibger\u00e4t, sondern auch ein lebenswichtiges Hilfsmittel f\u00fcr den Notfall, mit integriertem Glasbrecher und Selbstverteidigungsfunktionen.<\/li>\n<li><strong>Reibungslose Erfahrung beim Schreiben<\/strong>: Genie\u00dfen Sie fl\u00fcssiges Schreiben mit einem hochfesten Rolling Ballpoint, der mit Standardminen kompatibel ist und ein nahtloses und effizientes Schreiben erm\u00f6glicht.<\/li>\n<li><strong>Ergonomisches Design<\/strong>: Der rutschfeste Griff und die komfortable runde Stiftspitze sorgen f\u00fcr ein stabiles und angenehmes Schreibgef\u00fchl.<\/li>\n<li><strong>Bequeme Tragbarkeit<\/strong>: Der strapazierf\u00e4hige Clip l\u00e4sst sich leicht an der Tasche oder am Notebook befestigen, so dass er jederzeit zur Hand ist.<\/li>\n<\/ul>","protected":false},"featured_media":2778,"comment_status":"open","ping_status":"closed","template":"","meta":{"_uag_custom_page_level_css":"","site-sidebar-layout":"default","site-content-layout":"","ast-site-content-layout":"default","site-content-style":"default","site-sidebar-style":"default","ast-global-header-display":"","ast-banner-title-visibility":"","ast-main-header-display":"","ast-hfb-above-header-display":"","ast-hfb-below-header-display":"","ast-hfb-mobile-header-display":"","site-post-title":"","ast-breadcrumbs-content":"","ast-featured-img":"","footer-sml-layout":"","ast-disable-related-posts":"","theme-transparent-header-meta":"default","adv-header-id-meta":"","stick-header-meta":"default","header-above-stick-meta":"","header-main-stick-meta":"","header-below-stick-meta":"","astra-migrate-meta-layouts":"set","ast-page-background-enabled":"default","ast-page-background-meta":{"desktop":{"background-color":"","background-image":"","background-repeat":"repeat","background-position":"center center","background-size":"auto","background-attachment":"scroll","background-type":"","background-media":"","overlay-type":"","overlay-color":"","overlay-opacity":"","overlay-gradient":""},"tablet":{"background-color":"","background-image":"","background-repeat":"repeat","background-position":"center center","background-size":"auto","background-attachment":"scroll","background-type":"","background-media":"","overlay-type":"","overlay-color":"","overlay-opacity":"","overlay-gradient":""},"mobile":{"background-color":"","background-image":"","background-repeat":"repeat","background-position":"center center","background-size":"auto","background-attachment":"scroll","background-type":"","background-media":"","overlay-type":"","overlay-color":"","overlay-opacity":"","overlay-gradient":""}},"ast-content-background-meta":{"desktop":{"background-color":"var(--ast-global-color-5)","background-image":"","background-repeat":"repeat","background-position":"center center","background-size":"auto","background-attachment":"scroll","background-type":"","background-media":"","overlay-type":"","overlay-color":"","overlay-opacity":"","overlay-gradient":""},"tablet":{"background-color":"var(--ast-global-color-5)","background-image":"","background-repeat":"repeat","background-position":"center center","background-size":"auto","background-attachment":"scroll","background-type":"","background-media":"","overlay-type":"","overlay-color":"","overlay-opacity":"","overlay-gradient":""},"mobile":{"background-color":"var(--ast-global-color-5)","background-image":"","background-repeat":"repeat","background-position":"center center","background-size":"auto","background-attachment":"scroll","background-type":"","background-media":"","overlay-type":"","overlay-color":"","overlay-opacity":"","overlay-gradient":""}}},"product_brand":[],"product_cat":[161,162],"product_tag":[],"class_list":{"0":"post-2757","1":"product","2":"type-product","3":"status-publish","4":"has-post-thumbnail","6":"product_cat-self-defense-knife","7":"product_cat-tactical-pens","8":"desktop-align-left","9":"tablet-align-left","10":"mobile-align-left","11":"ast-product-gallery-layout-first-image-large","12":"ast-magnify-disabled","13":"ast-product-single-variable","14":"ast-product-tabs-layout-distributed","16":"first","17":"instock","18":"sale","19":"shipping-taxable","20":"purchasable","21":"product-type-variable","22":"has-default-attributes"},"uagb_featured_image_src":{"full":["https:\/\/www.ringsknife.com\/wp-content\/uploads\/2024\/09\/Multi-functional-Titanium-Alloy-Tactical-Pen-5.jpg",800,800,false],"thumbnail":["https:\/\/www.ringsknife.com\/wp-content\/uploads\/2024\/09\/Multi-functional-Titanium-Alloy-Tactical-Pen-5-150x150.jpg",150,150,true],"medium":["https:\/\/www.ringsknife.com\/wp-content\/uploads\/2024\/09\/Multi-functional-Titanium-Alloy-Tactical-Pen-5-300x300.jpg",300,300,true],"medium_large":["https:\/\/www.ringsknife.com\/wp-content\/uploads\/2024\/09\/Multi-functional-Titanium-Alloy-Tactical-Pen-5-768x768.jpg",768,768,true],"large":["https:\/\/www.ringsknife.com\/wp-content\/uploads\/2024\/09\/Multi-functional-Titanium-Alloy-Tactical-Pen-5.jpg",800,800,false],"1536x1536":["https:\/\/www.ringsknife.com\/wp-content\/uploads\/2024\/09\/Multi-functional-Titanium-Alloy-Tactical-Pen-5.jpg",800,800,false],"2048x2048":["https:\/\/www.ringsknife.com\/wp-content\/uploads\/2024\/09\/Multi-functional-Titanium-Alloy-Tactical-Pen-5.jpg",800,800,false],"trp-custom-language-flag":["https:\/\/www.ringsknife.com\/wp-content\/uploads\/2024\/09\/Multi-functional-Titanium-Alloy-Tactical-Pen-5.jpg",12,12,false],"woocommerce_thumbnail":["https:\/\/www.ringsknife.com\/wp-content\/uploads\/2024\/09\/Multi-functional-Titanium-Alloy-Tactical-Pen-5.jpg",800,800,false],"woocommerce_single":["https:\/\/www.ringsknife.com\/wp-content\/uploads\/2024\/09\/Multi-functional-Titanium-Alloy-Tactical-Pen-5.jpg",800,800,false],"woocommerce_gallery_thumbnail":["https:\/\/www.ringsknife.com\/wp-content\/uploads\/2024\/09\/Multi-functional-Titanium-Alloy-Tactical-Pen-5-100x100.jpg",100,100,true]},"uagb_author_info":{"display_name":"ringsknife.com","author_link":"https:\/\/www.ringsknife.com\/de\/author\/"},"uagb_comment_info":1,"uagb_excerpt":"Durable Titanium Alloy Construction: The pen's aviation-grade titanium alloy ensures exceptional strength and long-lasting durability, making it a reliable companion in any situation. Dual Functionality: This pen serves as both a high-performance writing tool and a vital emergency tool, featuring an integrated glass breaker and self-defense capabilities. Smooth Writing Experience: Enjoy fluid writing with a&hellip;","jetpack_sharing_enabled":true,"_links":{"self":[{"href":"https:\/\/www.ringsknife.com\/de\/wp-json\/wp\/v2\/product\/2757","targetHints":{"allow":["GET"]}}],"collection":[{"href":"https:\/\/www.ringsknife.com\/de\/wp-json\/wp\/v2\/product"}],"about":[{"href":"https:\/\/www.ringsknife.com\/de\/wp-json\/wp\/v2\/types\/product"}],"replies":[{"embeddable":true,"href":"https:\/\/www.ringsknife.com\/de\/wp-json\/wp\/v2\/comments?post=2757"}],"version-history":[{"count":0,"href":"https:\/\/www.ringsknife.com\/de\/wp-json\/wp\/v2\/product\/2757\/revisions"}],"wp:featuredmedia":[{"embeddable":true,"href":"https:\/\/www.ringsknife.com\/de\/wp-json\/wp\/v2\/media\/2778"}],"wp:attachment":[{"href":"https:\/\/www.ringsknife.com\/de\/wp-json\/wp\/v2\/media?parent=2757"}],"wp:term":[{"taxonomy":"product_brand","embeddable":true,"href":"https:\/\/www.ringsknife.com\/de\/wp-json\/wp\/v2\/product_brand?post=2757"},{"taxonomy":"product_cat","embeddable":true,"href":"https:\/\/www.ringsknife.com\/de\/wp-json\/wp\/v2\/product_cat?post=2757"},{"taxonomy":"product_tag","embeddable":true,"href":"https:\/\/www.ringsknife.com\/de\/wp-json\/wp\/v2\/product_tag?post=2757"}],"curies":[{"name":"wp","href":"https:\/\/api.w.org\/{rel}","templated":true}]}}