
{"id":2615,"date":"2024-08-01T13:33:11","date_gmt":"2024-08-01T05:33:11","guid":{"rendered":"https:\/\/www.ringsknife.com\/product\/tactical-self-defense-titanium-alloy-pencil\/"},"modified":"2025-06-02T22:40:24","modified_gmt":"2025-06-02T14:40:24","slug":"tactical-self-defense-titanium-alloy-pencil","status":"publish","type":"product","link":"https:\/\/www.ringsknife.com\/de\/produkt\/taktische-selbstverteidigung-bleistift-aus-titanlegierung\/","title":{"rendered":"Taktische Selbstverteidigung Titan-Legierung Bleistift"},"content":{"rendered":"<div class=\"product-specs-list-container\">\n<h2>Taktischer Selbstverteidigungs-Bleistift aus Titanlegierung: Ihr ultimatives Werkzeug f\u00fcr jeden Tag<\/h2>\n<p>Der Tactical Self-defense Titanium Alloy Pencil ist ein vielseitiges und robustes Werkzeug, das Funktionalit\u00e4t, Haltbarkeit und pers\u00f6nliche Sicherheit in einem schlanken Paket vereint. Der aus einer hochwertigen Titanlegierung gefertigte Bleistift ist nicht nur ein zuverl\u00e4ssiges Schreibger\u00e4t, sondern auch ein leistungsstarkes Selbstverteidigungswerkzeug, das \u00fcberall diskret mitgef\u00fchrt werden kann. Seine silberne Oberfl\u00e4che strahlt eine professionelle \u00c4sthetik aus, w\u00e4hrend sein multifunktionales Design sicherstellt, dass Sie immer auf das Unerwartete vorbereitet sind.<\/p>\n<h3>Wesentliche Merkmale:<\/h3>\n<ol>\n<li><strong>Premium-Titanlegierungskonstruktion<\/strong><br \/>\nDer aus einer Titanlegierung gefertigte Bleistift bietet eine au\u00dfergew\u00f6hnliche Festigkeit und ein geringes Gewicht, was ihn zu einem idealen Werkzeug f\u00fcr den t\u00e4glichen Gebrauch (EDC) macht.<\/li>\n<li><strong>Multifunktionales Design<\/strong><br \/>\nDer Bleistift ist nicht nur zum Schreiben da, sondern verf\u00fcgt auch \u00fcber einen Angriffskopf zur Selbstverteidigung und eine robuste Spitze, die in Notf\u00e4llen Glas zerbrechen kann und somit einen entscheidenden Schutz und Nutzen bietet.<\/li>\n<li><strong>Elegantes und langlebiges Finish<\/strong><br \/>\nDie silberne Farbe verleiht dem Stift nicht nur einen Hauch von Eleganz, sondern sorgt auch daf\u00fcr, dass er t\u00e4glicher Beanspruchung standh\u00e4lt und sein elegantes Aussehen \u00fcber die Zeit hinweg beibeh\u00e4lt.<\/li>\n<li><strong>Kompakt und tragbar<\/strong><br \/>\nMit einer L\u00e4nge von 134 mm und einem Durchmesser von 10 mm passt dieser Bleistift bequem in Ihre Tasche, Ihren Koffer oder Ihre Aktentasche und ist jederzeit einsatzbereit.<\/li>\n<li><strong>Reibungslose Erfahrung beim Schreiben<\/strong><br \/>\nAusgestattet mit einer Mine auf Wasserbasis bietet dieser Bleistift ein glattes und gleichm\u00e4\u00dfiges Schreibgef\u00fchl, das sich perfekt f\u00fcr allt\u00e4gliche Aufgaben eignet und gleichzeitig als taktisches Werkzeug eingesetzt werden kann.<\/li>\n<\/ol>\n<h3>Einzelheiten zum Produkt:<\/h3>\n<ul>\n<li><strong>Material<\/strong>: Titan-Legierung<\/li>\n<li><strong>Farbe<\/strong>: Silber<\/li>\n<li><strong>Abmessungen<\/strong>: 134mm (L\u00e4nge) x 10mm (Durchmesser)<\/li>\n<li><strong>Funktion<\/strong>: Selbstverteidigung, Notfall-Fensterbrecher, Schreibger\u00e4t<\/li>\n<li><strong>Nachf\u00fcllen Typ<\/strong>: Auf Wasserbasis<\/li>\n<\/ul>\n<p>&nbsp;<\/p>\n<\/div>\n<div class=\"detailmodule_html\">\n<div class=\"detail-desc-decorate-richtext\">\n<div><\/div>\n<\/div>\n<\/div>\n<div class=\"detailmodule_html\">\n<div class=\"detail-desc-decorate-richtext\">\n<div id=\"dxbglyxpre\" class=\"dxbglyxpre\">\n<map name=\"uR3AYaoXJCM8IJsebxrzNd1qpKSfRQmr\">\n<area coords=\"53,118,332,527\" shape=\"rect\" href=\"https:\/\/www.aliexpress.com\/item\/1005003514622371.html\" target=\"_blank\" \/>\n<area coords=\"337,118,616,527\" shape=\"rect\" href=\"https:\/\/www.aliexpress.com\/item\/1005003515227067.html\" target=\"_blank\" \/>\n<area coords=\"621,118,900,527\" shape=\"rect\" href=\"https:\/\/www.aliexpress.com\/item\/1005003480240278.html\" target=\"_blank\" \/>\n<area coords=\"53,527,332,936\" shape=\"rect\" href=\"https:\/\/www.aliexpress.com\/item\/1005004046849850.html\" target=\"_blank\" \/>\n<area coords=\"337,527,616,936\" shape=\"rect\" href=\"https:\/\/www.aliexpress.com\/item\/1005003540270612.html\" target=\"_blank\" \/>\n<area coords=\"621,527,900,936\" shape=\"rect\" href=\"https:\/\/www.aliexpress.com\/item\/1005003569205044.html\" target=\"_blank\" \/><\/map>\n<\/div>\n<\/div>\n<\/div>","protected":false},"excerpt":{"rendered":"<ul>\n<li><strong>Unzerbrechliches Titan St\u00e4rke<\/strong>: Strapazierf\u00e4hig, leicht und f\u00fcr eine lange Lebensdauer ausgelegt.<\/li>\n<li><strong>Mehrzweck-Design<\/strong>: Kombiniert Selbstverteidigung, Notfallwerkzeug und Schreibfunktion.<\/li>\n<li><strong>Kompakt und tragbar<\/strong>: Passt leicht in Ihre Tasche, Ihren Beutel oder Ihr EDC-Kit.<\/li>\n<li><strong>Elegantes Silber-Finish<\/strong>: Professioneller Look, der sich nicht abnutzt.<\/li>\n<li><strong>Reibungslose Schreibleistung<\/strong>: Ausgestattet mit einer zuverl\u00e4ssigen Mine auf Wasserbasis f\u00fcr m\u00fcheloses Schreiben.<\/li>\n<\/ul>","protected":false},"featured_media":2616,"comment_status":"open","ping_status":"closed","template":"","meta":{"_uag_custom_page_level_css":"","site-sidebar-layout":"default","site-content-layout":"","ast-site-content-layout":"default","site-content-style":"default","site-sidebar-style":"default","ast-global-header-display":"","ast-banner-title-visibility":"","ast-main-header-display":"","ast-hfb-above-header-display":"","ast-hfb-below-header-display":"","ast-hfb-mobile-header-display":"","site-post-title":"","ast-breadcrumbs-content":"","ast-featured-img":"","footer-sml-layout":"","ast-disable-related-posts":"","theme-transparent-header-meta":"default","adv-header-id-meta":"","stick-header-meta":"default","header-above-stick-meta":"","header-main-stick-meta":"","header-below-stick-meta":"","astra-migrate-meta-layouts":"set","ast-page-background-enabled":"default","ast-page-background-meta":{"desktop":{"background-color":"","background-image":"","background-repeat":"repeat","background-position":"center center","background-size":"auto","background-attachment":"scroll","background-type":"","background-media":"","overlay-type":"","overlay-color":"","overlay-opacity":"","overlay-gradient":""},"tablet":{"background-color":"","background-image":"","background-repeat":"repeat","background-position":"center center","background-size":"auto","background-attachment":"scroll","background-type":"","background-media":"","overlay-type":"","overlay-color":"","overlay-opacity":"","overlay-gradient":""},"mobile":{"background-color":"","background-image":"","background-repeat":"repeat","background-position":"center center","background-size":"auto","background-attachment":"scroll","background-type":"","background-media":"","overlay-type":"","overlay-color":"","overlay-opacity":"","overlay-gradient":""}},"ast-content-background-meta":{"desktop":{"background-color":"var(--ast-global-color-5)","background-image":"","background-repeat":"repeat","background-position":"center center","background-size":"auto","background-attachment":"scroll","background-type":"","background-media":"","overlay-type":"","overlay-color":"","overlay-opacity":"","overlay-gradient":""},"tablet":{"background-color":"var(--ast-global-color-5)","background-image":"","background-repeat":"repeat","background-position":"center center","background-size":"auto","background-attachment":"scroll","background-type":"","background-media":"","overlay-type":"","overlay-color":"","overlay-opacity":"","overlay-gradient":""},"mobile":{"background-color":"var(--ast-global-color-5)","background-image":"","background-repeat":"repeat","background-position":"center center","background-size":"auto","background-attachment":"scroll","background-type":"","background-media":"","overlay-type":"","overlay-color":"","overlay-opacity":"","overlay-gradient":""}}},"product_brand":[],"product_cat":[161,162],"product_tag":[],"class_list":{"0":"post-2615","1":"product","2":"type-product","3":"status-publish","4":"has-post-thumbnail","6":"product_cat-self-defense-knife","7":"product_cat-tactical-pens","8":"desktop-align-left","9":"tablet-align-left","10":"mobile-align-left","11":"ast-product-gallery-layout-first-image-large","12":"ast-magnify-disabled","13":"ast-product-single-variable","14":"ast-product-tabs-layout-distributed","16":"first","17":"instock","18":"sale","19":"shipping-taxable","20":"purchasable","21":"product-type-variable","22":"has-default-attributes"},"uagb_featured_image_src":{"full":["https:\/\/www.ringsknife.com\/wp-content\/uploads\/2024\/08\/Titanium-Alloy-Pencil-Two-In-One-Neutral-Refill-New-Luxury-Gift-Box-Packaging-Stationery-Writing-Tactical.webp",1500,1500,false],"thumbnail":["https:\/\/www.ringsknife.com\/wp-content\/uploads\/2024\/08\/Titanium-Alloy-Pencil-Two-In-One-Neutral-Refill-New-Luxury-Gift-Box-Packaging-Stationery-Writing-Tactical-150x150.webp",150,150,true],"medium":["https:\/\/www.ringsknife.com\/wp-content\/uploads\/2024\/08\/Titanium-Alloy-Pencil-Two-In-One-Neutral-Refill-New-Luxury-Gift-Box-Packaging-Stationery-Writing-Tactical-300x300.webp",300,300,true],"medium_large":["https:\/\/www.ringsknife.com\/wp-content\/uploads\/2024\/08\/Titanium-Alloy-Pencil-Two-In-One-Neutral-Refill-New-Luxury-Gift-Box-Packaging-Stationery-Writing-Tactical-768x768.webp",768,768,true],"large":["https:\/\/www.ringsknife.com\/wp-content\/uploads\/2024\/08\/Titanium-Alloy-Pencil-Two-In-One-Neutral-Refill-New-Luxury-Gift-Box-Packaging-Stationery-Writing-Tactical-1024x1024.webp",1024,1024,true],"1536x1536":["https:\/\/www.ringsknife.com\/wp-content\/uploads\/2024\/08\/Titanium-Alloy-Pencil-Two-In-One-Neutral-Refill-New-Luxury-Gift-Box-Packaging-Stationery-Writing-Tactical.webp",1500,1500,false],"2048x2048":["https:\/\/www.ringsknife.com\/wp-content\/uploads\/2024\/08\/Titanium-Alloy-Pencil-Two-In-One-Neutral-Refill-New-Luxury-Gift-Box-Packaging-Stationery-Writing-Tactical.webp",1500,1500,false],"trp-custom-language-flag":["https:\/\/www.ringsknife.com\/wp-content\/uploads\/2024\/08\/Titanium-Alloy-Pencil-Two-In-One-Neutral-Refill-New-Luxury-Gift-Box-Packaging-Stationery-Writing-Tactical.webp",12,12,false],"woocommerce_thumbnail":["https:\/\/www.ringsknife.com\/wp-content\/uploads\/2024\/08\/Titanium-Alloy-Pencil-Two-In-One-Neutral-Refill-New-Luxury-Gift-Box-Packaging-Stationery-Writing-Tactical-800x800.webp",800,800,true],"woocommerce_single":["https:\/\/www.ringsknife.com\/wp-content\/uploads\/2024\/08\/Titanium-Alloy-Pencil-Two-In-One-Neutral-Refill-New-Luxury-Gift-Box-Packaging-Stationery-Writing-Tactical-800x800.webp",800,800,true],"woocommerce_gallery_thumbnail":["https:\/\/www.ringsknife.com\/wp-content\/uploads\/2024\/08\/Titanium-Alloy-Pencil-Two-In-One-Neutral-Refill-New-Luxury-Gift-Box-Packaging-Stationery-Writing-Tactical-100x100.webp",100,100,true]},"uagb_author_info":{"display_name":"ringsknife.com","author_link":"https:\/\/www.ringsknife.com\/de\/author\/"},"uagb_comment_info":13,"uagb_excerpt":"Unbreakable Titanium Strength: Durable, lightweight, and built to last. Multi-Purpose Design: Combines self-defense, emergency tool, and writing functionality. Compact &amp; Portable: Easily fits in your pocket, bag, or EDC kit. Elegant Silver Finish: Professional look that resists wear and tear. Smooth Writing Performance: Equipped with a reliable water-based refill for effortless writing.","jetpack_sharing_enabled":true,"_links":{"self":[{"href":"https:\/\/www.ringsknife.com\/de\/wp-json\/wp\/v2\/product\/2615","targetHints":{"allow":["GET"]}}],"collection":[{"href":"https:\/\/www.ringsknife.com\/de\/wp-json\/wp\/v2\/product"}],"about":[{"href":"https:\/\/www.ringsknife.com\/de\/wp-json\/wp\/v2\/types\/product"}],"replies":[{"embeddable":true,"href":"https:\/\/www.ringsknife.com\/de\/wp-json\/wp\/v2\/comments?post=2615"}],"version-history":[{"count":0,"href":"https:\/\/www.ringsknife.com\/de\/wp-json\/wp\/v2\/product\/2615\/revisions"}],"wp:featuredmedia":[{"embeddable":true,"href":"https:\/\/www.ringsknife.com\/de\/wp-json\/wp\/v2\/media\/2616"}],"wp:attachment":[{"href":"https:\/\/www.ringsknife.com\/de\/wp-json\/wp\/v2\/media?parent=2615"}],"wp:term":[{"taxonomy":"product_brand","embeddable":true,"href":"https:\/\/www.ringsknife.com\/de\/wp-json\/wp\/v2\/product_brand?post=2615"},{"taxonomy":"product_cat","embeddable":true,"href":"https:\/\/www.ringsknife.com\/de\/wp-json\/wp\/v2\/product_cat?post=2615"},{"taxonomy":"product_tag","embeddable":true,"href":"https:\/\/www.ringsknife.com\/de\/wp-json\/wp\/v2\/product_tag?post=2615"}],"curies":[{"name":"wp","href":"https:\/\/api.w.org\/{rel}","templated":true}]}}