
{"id":2546,"date":"2024-07-07T14:27:55","date_gmt":"2024-07-07T06:27:55","guid":{"rendered":"https:\/\/www.ringsknife.com\/product\/10pcs-safety-keychain-set-personal-defense-kit\/"},"modified":"2024-12-25T16:37:17","modified_gmt":"2024-12-25T08:37:17","slug":"10pcs-safety-keychain-set-personal-defense-kit","status":"publish","type":"product","link":"https:\/\/www.ringsknife.com\/de\/produkt\/10pcs-sicherheit-schlusselanhanger-set-personliche-verteidigung-kit\/","title":{"rendered":"10pcs Sicherheit Schl\u00fcsselanh\u00e4nger Set pers\u00f6nliche Verteidigung Kit"},"content":{"rendered":"<div class=\"product-specs-list-container\">\n<h3>Wesentliche Sicherheit und Stil: 10pcs Sicherheit Schl\u00fcsselanh\u00e4nger Set Personal Defense Kit<\/h3>\n<p>Entdecken Sie das Nonplusultra an pers\u00f6nlicher Sicherheit und Stil mit unserem 10-teiligen Sicherheits-Schl\u00fcsselanh\u00e4ngerset. Dieses Set wurde speziell f\u00fcr Frauen entwickelt und kombiniert wichtige Sicherheitswerkzeuge mit modischen Accessoires, damit Sie \u00fcberall gut vorbereitet und selbstbewusst auftreten k\u00f6nnen.<\/p>\n<h4>Produktmerkmale:<\/h4>\n<ul>\n<li><strong>Pers\u00f6nlicher Alarm:<\/strong> Gibt einen lauten Ton ab, um in Notf\u00e4llen auf sich aufmerksam zu machen.<\/li>\n<li><strong>Brieftasche mit Karte:<\/strong> Bewahrt Ihre wichtigsten Karten und Ihr Bargeld sicher auf.<\/li>\n<li><strong>Handgelenkriemen:<\/strong> Praktischer Riemen f\u00fcr einfaches Tragen.<\/li>\n<li><strong>Lippenstift-Halter:<\/strong> Elegantes Etui, um Ihren Lippenstift sicher und griffbereit aufzubewahren.<\/li>\n<li><strong>Parf\u00fcmflaschen:<\/strong> Kompakte Beh\u00e4lter f\u00fcr Ihre Lieblingsd\u00fcfte.<\/li>\n<li><strong>Organizer-Tasche:<\/strong> Verstaut alle Komponenten \u00fcbersichtlich.<\/li>\n<li><strong>Niedlicher Pom Pom:<\/strong> Verleiht Ihrem Set einen Hauch von Charme.<\/li>\n<li><strong>Pfeifen:<\/strong> Zus\u00e4tzliches Sicherheitsinstrument zur Signalisierung.<\/li>\n<\/ul>\n<h4>Einzelheiten zum Produkt:<\/h4>\n<p>Jedes Teil dieses Sets ist praktisch und \u00e4sthetisch und erf\u00fcllt einen doppelten Zweck: Es sorgt f\u00fcr Sicherheit und erg\u00e4nzt Ihren pers\u00f6nlichen Stil. Es ist ideal f\u00fcr den t\u00e4glichen Gebrauch oder f\u00fcr die Reise und bietet Sicherheit mit einer Mischung aus Funktionalit\u00e4t und Mode.<\/p>\n<p>Erh\u00f6hen Sie Ihre Sicherheit und Ihren Stil mit unserem 10-teiligen Sicherheits-Schl\u00fcsselanh\u00e4ngerset. Bleiben Sie vorbereitet, bleiben Sie stilvoll.<\/p>\n<\/div>\n<div class=\"detailmodule_html\">\n<div class=\"detail-desc-decorate-richtext\">\n<div style=\"overflow: hidden; height: 0px;\">\n<p>modname=ckedito<\/p>\n<h3>Wesentliche Sicherheit und Stil: 10pcs Sicherheit Schl\u00fcsselanh\u00e4nger Set Personal Defense Kit<\/h3>\n<p>Entdecken Sie das Nonplusultra an pers\u00f6nlicher Sicherheit und Stil mit unserem 10-teiligen Sicherheits-Schl\u00fcsselanh\u00e4ngerset. Dieses Set wurde speziell f\u00fcr Frauen entwickelt und kombiniert wichtige Sicherheitswerkzeuge mit modischen Accessoires, damit Sie \u00fcberall gut vorbereitet und selbstbewusst auftreten k\u00f6nnen.<\/p>\n<h4>Produktmerkmale:<\/h4>\n<ul>\n<li><strong>Pers\u00f6nlicher Alarm:<\/strong> Gibt einen lauten Ton ab, um in Notf\u00e4llen auf sich aufmerksam zu machen.<\/li>\n<li><strong>Brieftasche mit Karte:<\/strong> Bewahrt Ihre wichtigsten Karten und Ihr Bargeld sicher auf.<\/li>\n<li><strong>Handgelenkriemen:<\/strong> Praktischer Riemen f\u00fcr einfaches Tragen.<\/li>\n<li><strong>Lippenstift-Halter:<\/strong> Elegantes Etui, um Ihren Lippenstift sicher und griffbereit aufzubewahren.<\/li>\n<li><strong>Parf\u00fcmflaschen:<\/strong> Kompakte Beh\u00e4lter f\u00fcr Ihre Lieblingsd\u00fcfte.<\/li>\n<li><strong>Organizer-Tasche:<\/strong> Verstaut alle Komponenten \u00fcbersichtlich.<\/li>\n<li><strong>Niedlicher Pom Pom:<\/strong> Verleiht Ihrem Set einen Hauch von Charme.<\/li>\n<li><strong>Pfeifen:<\/strong> Zus\u00e4tzliches Sicherheitsinstrument zur Signalisierung.<\/li>\n<\/ul>\n<h4>Einzelheiten zum Produkt:<\/h4>\n<p>Jedes Teil dieses Sets ist praktisch und \u00e4sthetisch und erf\u00fcllt einen doppelten Zweck: Es sorgt f\u00fcr Sicherheit und erg\u00e4nzt Ihren pers\u00f6nlichen Stil. Es ist ideal f\u00fcr den t\u00e4glichen Gebrauch oder f\u00fcr die Reise und bietet Sicherheit mit einer Mischung aus Funktionalit\u00e4t und Mode.<\/p>\n<p><strong>Aufruf zum Handeln:<\/strong> Erh\u00f6hen Sie Ihre Sicherheit und Ihren Stil mit unserem 10-teiligen Sicherheits-Schl\u00fcsselanh\u00e4ngerset. Bleiben Sie vorbereitet, bleiben Sie stilvoll.<\/p>\n<\/div>\n<\/div>\n<\/div>","protected":false},"excerpt":{"rendered":"<ul>\n<li><strong>Umfassende Sicherheit:<\/strong> Enth\u00e4lt einen leistungsstarken pers\u00f6nlichen Alarm und eine Pfeife f\u00fcr Notsituationen.<\/li>\n<li><strong>Stilvolle Organisation:<\/strong> Ausgestattet mit einem Kartenetui, einer Organizertasche und einem Trageriemen zum bequemen Tragen.<\/li>\n<li><strong>Schicke Accessoires:<\/strong> Lippenstifthalter, Parf\u00fcmflaschen und niedliche Bommel verleihen Ihren Alltagsgegenst\u00e4nden ein besonderes Flair.<\/li>\n<li><strong>Perfekt f\u00fcr Reisen:<\/strong> Kompakt und TSA-freundlich, ideal f\u00fcr Inlands- und Auslandsreisen.<\/li>\n<\/ul>","protected":false},"featured_media":2560,"comment_status":"open","ping_status":"closed","template":"","meta":{"_uag_custom_page_level_css":"","site-sidebar-layout":"default","site-content-layout":"","ast-site-content-layout":"default","site-content-style":"default","site-sidebar-style":"default","ast-global-header-display":"","ast-banner-title-visibility":"","ast-main-header-display":"","ast-hfb-above-header-display":"","ast-hfb-below-header-display":"","ast-hfb-mobile-header-display":"","site-post-title":"","ast-breadcrumbs-content":"","ast-featured-img":"","footer-sml-layout":"","ast-disable-related-posts":"","theme-transparent-header-meta":"default","adv-header-id-meta":"","stick-header-meta":"default","header-above-stick-meta":"","header-main-stick-meta":"","header-below-stick-meta":"","astra-migrate-meta-layouts":"set","ast-page-background-enabled":"default","ast-page-background-meta":{"desktop":{"background-color":"","background-image":"","background-repeat":"repeat","background-position":"center center","background-size":"auto","background-attachment":"scroll","background-type":"","background-media":"","overlay-type":"","overlay-color":"","overlay-opacity":"","overlay-gradient":""},"tablet":{"background-color":"","background-image":"","background-repeat":"repeat","background-position":"center center","background-size":"auto","background-attachment":"scroll","background-type":"","background-media":"","overlay-type":"","overlay-color":"","overlay-opacity":"","overlay-gradient":""},"mobile":{"background-color":"","background-image":"","background-repeat":"repeat","background-position":"center center","background-size":"auto","background-attachment":"scroll","background-type":"","background-media":"","overlay-type":"","overlay-color":"","overlay-opacity":"","overlay-gradient":""}},"ast-content-background-meta":{"desktop":{"background-color":"var(--ast-global-color-5)","background-image":"","background-repeat":"repeat","background-position":"center center","background-size":"auto","background-attachment":"scroll","background-type":"","background-media":"","overlay-type":"","overlay-color":"","overlay-opacity":"","overlay-gradient":""},"tablet":{"background-color":"var(--ast-global-color-5)","background-image":"","background-repeat":"repeat","background-position":"center center","background-size":"auto","background-attachment":"scroll","background-type":"","background-media":"","overlay-type":"","overlay-color":"","overlay-opacity":"","overlay-gradient":""},"mobile":{"background-color":"var(--ast-global-color-5)","background-image":"","background-repeat":"repeat","background-position":"center center","background-size":"auto","background-attachment":"scroll","background-type":"","background-media":"","overlay-type":"","overlay-color":"","overlay-opacity":"","overlay-gradient":""}}},"product_brand":[],"product_cat":[169,50],"product_tag":[],"class_list":{"0":"post-2546","1":"product","2":"type-product","3":"status-publish","4":"has-post-thumbnail","6":"product_cat-self-defense-keychain-sets","7":"product_cat-self-defense-keychains","8":"desktop-align-left","9":"tablet-align-left","10":"mobile-align-left","11":"ast-product-gallery-layout-first-image-large","12":"ast-magnify-disabled","13":"ast-product-single-variable","14":"ast-product-tabs-layout-distributed","16":"first","17":"instock","18":"sale","19":"shipping-taxable","20":"purchasable","21":"product-type-variable","22":"has-default-attributes"},"uagb_featured_image_src":{"full":["https:\/\/www.ringsknife.com\/wp-content\/uploads\/2024\/07\/Safety-Keychain-Full-Set-Self-Defense-Security-Keychain-Set-With-Personal-Alarm-Protective-Keychain-Accessories-For.jpg_640x640-8.webp",640,640,false],"thumbnail":["https:\/\/www.ringsknife.com\/wp-content\/uploads\/2024\/07\/Safety-Keychain-Full-Set-Self-Defense-Security-Keychain-Set-With-Personal-Alarm-Protective-Keychain-Accessories-For.jpg_640x640-8-150x150.webp",150,150,true],"medium":["https:\/\/www.ringsknife.com\/wp-content\/uploads\/2024\/07\/Safety-Keychain-Full-Set-Self-Defense-Security-Keychain-Set-With-Personal-Alarm-Protective-Keychain-Accessories-For.jpg_640x640-8-300x300.webp",300,300,true],"medium_large":["https:\/\/www.ringsknife.com\/wp-content\/uploads\/2024\/07\/Safety-Keychain-Full-Set-Self-Defense-Security-Keychain-Set-With-Personal-Alarm-Protective-Keychain-Accessories-For.jpg_640x640-8.webp",640,640,false],"large":["https:\/\/www.ringsknife.com\/wp-content\/uploads\/2024\/07\/Safety-Keychain-Full-Set-Self-Defense-Security-Keychain-Set-With-Personal-Alarm-Protective-Keychain-Accessories-For.jpg_640x640-8.webp",640,640,false],"1536x1536":["https:\/\/www.ringsknife.com\/wp-content\/uploads\/2024\/07\/Safety-Keychain-Full-Set-Self-Defense-Security-Keychain-Set-With-Personal-Alarm-Protective-Keychain-Accessories-For.jpg_640x640-8.webp",640,640,false],"2048x2048":["https:\/\/www.ringsknife.com\/wp-content\/uploads\/2024\/07\/Safety-Keychain-Full-Set-Self-Defense-Security-Keychain-Set-With-Personal-Alarm-Protective-Keychain-Accessories-For.jpg_640x640-8.webp",640,640,false],"trp-custom-language-flag":["https:\/\/www.ringsknife.com\/wp-content\/uploads\/2024\/07\/Safety-Keychain-Full-Set-Self-Defense-Security-Keychain-Set-With-Personal-Alarm-Protective-Keychain-Accessories-For.jpg_640x640-8.webp",12,12,false],"woocommerce_thumbnail":["https:\/\/www.ringsknife.com\/wp-content\/uploads\/2024\/07\/Safety-Keychain-Full-Set-Self-Defense-Security-Keychain-Set-With-Personal-Alarm-Protective-Keychain-Accessories-For.jpg_640x640-8.webp",640,640,false],"woocommerce_single":["https:\/\/www.ringsknife.com\/wp-content\/uploads\/2024\/07\/Safety-Keychain-Full-Set-Self-Defense-Security-Keychain-Set-With-Personal-Alarm-Protective-Keychain-Accessories-For.jpg_640x640-8.webp",640,640,false],"woocommerce_gallery_thumbnail":["https:\/\/www.ringsknife.com\/wp-content\/uploads\/2024\/07\/Safety-Keychain-Full-Set-Self-Defense-Security-Keychain-Set-With-Personal-Alarm-Protective-Keychain-Accessories-For.jpg_640x640-8-100x100.webp",100,100,true]},"uagb_author_info":{"display_name":"ringsknife.com","author_link":"https:\/\/www.ringsknife.com\/de\/author\/"},"uagb_comment_info":13,"uagb_excerpt":"Comprehensive Safety: Includes a powerful personal alarm and whistle for emergency situations. Stylish Organization: Features a card wallet, organizer bag, and wristlet strap for convenient carrying. Chic Accessories: Lipstick holder, perfume bottles, and cute pom pom add flair to your everyday essentials. Perfect for Travel: Compact and TSA-friendly, ideal for both domestic and international trips.","jetpack_sharing_enabled":true,"_links":{"self":[{"href":"https:\/\/www.ringsknife.com\/de\/wp-json\/wp\/v2\/product\/2546","targetHints":{"allow":["GET"]}}],"collection":[{"href":"https:\/\/www.ringsknife.com\/de\/wp-json\/wp\/v2\/product"}],"about":[{"href":"https:\/\/www.ringsknife.com\/de\/wp-json\/wp\/v2\/types\/product"}],"replies":[{"embeddable":true,"href":"https:\/\/www.ringsknife.com\/de\/wp-json\/wp\/v2\/comments?post=2546"}],"version-history":[{"count":0,"href":"https:\/\/www.ringsknife.com\/de\/wp-json\/wp\/v2\/product\/2546\/revisions"}],"wp:featuredmedia":[{"embeddable":true,"href":"https:\/\/www.ringsknife.com\/de\/wp-json\/wp\/v2\/media\/2560"}],"wp:attachment":[{"href":"https:\/\/www.ringsknife.com\/de\/wp-json\/wp\/v2\/media?parent=2546"}],"wp:term":[{"taxonomy":"product_brand","embeddable":true,"href":"https:\/\/www.ringsknife.com\/de\/wp-json\/wp\/v2\/product_brand?post=2546"},{"taxonomy":"product_cat","embeddable":true,"href":"https:\/\/www.ringsknife.com\/de\/wp-json\/wp\/v2\/product_cat?post=2546"},{"taxonomy":"product_tag","embeddable":true,"href":"https:\/\/www.ringsknife.com\/de\/wp-json\/wp\/v2\/product_tag?post=2546"}],"curies":[{"name":"wp","href":"https:\/\/api.w.org\/{rel}","templated":true}]}}