
{"id":2512,"date":"2024-07-04T20:04:02","date_gmt":"2024-07-04T12:04:02","guid":{"rendered":"https:\/\/www.ringsknife.com\/product\/9pcs-keychain-set-womens-self-defense-kit\/"},"modified":"2025-06-06T20:29:08","modified_gmt":"2025-06-06T12:29:08","slug":"womens-self-defense-kit","status":"publish","type":"product","link":"https:\/\/www.ringsknife.com\/de\/produkt\/frauen-selbstverteidigung-kit\/","title":{"rendered":"9 St\u00fcck Schl\u00fcsselanh\u00e4nger Set Frauen Selbstverteidigung Kit"},"content":{"rendered":"<h2>Bleiben Sie sicher und stilvoll mit unserem 9-teiligen Schl\u00fcsselanh\u00e4ngerset f\u00fcr Frauen zur Selbstverteidigung<\/h2>\n<p>Einf\u00fchrung in die\u00a0<strong>9 St\u00fcck Schl\u00fcsselanh\u00e4nger Set Frauen Selbstverteidigung Kit<\/strong>Ihr ultimativer Begleiter f\u00fcr Sicherheit und Komfort. Dieses umfassende Set wurde entwickelt, um Sie mit den wichtigsten Werkzeugen auszustatten, mit denen Sie sich sch\u00fctzen und in jeder Situation vorbereitet sein k\u00f6nnen. Dieses Set ist leicht und einfach zu tragen und eignet sich perfekt f\u00fcr Frauen, M\u00e4dchen, \u00e4ltere Menschen und Kinder.<\/p>\n<h3>Produktmerkmale:<\/h3>\n<ul>\n<li><strong>10-in-1 Sicherheits-Schl\u00fcsselanh\u00e4nger Komplettset<\/strong>: Enth\u00e4lt ein Armband, einen pers\u00f6nlichen Alarm mit LED-Licht, eine Trillerpfeife, eine Flaschenschutzh\u00fclle mit einer leeren Flasche, 2 Lippenstifttaschen, einen Flaschen\u00f6ffner, ein T\u00fcr\u00f6ffner-Artefakt und einen s\u00fc\u00dfen Pomponball.<\/li>\n<li><strong>Leicht zu transportieren<\/strong>: Leicht und kompakt, passt leicht in Ihre Tasche oder kann am Handgelenk getragen werden.<\/li>\n<li><strong>Praktische Geschenke<\/strong>: Ideal f\u00fcr Damen und M\u00e4dchen, damit sie sich beim Ausgehen sicherer f\u00fchlen. Auch perfekt f\u00fcr \u00e4ltere Menschen und Kinder.<\/li>\n<li><strong>Safety Sound Personal Alert<\/strong>: Gibt einen lauten Alarm aus, der bis zu 500 Fu\u00df weit zu h\u00f6ren ist und bis zu 50 Minuten anh\u00e4lt.<\/li>\n<\/ul>\n<h3>Einzelheiten zum Produkt:<\/h3>\n<ul>\n<li><strong>Pers\u00f6nlicher Alarm<\/strong>: Lauter Notruf mit LED-Licht f\u00fcr bessere Sichtbarkeit.<\/li>\n<li><strong>Pfeife<\/strong>: Erregt Aufmerksamkeit oder kann f\u00fcr das Hundetraining verwendet werden.<\/li>\n<li><strong>Flaschen\u00f6ffner<\/strong>: Praktisches Werkzeug zum \u00d6ffnen von Flaschen.<\/li>\n<li><strong>Pompon<\/strong>: Niedliches Accessoire, das auch zum Stressabbau beitr\u00e4gt.<\/li>\n<li><strong>Lippenstift-Taschen<\/strong>: Praktische Aufbewahrung f\u00fcr Ihren Lippenstift.<\/li>\n<li><strong>T\u00fcr\u00f6ffner ohne Ber\u00fchrung<\/strong>: Erm\u00f6glicht das ber\u00fchrungslose Dr\u00fccken von Aufzugstasten und das \u00d6ffnen von T\u00fcren.<\/li>\n<li><strong>Handdesinfektionsmittelbeutel<\/strong>: H\u00e4lt eine Flasche Handdesinfektionsmittel f\u00fcr die Hygiene unterwegs.<\/li>\n<li><strong>Leere Flasche<\/strong>: Kann mit Handdesinfektionsmittel oder anderen Fl\u00fcssigkeiten bef\u00fcllt werden.<\/li>\n<li><strong>Handgelenkriemen<\/strong>: Erm\u00f6glicht einfaches Tragen und leichte Zug\u00e4nglichkeit.<\/li>\n<\/ul>\n<p>R\u00fcsten Sie sich noch heute mit dem ultimativen Selbstverteidigungsset aus! Bleiben Sie sicher, stilvoll und vorbereitet mit unserem 9-teiligen Schl\u00fcsselanh\u00e4ngerset. Bestellen Sie jetzt und \u00fcbernehmen Sie die Kontrolle \u00fcber Ihre Sicherheit!<\/p>","protected":false},"excerpt":{"rendered":"<ol>\n<li><strong>Umfassendes Sicherheitspaket<\/strong>: Dieses 10-in-1-Schl\u00fcsselanh\u00e4ngerset enth\u00e4lt alle wichtigen Werkzeuge, die Sie f\u00fcr Ihre pers\u00f6nliche Sicherheit und Bequemlichkeit ben\u00f6tigen, und ist somit ein Muss f\u00fcr jeden.<\/li>\n<li><strong>Leicht und tragbar<\/strong>: Dieses Schl\u00fcsselanh\u00e4ngerset ist leicht und handlich und kann einfach an der Tasche oder am Handgelenk befestigt werden, damit Sie es immer bei sich haben.<\/li>\n<li><strong>Praktisches und durchdachtes Geschenk<\/strong>: Dieses Schl\u00fcsselanh\u00e4ngerset eignet sich perfekt als Geschenk f\u00fcr Frauen, M\u00e4dchen, \u00e4ltere Menschen und Kinder und bietet Sicherheit und praktischen Nutzen in allt\u00e4glichen Situationen.<\/li>\n<li><strong>Lauter pers\u00f6nlicher Alarm<\/strong>: Der pers\u00f6nliche Alarm sendet einen durchdringenden Ton aus, der bis zu 500 Fu\u00df weit zu h\u00f6ren ist, damit Sie in Notf\u00e4llen auf sich aufmerksam machen und Hilfe holen k\u00f6nnen.<\/li>\n<li><strong>Vielseitige Werkzeuge<\/strong>: Von einer Trillerpfeife und einem Flaschen\u00f6ffner bis hin zu einem ber\u00fchrungslosen T\u00fcr\u00f6ffner und einem Beutel f\u00fcr Handdesinfektionsmittel - dieses Set enth\u00e4lt vielseitige Werkzeuge f\u00fcr unterschiedliche Bed\u00fcrfnisse.<\/li>\n<\/ol>","protected":false},"featured_media":2513,"comment_status":"open","ping_status":"closed","template":"","meta":{"_uag_custom_page_level_css":"","site-sidebar-layout":"default","site-content-layout":"","ast-site-content-layout":"default","site-content-style":"default","site-sidebar-style":"default","ast-global-header-display":"","ast-banner-title-visibility":"","ast-main-header-display":"","ast-hfb-above-header-display":"","ast-hfb-below-header-display":"","ast-hfb-mobile-header-display":"","site-post-title":"","ast-breadcrumbs-content":"","ast-featured-img":"","footer-sml-layout":"","ast-disable-related-posts":"","theme-transparent-header-meta":"default","adv-header-id-meta":"","stick-header-meta":"default","header-above-stick-meta":"","header-main-stick-meta":"","header-below-stick-meta":"","astra-migrate-meta-layouts":"set","ast-page-background-enabled":"default","ast-page-background-meta":{"desktop":{"background-color":"","background-image":"","background-repeat":"repeat","background-position":"center center","background-size":"auto","background-attachment":"scroll","background-type":"","background-media":"","overlay-type":"","overlay-color":"","overlay-opacity":"","overlay-gradient":""},"tablet":{"background-color":"","background-image":"","background-repeat":"repeat","background-position":"center center","background-size":"auto","background-attachment":"scroll","background-type":"","background-media":"","overlay-type":"","overlay-color":"","overlay-opacity":"","overlay-gradient":""},"mobile":{"background-color":"","background-image":"","background-repeat":"repeat","background-position":"center center","background-size":"auto","background-attachment":"scroll","background-type":"","background-media":"","overlay-type":"","overlay-color":"","overlay-opacity":"","overlay-gradient":""}},"ast-content-background-meta":{"desktop":{"background-color":"var(--ast-global-color-5)","background-image":"","background-repeat":"repeat","background-position":"center center","background-size":"auto","background-attachment":"scroll","background-type":"","background-media":"","overlay-type":"","overlay-color":"","overlay-opacity":"","overlay-gradient":""},"tablet":{"background-color":"var(--ast-global-color-5)","background-image":"","background-repeat":"repeat","background-position":"center center","background-size":"auto","background-attachment":"scroll","background-type":"","background-media":"","overlay-type":"","overlay-color":"","overlay-opacity":"","overlay-gradient":""},"mobile":{"background-color":"var(--ast-global-color-5)","background-image":"","background-repeat":"repeat","background-position":"center center","background-size":"auto","background-attachment":"scroll","background-type":"","background-media":"","overlay-type":"","overlay-color":"","overlay-opacity":"","overlay-gradient":""}}},"product_brand":[],"product_cat":[169,50],"product_tag":[],"class_list":{"0":"post-2512","1":"product","2":"type-product","3":"status-publish","4":"has-post-thumbnail","6":"product_cat-self-defense-keychain-sets","7":"product_cat-self-defense-keychains","8":"desktop-align-left","9":"tablet-align-left","10":"mobile-align-left","11":"ast-product-gallery-layout-first-image-large","12":"ast-magnify-disabled","13":"ast-product-single-variable","14":"ast-product-tabs-layout-distributed","16":"first","17":"instock","18":"sale","19":"featured","20":"shipping-taxable","21":"purchasable","22":"product-type-variable","23":"has-default-attributes"},"uagb_featured_image_src":{"full":["https:\/\/www.ringsknife.com\/wp-content\/uploads\/2024\/07\/Safety-Keychain-Full-Set-Self-Defense-Security-Keychain-Set-With-Personal-Alarm-Protective-Keychain-Accessories-For.webp",800,800,false],"thumbnail":["https:\/\/www.ringsknife.com\/wp-content\/uploads\/2024\/07\/Safety-Keychain-Full-Set-Self-Defense-Security-Keychain-Set-With-Personal-Alarm-Protective-Keychain-Accessories-For-150x150.webp",150,150,true],"medium":["https:\/\/www.ringsknife.com\/wp-content\/uploads\/2024\/07\/Safety-Keychain-Full-Set-Self-Defense-Security-Keychain-Set-With-Personal-Alarm-Protective-Keychain-Accessories-For-300x300.webp",300,300,true],"medium_large":["https:\/\/www.ringsknife.com\/wp-content\/uploads\/2024\/07\/Safety-Keychain-Full-Set-Self-Defense-Security-Keychain-Set-With-Personal-Alarm-Protective-Keychain-Accessories-For-768x768.webp",768,768,true],"large":["https:\/\/www.ringsknife.com\/wp-content\/uploads\/2024\/07\/Safety-Keychain-Full-Set-Self-Defense-Security-Keychain-Set-With-Personal-Alarm-Protective-Keychain-Accessories-For.webp",800,800,false],"1536x1536":["https:\/\/www.ringsknife.com\/wp-content\/uploads\/2024\/07\/Safety-Keychain-Full-Set-Self-Defense-Security-Keychain-Set-With-Personal-Alarm-Protective-Keychain-Accessories-For.webp",800,800,false],"2048x2048":["https:\/\/www.ringsknife.com\/wp-content\/uploads\/2024\/07\/Safety-Keychain-Full-Set-Self-Defense-Security-Keychain-Set-With-Personal-Alarm-Protective-Keychain-Accessories-For.webp",800,800,false],"trp-custom-language-flag":["https:\/\/www.ringsknife.com\/wp-content\/uploads\/2024\/07\/Safety-Keychain-Full-Set-Self-Defense-Security-Keychain-Set-With-Personal-Alarm-Protective-Keychain-Accessories-For.webp",12,12,false],"woocommerce_thumbnail":["https:\/\/www.ringsknife.com\/wp-content\/uploads\/2024\/07\/Safety-Keychain-Full-Set-Self-Defense-Security-Keychain-Set-With-Personal-Alarm-Protective-Keychain-Accessories-For.webp",800,800,false],"woocommerce_single":["https:\/\/www.ringsknife.com\/wp-content\/uploads\/2024\/07\/Safety-Keychain-Full-Set-Self-Defense-Security-Keychain-Set-With-Personal-Alarm-Protective-Keychain-Accessories-For.webp",800,800,false],"woocommerce_gallery_thumbnail":["https:\/\/www.ringsknife.com\/wp-content\/uploads\/2024\/07\/Safety-Keychain-Full-Set-Self-Defense-Security-Keychain-Set-With-Personal-Alarm-Protective-Keychain-Accessories-For-100x100.webp",100,100,true]},"uagb_author_info":{"display_name":"ringsknife.com","author_link":"https:\/\/www.ringsknife.com\/de\/author\/"},"uagb_comment_info":35,"uagb_excerpt":"Comprehensive Safety Kit: This 10-in-1 keychain set includes all the essential tools you need for personal safety and convenience, making it a must-have for everyone. Lightweight and Portable: Designed to be lightweight and easy to carry, this keychain set can be easily attached to your bag or wrist, ensuring you have it with you at&hellip;","jetpack_sharing_enabled":true,"_links":{"self":[{"href":"https:\/\/www.ringsknife.com\/de\/wp-json\/wp\/v2\/product\/2512","targetHints":{"allow":["GET"]}}],"collection":[{"href":"https:\/\/www.ringsknife.com\/de\/wp-json\/wp\/v2\/product"}],"about":[{"href":"https:\/\/www.ringsknife.com\/de\/wp-json\/wp\/v2\/types\/product"}],"replies":[{"embeddable":true,"href":"https:\/\/www.ringsknife.com\/de\/wp-json\/wp\/v2\/comments?post=2512"}],"version-history":[{"count":0,"href":"https:\/\/www.ringsknife.com\/de\/wp-json\/wp\/v2\/product\/2512\/revisions"}],"wp:featuredmedia":[{"embeddable":true,"href":"https:\/\/www.ringsknife.com\/de\/wp-json\/wp\/v2\/media\/2513"}],"wp:attachment":[{"href":"https:\/\/www.ringsknife.com\/de\/wp-json\/wp\/v2\/media?parent=2512"}],"wp:term":[{"taxonomy":"product_brand","embeddable":true,"href":"https:\/\/www.ringsknife.com\/de\/wp-json\/wp\/v2\/product_brand?post=2512"},{"taxonomy":"product_cat","embeddable":true,"href":"https:\/\/www.ringsknife.com\/de\/wp-json\/wp\/v2\/product_cat?post=2512"},{"taxonomy":"product_tag","embeddable":true,"href":"https:\/\/www.ringsknife.com\/de\/wp-json\/wp\/v2\/product_tag?post=2512"}],"curies":[{"name":"wp","href":"https:\/\/api.w.org\/{rel}","templated":true}]}}