
{"id":24678,"date":"2025-10-21T14:53:15","date_gmt":"2025-10-21T06:53:15","guid":{"rendered":"https:\/\/www.ringsknife.com\/product\/new-anti-wolf-device-girls-self-defense-artifact-children-students-the-elderly-emergency-call-device-cute-keychain\/"},"modified":"2026-04-25T08:49:21","modified_gmt":"2026-04-25T00:49:21","slug":"new-anti-wolf-device-girls-self-defense-artifact-children-students-the-elderly-emergency-call-device-cute-keychain","status":"publish","type":"product","link":"https:\/\/www.ringsknife.com\/de\/produkt\/new-anti-wolf-device-girls-self-defense-artifact-children-students-the-elderly-emergency-call-device-cute-keychain\/","title":{"rendered":"Neues Anti-Wolf-Ger\u00e4t, Selbstverteidigungsger\u00e4t f\u00fcr M\u00e4dchen, Kinder, Sch\u00fcler, Senioren, Notrufger\u00e4t, niedlicher Schl\u00fcsselanh\u00e4nger"},"content":{"rendered":"","protected":false},"excerpt":{"rendered":"","protected":false},"featured_media":24679,"comment_status":"open","ping_status":"closed","template":"","meta":{"_uag_custom_page_level_css":"","site-sidebar-layout":"default","site-content-layout":"","ast-site-content-layout":"default","site-content-style":"default","site-sidebar-style":"default","ast-global-header-display":"","ast-banner-title-visibility":"","ast-main-header-display":"","ast-hfb-above-header-display":"","ast-hfb-below-header-display":"","ast-hfb-mobile-header-display":"","site-post-title":"","ast-breadcrumbs-content":"","ast-featured-img":"","footer-sml-layout":"","ast-disable-related-posts":"","theme-transparent-header-meta":"","adv-header-id-meta":"","stick-header-meta":"","header-above-stick-meta":"","header-main-stick-meta":"","header-below-stick-meta":"","astra-migrate-meta-layouts":"default","ast-page-background-enabled":"default","ast-page-background-meta":{"desktop":{"background-color":"","background-image":"","background-repeat":"repeat","background-position":"center center","background-size":"auto","background-attachment":"scroll","background-type":"","background-media":"","overlay-type":"","overlay-color":"","overlay-opacity":"","overlay-gradient":""},"tablet":{"background-color":"","background-image":"","background-repeat":"repeat","background-position":"center center","background-size":"auto","background-attachment":"scroll","background-type":"","background-media":"","overlay-type":"","overlay-color":"","overlay-opacity":"","overlay-gradient":""},"mobile":{"background-color":"","background-image":"","background-repeat":"repeat","background-position":"center center","background-size":"auto","background-attachment":"scroll","background-type":"","background-media":"","overlay-type":"","overlay-color":"","overlay-opacity":"","overlay-gradient":""}},"ast-content-background-meta":{"desktop":{"background-color":"var(--ast-global-color-5)","background-image":"","background-repeat":"repeat","background-position":"center center","background-size":"auto","background-attachment":"scroll","background-type":"","background-media":"","overlay-type":"","overlay-color":"","overlay-opacity":"","overlay-gradient":""},"tablet":{"background-color":"var(--ast-global-color-5)","background-image":"","background-repeat":"repeat","background-position":"center center","background-size":"auto","background-attachment":"scroll","background-type":"","background-media":"","overlay-type":"","overlay-color":"","overlay-opacity":"","overlay-gradient":""},"mobile":{"background-color":"var(--ast-global-color-5)","background-image":"","background-repeat":"repeat","background-position":"center center","background-size":"auto","background-attachment":"scroll","background-type":"","background-media":"","overlay-type":"","overlay-color":"","overlay-opacity":"","overlay-gradient":""}}},"product_brand":[],"product_cat":[77],"product_tag":[],"class_list":{"0":"post-24678","1":"product","2":"type-product","3":"status-publish","4":"has-post-thumbnail","6":"product_cat-personal-alarm-keychains-safety-alarms","7":"pa_specification-penguin-blue-chinese-packaging","8":"pa_specification-penguin-blue-english-packaging","9":"pa_specification-penguin-green-chinese-packaging","10":"pa_specification-penguin-green-english-packaging","11":"pa_specification-penguin-grey-black-chinese-packing","12":"pa_specification-penguin-grey-black-english-packaging","13":"pa_specification-penguin-pink-chinese-packing","14":"pa_specification-penguin-pink-english-packaging","15":"pa_specification-penguin-purple-chinese-packaging","16":"pa_specification-penguin-purple-english-packaging","17":"pa_specification-penguin-white-chinese-packing","18":"pa_specification-penguin-white-english-packaging","19":"desktop-align-left","20":"tablet-align-left","21":"mobile-align-left","22":"ast-product-gallery-layout-first-image-large","23":"ast-product-gallery-with-no-image","24":"ast-magnify-disabled","25":"ast-product-single-variable","26":"ast-product-tabs-layout-distributed","28":"first","29":"instock","30":"shipping-taxable","31":"purchasable","32":"product-type-variable"},"uagb_featured_image_src":{"full":["https:\/\/www.ringsknife.com\/wp-content\/uploads\/2025\/10\/O1CN01nBthAf1GKDrUyZC3b_2554970603-0-cib.jpg",1500,1500,false],"thumbnail":["https:\/\/www.ringsknife.com\/wp-content\/uploads\/2025\/10\/O1CN01nBthAf1GKDrUyZC3b_2554970603-0-cib-150x150.jpg",150,150,true],"medium":["https:\/\/www.ringsknife.com\/wp-content\/uploads\/2025\/10\/O1CN01nBthAf1GKDrUyZC3b_2554970603-0-cib-300x300.jpg",300,300,true],"medium_large":["https:\/\/www.ringsknife.com\/wp-content\/uploads\/2025\/10\/O1CN01nBthAf1GKDrUyZC3b_2554970603-0-cib-768x768.jpg",768,768,true],"large":["https:\/\/www.ringsknife.com\/wp-content\/uploads\/2025\/10\/O1CN01nBthAf1GKDrUyZC3b_2554970603-0-cib-1024x1024.jpg",1024,1024,true],"1536x1536":["https:\/\/www.ringsknife.com\/wp-content\/uploads\/2025\/10\/O1CN01nBthAf1GKDrUyZC3b_2554970603-0-cib.jpg",1500,1500,false],"2048x2048":["https:\/\/www.ringsknife.com\/wp-content\/uploads\/2025\/10\/O1CN01nBthAf1GKDrUyZC3b_2554970603-0-cib.jpg",1500,1500,false],"trp-custom-language-flag":["https:\/\/www.ringsknife.com\/wp-content\/uploads\/2025\/10\/O1CN01nBthAf1GKDrUyZC3b_2554970603-0-cib-12x12.jpg",12,12,true],"woocommerce_thumbnail":["https:\/\/www.ringsknife.com\/wp-content\/uploads\/2025\/10\/O1CN01nBthAf1GKDrUyZC3b_2554970603-0-cib-800x800.jpg",800,800,true],"woocommerce_single":["https:\/\/www.ringsknife.com\/wp-content\/uploads\/2025\/10\/O1CN01nBthAf1GKDrUyZC3b_2554970603-0-cib-800x800.jpg",800,800,true],"woocommerce_gallery_thumbnail":["https:\/\/www.ringsknife.com\/wp-content\/uploads\/2025\/10\/O1CN01nBthAf1GKDrUyZC3b_2554970603-0-cib-100x100.jpg",100,100,true]},"uagb_author_info":{"display_name":"ringsknife.com","author_link":"https:\/\/www.ringsknife.com\/de\/author\/"},"uagb_comment_info":3,"uagb_excerpt":null,"jetpack_sharing_enabled":true,"_links":{"self":[{"href":"https:\/\/www.ringsknife.com\/de\/wp-json\/wp\/v2\/product\/24678","targetHints":{"allow":["GET"]}}],"collection":[{"href":"https:\/\/www.ringsknife.com\/de\/wp-json\/wp\/v2\/product"}],"about":[{"href":"https:\/\/www.ringsknife.com\/de\/wp-json\/wp\/v2\/types\/product"}],"replies":[{"embeddable":true,"href":"https:\/\/www.ringsknife.com\/de\/wp-json\/wp\/v2\/comments?post=24678"}],"version-history":[{"count":1,"href":"https:\/\/www.ringsknife.com\/de\/wp-json\/wp\/v2\/product\/24678\/revisions"}],"predecessor-version":[{"id":94155,"href":"https:\/\/www.ringsknife.com\/de\/wp-json\/wp\/v2\/product\/24678\/revisions\/94155"}],"wp:featuredmedia":[{"embeddable":true,"href":"https:\/\/www.ringsknife.com\/de\/wp-json\/wp\/v2\/media\/24679"}],"wp:attachment":[{"href":"https:\/\/www.ringsknife.com\/de\/wp-json\/wp\/v2\/media?parent=24678"}],"wp:term":[{"taxonomy":"product_brand","embeddable":true,"href":"https:\/\/www.ringsknife.com\/de\/wp-json\/wp\/v2\/product_brand?post=24678"},{"taxonomy":"product_cat","embeddable":true,"href":"https:\/\/www.ringsknife.com\/de\/wp-json\/wp\/v2\/product_cat?post=24678"},{"taxonomy":"product_tag","embeddable":true,"href":"https:\/\/www.ringsknife.com\/de\/wp-json\/wp\/v2\/product_tag?post=24678"}],"curies":[{"name":"wp","href":"https:\/\/api.w.org\/{rel}","templated":true}]}}