
{"id":5145,"date":"2024-12-13T11:02:57","date_gmt":"2024-12-13T03:02:57","guid":{"rendered":"https:\/\/www.ringsknife.com\/?page_id=5145"},"modified":"2024-12-15T11:19:26","modified_gmt":"2024-12-15T03:19:26","slug":"all-products","status":"publish","type":"page","link":"https:\/\/www.ringsknife.com\/de\/all-products\/","title":{"rendered":"Alle Produkte"},"content":{"rendered":"<h2 class=\"wp-block-heading\"><strong>Alle Produkte unserer Selbstverteidigung Tools Shop<\/strong><\/h2>\n\n\n\n<p>Unsere umfassende Kollektion von Produkten zur Selbstverteidigung und pers\u00f6nlichen Sicherheit ist auf Ihr Wohlbefinden ausgerichtet. Jeder Artikel wurde sorgf\u00e4ltig entworfen, um Ihnen die notwendigen Werkzeuge f\u00fcr Schutz und Seelenfrieden zu bieten. Ob f\u00fcr zu Hause, auf Reisen oder im Alltag - unsere Produkte sind Ihre zuverl\u00e4ssigen Begleiter, wenn es um Ihre pers\u00f6nliche Sicherheit geht. Freuen Sie sich auf das Vertrauen, das Sie haben, wenn Sie auf jede Situation vorbereitet sind.<\/p>\n\n\n\n<p><\/p>","protected":false},"excerpt":{"rendered":"<p>Shop All Products of Our Self-defense Tools Our comprehensive collection of self-defense and personal safety products is crafted to ensure your well-being. Each item is meticulously designed to provide you with the tools necessary for protection and peace of mind. Whether for home, travel, or everyday carry, our products are your trusted companions in safeguarding [&hellip;]<\/p>\n","protected":false},"author":1,"featured_media":0,"parent":0,"menu_order":0,"comment_status":"closed","ping_status":"closed","template":"","meta":{"_uag_custom_page_level_css":"","site-sidebar-layout":"default","site-content-layout":"","ast-site-content-layout":"default","site-content-style":"default","site-sidebar-style":"default","ast-global-header-display":"","ast-banner-title-visibility":"","ast-main-header-display":"","ast-hfb-above-header-display":"","ast-hfb-below-header-display":"","ast-hfb-mobile-header-display":"","site-post-title":"disabled","ast-breadcrumbs-content":"","ast-featured-img":"","footer-sml-layout":"","ast-disable-related-posts":"","theme-transparent-header-meta":"","adv-header-id-meta":"","stick-header-meta":"","header-above-stick-meta":"","header-main-stick-meta":"","header-below-stick-meta":"","astra-migrate-meta-layouts":"set","ast-page-background-enabled":"default","ast-page-background-meta":{"desktop":{"background-color":"","background-image":"","background-repeat":"repeat","background-position":"center center","background-size":"auto","background-attachment":"scroll","background-type":"","background-media":"","overlay-type":"","overlay-color":"","overlay-opacity":"","overlay-gradient":""},"tablet":{"background-color":"","background-image":"","background-repeat":"repeat","background-position":"center center","background-size":"auto","background-attachment":"scroll","background-type":"","background-media":"","overlay-type":"","overlay-color":"","overlay-opacity":"","overlay-gradient":""},"mobile":{"background-color":"","background-image":"","background-repeat":"repeat","background-position":"center center","background-size":"auto","background-attachment":"scroll","background-type":"","background-media":"","overlay-type":"","overlay-color":"","overlay-opacity":"","overlay-gradient":""}},"ast-content-background-meta":{"desktop":{"background-color":"var(--ast-global-color-5)","background-image":"","background-repeat":"repeat","background-position":"center center","background-size":"auto","background-attachment":"scroll","background-type":"","background-media":"","overlay-type":"","overlay-color":"","overlay-opacity":"","overlay-gradient":""},"tablet":{"background-color":"var(--ast-global-color-5)","background-image":"","background-repeat":"repeat","background-position":"center center","background-size":"auto","background-attachment":"scroll","background-type":"","background-media":"","overlay-type":"","overlay-color":"","overlay-opacity":"","overlay-gradient":""},"mobile":{"background-color":"var(--ast-global-color-5)","background-image":"","background-repeat":"repeat","background-position":"center center","background-size":"auto","background-attachment":"scroll","background-type":"","background-media":"","overlay-type":"","overlay-color":"","overlay-opacity":"","overlay-gradient":""}},"footnotes":""},"class_list":["post-5145","page","type-page","status-publish","hentry"],"uagb_featured_image_src":{"full":false,"thumbnail":false,"medium":false,"medium_large":false,"large":false,"1536x1536":false,"2048x2048":false,"trp-custom-language-flag":false,"woocommerce_thumbnail":false,"woocommerce_single":false,"woocommerce_gallery_thumbnail":false},"uagb_author_info":{"display_name":"ringsknife.com","author_link":"https:\/\/www.ringsknife.com\/de\/author\/ringsknife-com\/"},"uagb_comment_info":0,"uagb_excerpt":"Shop All Products of Our Self-defense Tools Our comprehensive collection of self-defense and personal safety products is crafted to ensure your well-being. Each item is meticulously designed to provide you with the tools necessary for protection and peace of mind. Whether for home, travel, or everyday carry, our products are your trusted companions in safeguarding&hellip;","jetpack_sharing_enabled":true,"_links":{"self":[{"href":"https:\/\/www.ringsknife.com\/de\/wp-json\/wp\/v2\/pages\/5145","targetHints":{"allow":["GET"]}}],"collection":[{"href":"https:\/\/www.ringsknife.com\/de\/wp-json\/wp\/v2\/pages"}],"about":[{"href":"https:\/\/www.ringsknife.com\/de\/wp-json\/wp\/v2\/types\/page"}],"author":[{"embeddable":true,"href":"https:\/\/www.ringsknife.com\/de\/wp-json\/wp\/v2\/users\/1"}],"replies":[{"embeddable":true,"href":"https:\/\/www.ringsknife.com\/de\/wp-json\/wp\/v2\/comments?post=5145"}],"version-history":[{"count":0,"href":"https:\/\/www.ringsknife.com\/de\/wp-json\/wp\/v2\/pages\/5145\/revisions"}],"wp:attachment":[{"href":"https:\/\/www.ringsknife.com\/de\/wp-json\/wp\/v2\/media?parent=5145"}],"curies":[{"name":"wp","href":"https:\/\/api.w.org\/{rel}","templated":true}]}}