
{"id":2085,"date":"2024-04-02T18:03:14","date_gmt":"2024-04-02T10:03:14","guid":{"rendered":"https:\/\/www.ringsknife.com\/?page_id=2085"},"modified":"2024-06-01T19:35:04","modified_gmt":"2024-06-01T11:35:04","slug":"returns","status":"publish","type":"page","link":"https:\/\/www.ringsknife.com\/de\/gibt-zuruck\/","title":{"rendered":"R\u00fcckgabe"},"content":{"rendered":"<h3 class=\"wp-block-heading\">R\u00fcckgabe<\/h3>\n\n\n\n<p>Ringe-Messer-Angebote\u00a0<strong>kostenlose R\u00fccksendungen<\/strong>\u00a0auf alle Artikel innerhalb\u00a0<strong>60 Tage<\/strong>\u00a0des Kaufs.<\/p>\n\n\n\n<h3 class=\"wp-block-heading\">R\u00fcckgabeprozess<\/h3>\n\n\n\n<p>1. E-Mail an\u00a0<a href=\"mailto:info@ringsknife.com\" target=\"_blank\" rel=\"noreferrer noopener\"><a href=\"mailto:support@defenderring.com\" target=\"_blank\" rel=\"noreferrer noopener\">info@ringsknife<\/a>.com<\/a>\u00a0mit Ihrem Namen, der Bestellnummer # und dem Grund f\u00fcr Ihre R\u00fccksendung.<\/p>\n\n\n\n<p>2. Nachdem wir die Best\u00e4tigung Ihrer R\u00fccksendung best\u00e4tigt haben, senden Sie Ihr Produkt an die in der E-Mail angegebene Adresse.<\/p>\n\n\n\n<p>3. Nachdem Sie Ihr Produkt innerhalb des Zeitfensters von drei\u00dfig (30) Tagen an uns zur\u00fcckgeschickt haben, senden Sie uns eine E-Mail an\u00a0<a href=\"mailto:info@ringsknife.com\" target=\"_blank\" data-type=\"mailto\" data-id=\"mailto:info@ringsknife.com\" rel=\"noreferrer noopener\"><a href=\"mailto:support@defenderring.com\" target=\"_blank\" rel=\"noreferrer noopener\">info@ringsknife<\/a>.com<\/a>\u00a0mit der Sendungsverfolgungsnummer, damit wir Ihre R\u00fccksendung so schnell wie m\u00f6glich bearbeiten k\u00f6nnen.<\/p>\n\n\n\n<h3 class=\"wp-block-heading\">WICHTIG!<\/h3>\n\n\n\n<p><strong>A<\/strong><strong>alle Produkte, Materialien und Verpackungen<\/strong>&nbsp;m\u00fcssen beigef\u00fcgt sein und innerhalb von drei\u00dfig (30) Tagen an die oben genannte Adresse zur\u00fcckgeschickt werden.<\/p>\n\n\n\n<p>Der K\u00e4ufer ist f\u00fcr die Kosten verantwortlich, die mit der R\u00fccksendung der Ware(n) an uns verbunden sind.<\/p>\n\n\n\n<p>Wir empfehlen die Verwendung einer Versandversicherung oder einer Sendungsverfolgung, um einen schnellen und reibungslosen R\u00fcckgabeprozess zu gew\u00e4hrleisten.<\/p>\n\n\n\n<h3 class=\"wp-block-heading\">Bedingungen<\/h3>\n\n\n\n<p>Um f\u00fcr eine R\u00fcckgabe in Frage zu kommen, muss Ihr Artikel unbenutzt sein und sich in demselben Zustand befinden, in dem Sie ihn erhalten haben. Au\u00dferdem muss er in der Originalverpackung sein.<\/p>\n\n\n\n<p>Geschenkkarten sind nicht erstattungsf\u00e4hig.<\/p>\n\n\n\n<p>Die Versandkosten sind nicht erstattungsf\u00e4hig.<\/p>\n\n\n\n<h3 class=\"wp-block-heading\">Erstattungen<\/h3>\n\n\n\n<p>Sobald wir Ihre R\u00fccksendung erhalten, gepr\u00fcft und genehmigt haben, senden wir Ihnen eine E-Mail, um Sie zu benachrichtigen, dass wir Ihre R\u00fccksendung genehmigt haben.&nbsp;<\/p>\n\n\n\n<p>Bei R\u00fccksendungen innerhalb von drei\u00dfig (30) Tagen wird der volle Betrag des Kaufpreises auf die urspr\u00fcngliche Zahlungsmethode zur\u00fcckerstattet.<\/p>\n\n\n\n<h3 class=\"wp-block-heading\">Garantie<\/h3>\n\n\n\n<p>Rings Knife garantiert jedes neue Produkt f\u00fcr ein (1) Jahr ab dem Kaufdatum gegen Defekte und verpflichtet sich, jedes defekte Produkt kostenlos zu ersetzen.<\/p>\n\n\n\n<p><strong>WICHTIG!<\/strong>&nbsp;Diese Garantie deckt keine Sch\u00e4den ab, die durch Unf\u00e4lle, Gebrauch oder Missbrauch oder mangelnde Sorgfalt entstanden sind. &nbsp;<\/p>\n\n\n\n<p>Wenn Sie ein Ersatzprodukt ben\u00f6tigen, senden Sie uns eine E-Mail an&nbsp;<a href=\"mailto:info@ringsknife.com\" target=\"_blank\" data-type=\"mailto\" data-id=\"mailto:info@ringsknife.com\" rel=\"noreferrer noopener\">info@ringsknife<\/a>.com.<\/p>","protected":false},"excerpt":{"rendered":"<p>Returns Rings Knife offers\u00a0free returns\u00a0on all items within\u00a060 days\u00a0of purchase. Return Process 1. Email us at\u00a0info@ringsknife.com\u00a0with your name, order #, and the reason for your\u00a0return. 2.&nbsp;After we&#8217;ve confirmed acknowledgement of your return, mail your product to the address we have specified in the email. 3. After you&#8217;ve mailed your product back to us within the [&hellip;]<\/p>\n","protected":false},"author":1,"featured_media":0,"parent":0,"menu_order":0,"comment_status":"closed","ping_status":"closed","template":"","meta":{"_uag_custom_page_level_css":"","site-sidebar-layout":"default","site-content-layout":"","ast-site-content-layout":"default","site-content-style":"default","site-sidebar-style":"default","ast-global-header-display":"","ast-banner-title-visibility":"","ast-main-header-display":"","ast-hfb-above-header-display":"","ast-hfb-below-header-display":"","ast-hfb-mobile-header-display":"","site-post-title":"disabled","ast-breadcrumbs-content":"","ast-featured-img":"","footer-sml-layout":"","ast-disable-related-posts":"","theme-transparent-header-meta":"","adv-header-id-meta":"","stick-header-meta":"","header-above-stick-meta":"","header-main-stick-meta":"","header-below-stick-meta":"","astra-migrate-meta-layouts":"set","ast-page-background-enabled":"default","ast-page-background-meta":{"desktop":{"background-color":"","background-image":"","background-repeat":"repeat","background-position":"center center","background-size":"auto","background-attachment":"scroll","background-type":"","background-media":"","overlay-type":"","overlay-color":"","overlay-opacity":"","overlay-gradient":""},"tablet":{"background-color":"","background-image":"","background-repeat":"repeat","background-position":"center center","background-size":"auto","background-attachment":"scroll","background-type":"","background-media":"","overlay-type":"","overlay-color":"","overlay-opacity":"","overlay-gradient":""},"mobile":{"background-color":"","background-image":"","background-repeat":"repeat","background-position":"center center","background-size":"auto","background-attachment":"scroll","background-type":"","background-media":"","overlay-type":"","overlay-color":"","overlay-opacity":"","overlay-gradient":""}},"ast-content-background-meta":{"desktop":{"background-color":"var(--ast-global-color-5)","background-image":"","background-repeat":"repeat","background-position":"center center","background-size":"auto","background-attachment":"scroll","background-type":"","background-media":"","overlay-type":"","overlay-color":"","overlay-opacity":"","overlay-gradient":""},"tablet":{"background-color":"var(--ast-global-color-5)","background-image":"","background-repeat":"repeat","background-position":"center center","background-size":"auto","background-attachment":"scroll","background-type":"","background-media":"","overlay-type":"","overlay-color":"","overlay-opacity":"","overlay-gradient":""},"mobile":{"background-color":"var(--ast-global-color-5)","background-image":"","background-repeat":"repeat","background-position":"center center","background-size":"auto","background-attachment":"scroll","background-type":"","background-media":"","overlay-type":"","overlay-color":"","overlay-opacity":"","overlay-gradient":""}},"footnotes":""},"class_list":["post-2085","page","type-page","status-publish","hentry"],"uagb_featured_image_src":{"full":false,"thumbnail":false,"medium":false,"medium_large":false,"large":false,"1536x1536":false,"2048x2048":false,"trp-custom-language-flag":false,"woocommerce_thumbnail":false,"woocommerce_single":false,"woocommerce_gallery_thumbnail":false},"uagb_author_info":{"display_name":"ringsknife.com","author_link":"https:\/\/www.ringsknife.com\/de\/author\/ringsknife-com\/"},"uagb_comment_info":0,"uagb_excerpt":"Returns Rings Knife offers\u00a0free returns\u00a0on all items within\u00a060 days\u00a0of purchase. Return Process 1. Email us at\u00a0info@ringsknife.com\u00a0with your name, order #, and the reason for your\u00a0return. 2.&nbsp;After we&#8217;ve confirmed acknowledgement of your return, mail your product to the address we have specified in the email. 3. After you&#8217;ve mailed your product back to us within the&hellip;","jetpack_sharing_enabled":true,"_links":{"self":[{"href":"https:\/\/www.ringsknife.com\/de\/wp-json\/wp\/v2\/pages\/2085","targetHints":{"allow":["GET"]}}],"collection":[{"href":"https:\/\/www.ringsknife.com\/de\/wp-json\/wp\/v2\/pages"}],"about":[{"href":"https:\/\/www.ringsknife.com\/de\/wp-json\/wp\/v2\/types\/page"}],"author":[{"embeddable":true,"href":"https:\/\/www.ringsknife.com\/de\/wp-json\/wp\/v2\/users\/1"}],"replies":[{"embeddable":true,"href":"https:\/\/www.ringsknife.com\/de\/wp-json\/wp\/v2\/comments?post=2085"}],"version-history":[{"count":0,"href":"https:\/\/www.ringsknife.com\/de\/wp-json\/wp\/v2\/pages\/2085\/revisions"}],"wp:attachment":[{"href":"https:\/\/www.ringsknife.com\/de\/wp-json\/wp\/v2\/media?parent=2085"}],"curies":[{"name":"wp","href":"https:\/\/api.w.org\/{rel}","templated":true}]}}