
{"id":2083,"date":"2024-04-02T18:00:17","date_gmt":"2024-04-02T10:00:17","guid":{"rendered":"https:\/\/www.ringsknife.com\/?page_id=2083"},"modified":"2024-06-01T19:34:35","modified_gmt":"2024-06-01T11:34:35","slug":"exchanges","status":"publish","type":"page","link":"https:\/\/www.ringsknife.com\/de\/tauscht\/","title":{"rendered":"Tauschb\u00f6rsen"},"content":{"rendered":"<h3 class=\"wp-block-heading\">Tauschb\u00f6rsen<\/h3>\n\n\n\n<p>Ringe-Messer-Angebote&nbsp;<strong>kostenlose Wechselkurse<\/strong>&nbsp;auf alle Artikel innerhalb&nbsp;<strong>60 Tage<\/strong>&nbsp;des Kaufs.<\/p>\n\n\n\n<h3 class=\"wp-block-heading\">Austauschprozess<\/h3>\n\n\n\n<p>1. E-Mail an\u00a0<a href=\"mailto:\u00a0info@ringsknife.com\" target=\"_blank\" data-type=\"mailto\" data-id=\"mailto:\u00a0info@ringsknife.com\" rel=\"noreferrer noopener\">info@ringsknife.com<\/a>\u00a0f\u00fcr den Umtausch mit Ihrem Namen, der Bestellung # und dem Umtauschantrag.<\/p>\n\n\n\n<p>2. Nachdem wir die Best\u00e4tigung Ihres Umtauschs best\u00e4tigt haben, senden Sie Ihr Produkt an die in der E-Mail angegebene Adresse.<\/p>\n\n\n\n<p>3. Nachdem Sie Ihr Produkt innerhalb der sechzig (60) Tage an uns zur\u00fcckgeschickt haben, senden Sie uns eine E-Mail an\u00a0<a href=\"mailto:support@defenderring.com\"><\/a><a href=\"mailto:\u00a0info@ringsknife.com\" target=\"_blank\" data-type=\"mailto\" data-id=\"mailto:\u00a0info@ringsknife.com\" rel=\"noreferrer noopener\">info@ringsknife<\/a>.com mit der Sendungsverfolgungsnummer, damit wir so schnell wie m\u00f6glich mit dem Umtausch beginnen k\u00f6nnen.<\/p>\n\n\n\n<h3 class=\"wp-block-heading\">WICHTIG!<\/h3>\n\n\n\n<p>Senden Sie den Artikel in demselben Zustand zur\u00fcck, in dem Sie ihn erhalten haben, ungetragen oder unbenutzt, mit Etiketten und in der Originalverpackung.<\/p>\n\n\n\n<p>Der K\u00e4ufer ist verantwortlich f\u00fcr die Kosten im Zusammenhang mit dem Versand der Ware(n) zur\u00fcck zu uns f\u00fcr den Umtausch. Ring Knife ist verantwortlich f\u00fcr die Kosten im Zusammenhang mit dem Versand der ausgetauschten Artikel zur\u00fcck an den K\u00e4ufer.<\/p>\n\n\n\n<p>Die Anzahl der Umtauschvorg\u00e4nge ist auf insgesamt drei (3) pro Bestellung begrenzt.<\/p>\n\n\n\n<h3 class=\"wp-block-heading\">Bedingungen<\/h3>\n\n\n\n<p>Um f\u00fcr einen Umtausch in Frage zu kommen, muss Ihr Artikel unbenutzt sein und sich in demselben Zustand befinden, in dem Sie ihn erhalten haben.<\/p>\n\n\n\n<h3 class=\"wp-block-heading\">Internationale Austauschprogramme<\/h3>\n\n\n\n<p>F\u00fcr internationalen Umtausch wird eine Geb\u00fchr von $9 pro Umtausch erhoben, um die zus\u00e4tzlichen internationalen Versandkosten zu decken.<\/p>\n\n\n\n<h3 class=\"wp-block-heading\">Garantie<\/h3>\n\n\n\n<p>Rings Knife garantiert jedes neue Produkt f\u00fcr ein (1) Jahr ab dem Kaufdatum gegen Defekte und verpflichtet sich, jedes defekte Produkt kostenlos zu ersetzen.<\/p>\n\n\n\n<p><strong>WICHTIG!<\/strong>&nbsp;Diese Garantie deckt keine Sch\u00e4den ab, die durch Unf\u00e4lle, Gebrauch oder Missbrauch oder mangelnde Sorgfalt entstanden sind. &nbsp;<\/p>\n\n\n\n<p>Wenn Sie ein Ersatzprodukt ben\u00f6tigen, senden Sie uns eine E-Mail an\u00a0<a href=\"mailto:support@defenderring.com\"><\/a><a href=\"mailto:\u00a0info@ringsknife.com\" target=\"_blank\" data-type=\"mailto\" data-id=\"mailto:\u00a0info@ringsknife.com\" rel=\"noreferrer noopener\">info@ringsknife<\/a>.com.<\/p>","protected":false},"excerpt":{"rendered":"<p>Exchanges Rings Knife offers&nbsp;free exchanges&nbsp;on all items within&nbsp;60 days&nbsp;of purchase. Exchange Process 1. Email us at\u00a0info@ringsknife.com\u00a0for exchanges with your name, order #, and exchange request. 2.&nbsp;After we&#8217;ve confirmed acknowledgement of your exchange, mail your product to the address we have specified in the email. 3. After you&#8217;ve mailed your product back to us within the [&hellip;]<\/p>\n","protected":false},"author":1,"featured_media":0,"parent":0,"menu_order":0,"comment_status":"closed","ping_status":"closed","template":"","meta":{"_uag_custom_page_level_css":"","site-sidebar-layout":"default","site-content-layout":"","ast-site-content-layout":"default","site-content-style":"default","site-sidebar-style":"default","ast-global-header-display":"","ast-banner-title-visibility":"","ast-main-header-display":"","ast-hfb-above-header-display":"","ast-hfb-below-header-display":"","ast-hfb-mobile-header-display":"","site-post-title":"disabled","ast-breadcrumbs-content":"","ast-featured-img":"","footer-sml-layout":"","ast-disable-related-posts":"","theme-transparent-header-meta":"","adv-header-id-meta":"","stick-header-meta":"","header-above-stick-meta":"","header-main-stick-meta":"","header-below-stick-meta":"","astra-migrate-meta-layouts":"set","ast-page-background-enabled":"default","ast-page-background-meta":{"desktop":{"background-color":"","background-image":"","background-repeat":"repeat","background-position":"center center","background-size":"auto","background-attachment":"scroll","background-type":"","background-media":"","overlay-type":"","overlay-color":"","overlay-opacity":"","overlay-gradient":""},"tablet":{"background-color":"","background-image":"","background-repeat":"repeat","background-position":"center center","background-size":"auto","background-attachment":"scroll","background-type":"","background-media":"","overlay-type":"","overlay-color":"","overlay-opacity":"","overlay-gradient":""},"mobile":{"background-color":"","background-image":"","background-repeat":"repeat","background-position":"center center","background-size":"auto","background-attachment":"scroll","background-type":"","background-media":"","overlay-type":"","overlay-color":"","overlay-opacity":"","overlay-gradient":""}},"ast-content-background-meta":{"desktop":{"background-color":"var(--ast-global-color-5)","background-image":"","background-repeat":"repeat","background-position":"center center","background-size":"auto","background-attachment":"scroll","background-type":"","background-media":"","overlay-type":"","overlay-color":"","overlay-opacity":"","overlay-gradient":""},"tablet":{"background-color":"var(--ast-global-color-5)","background-image":"","background-repeat":"repeat","background-position":"center center","background-size":"auto","background-attachment":"scroll","background-type":"","background-media":"","overlay-type":"","overlay-color":"","overlay-opacity":"","overlay-gradient":""},"mobile":{"background-color":"var(--ast-global-color-5)","background-image":"","background-repeat":"repeat","background-position":"center center","background-size":"auto","background-attachment":"scroll","background-type":"","background-media":"","overlay-type":"","overlay-color":"","overlay-opacity":"","overlay-gradient":""}},"footnotes":""},"class_list":["post-2083","page","type-page","status-publish","hentry"],"uagb_featured_image_src":{"full":false,"thumbnail":false,"medium":false,"medium_large":false,"large":false,"1536x1536":false,"2048x2048":false,"trp-custom-language-flag":false,"woocommerce_thumbnail":false,"woocommerce_single":false,"woocommerce_gallery_thumbnail":false},"uagb_author_info":{"display_name":"ringsknife.com","author_link":"https:\/\/www.ringsknife.com\/de\/author\/ringsknife-com\/"},"uagb_comment_info":0,"uagb_excerpt":"Exchanges Rings Knife offers&nbsp;free exchanges&nbsp;on all items within&nbsp;60 days&nbsp;of purchase. Exchange Process 1. Email us at\u00a0info@ringsknife.com\u00a0for exchanges with your name, order #, and exchange request. 2.&nbsp;After we&#8217;ve confirmed acknowledgement of your exchange, mail your product to the address we have specified in the email. 3. After you&#8217;ve mailed your product back to us within the&hellip;","jetpack_sharing_enabled":true,"_links":{"self":[{"href":"https:\/\/www.ringsknife.com\/de\/wp-json\/wp\/v2\/pages\/2083","targetHints":{"allow":["GET"]}}],"collection":[{"href":"https:\/\/www.ringsknife.com\/de\/wp-json\/wp\/v2\/pages"}],"about":[{"href":"https:\/\/www.ringsknife.com\/de\/wp-json\/wp\/v2\/types\/page"}],"author":[{"embeddable":true,"href":"https:\/\/www.ringsknife.com\/de\/wp-json\/wp\/v2\/users\/1"}],"replies":[{"embeddable":true,"href":"https:\/\/www.ringsknife.com\/de\/wp-json\/wp\/v2\/comments?post=2083"}],"version-history":[{"count":0,"href":"https:\/\/www.ringsknife.com\/de\/wp-json\/wp\/v2\/pages\/2083\/revisions"}],"wp:attachment":[{"href":"https:\/\/www.ringsknife.com\/de\/wp-json\/wp\/v2\/media?parent=2083"}],"curies":[{"name":"wp","href":"https:\/\/api.w.org\/{rel}","templated":true}]}}