
{"id":2081,"date":"2024-04-02T17:55:45","date_gmt":"2024-04-02T09:55:45","guid":{"rendered":"https:\/\/www.ringsknife.com\/?page_id=2081"},"modified":"2024-06-01T19:35:33","modified_gmt":"2024-06-01T11:35:33","slug":"shipping","status":"publish","type":"page","link":"https:\/\/www.ringsknife.com\/de\/versand\/","title":{"rendered":"Versand"},"content":{"rendered":"<p>Sie k\u00f6nnen sicher sein, dass wir die Sendungsverfolgungsnummern f\u00fcr Ihre Bestellungen umgehend hochladen und dass sie ohne Verz\u00f6gerung genaue Informationen anzeigen werden. Aufgrund des eingeschr\u00e4nkten Luftfrachtbetriebs kann es jedoch zu Verz\u00f6gerungen bei der tats\u00e4chlichen Zustellung der Pakete kommen. Bitte rechnen Sie mit zus\u00e4tzlichen 1-2 Wochen, bis Ihre Sendungen ihr Zielland erreichen, da die Luftfrachtrouten derzeit eingeschr\u00e4nkt sind.<\/p>\n\n\n\n<p>Wenn Sie eine Bestellung aufgeben, wird diese an die beim Bezahlvorgang angegebene Adresse gesendet, und das Versandland wird entsprechend ausgew\u00e4hlt. Preise, W\u00e4hrungen, Mehrwertsteuer, Lieferzeiten und Geb\u00fchren werden auf der Grundlage des Landes, in das Sie Ihre Artikel geliefert haben m\u00f6chten, angepasst. Genehmigte Bestellungen werden vorrangig in der Reihenfolge ihres Eingangs bearbeitet und so schnell wie m\u00f6glich versandt. Sobald Ihr Paket das Lager verl\u00e4sst, erhalten Sie zusammen mit Ihrer Versandbest\u00e4tigung einen Link zur Sendungsverfolgung.<\/p>\n\n\n\n<h3 class=\"wp-block-heading\"><strong>LIEFERN WIR WELTWEIT?<\/strong><\/h3>\n\n\n\n<p>Ja, wir bieten den Versand in die folgenden L\u00e4nder an:<\/p>\n\n\n\n<h4 class=\"wp-block-heading\"><strong>Vereinigte Staaten (50 von 62 Staaten):<\/strong><\/h4>\n\n\n\n<p>Alabama, Alaska, Arizona, Arkansas, California, Colorado, Connecticut, Delaware, Florida, Georgia, Idaho, Illinois, Indiana, Iowa, Kansas, Kentucky, Louisiana, Maine, Maryland, Massachusetts, Michigan, Minnesota, Mississippi, Missouri, Montana, Nebraska, Nevada, New Hampshire, New Jersey, New Mexico, New York, North Carolina, North Dakota, Ohio, Oklahoma, Oregon, Pennsylvania, South Carolina, South Dakota, Tennessee, Texas, Utah, Vermont, Virginia, Washington, West Virginia, Wisconsin, Wyoming, Puerto Rico, Washington DC<\/p>\n\n\n\n<h4 class=\"wp-block-heading\"><strong>Internationale L\u00e4nder:<\/strong><\/h4>\n\n\n\n<p>Kanada, Vereinigtes K\u00f6nigreich, Australien, Neuseeland, \u00d6sterreich, Belgien, Frankreich, Deutschland, Italien, Luxemburg, Niederlande, Spanien, Norwegen, Schweden, Singapur, Malaysia, Philippinen, S\u00fcdkorea, Taiwan, Thailand, Bulgarien, Kroatien, Georgien, Griechenland, Island, Irland, Litauen, Polen, Rum\u00e4nien, Schweiz, T\u00fcrkei, Israel, Brasilien, Costa Rica, D\u00e4nemark, Finnland, Chile, Ungarn.<\/p>\n\n\n\n<h3 class=\"wp-block-heading\"><strong>WAS IST MIT DEM ZOLL?<\/strong><\/h3>\n\n\n\n<p>Bitte beachten Sie, dass Zollgeb\u00fchren, die nach dem Versand der Artikel anfallen, nicht in unserer Verantwortung liegen. Mit dem Kauf unserer Produkte erkl\u00e4ren Sie sich damit einverstanden, dass ein oder mehrere Pakete an Sie versandt werden und bei der Ankunft in Ihrem Land Zollgeb\u00fchren anfallen k\u00f6nnen.<\/p>\n\n\n\n<h3 class=\"wp-block-heading\"><strong>VERSAND UND BEARBEITUNG<\/strong><\/h3>\n\n\n\n<p>Lieferzeit = Bearbeitungszeit + Versandzeit Wir bearbeiten Bestellungen an Werktagen, Montag bis Freitag, Eastern Standard Times, au\u00dfer an Feiertagen, die von der Post beobachtet werden: Neujahr, Presidents' Day, Memorial Day, Independence Day, Labor Day, Thanksgiving und Weihnachten.<\/p>\n\n\n\n<p>Bearbeitungszeit: 3 - 5 Werktage w\u00e4hrend der regul\u00e4ren Saison oder l\u00e4nger w\u00e4hrend der Ferienzeit.<\/p>\n\n\n\n<h3 class=\"wp-block-heading\"><strong>VERSANDZEIT<\/strong><\/h3>\n\n\n\n<p>Die Versanddauer variiert je nach Standort. Hier sind unsere gesch\u00e4tzten Versandzeiten:<\/p>\n\n\n\n<figure class=\"wp-block-table\"><table><thead><tr><td>STANDORT<\/td><td>*GESCH\u00c4TZTE VERSANDDAUER<\/td><\/tr><\/thead><tbody><tr><td>Vereinigte Staaten<\/td><td>2-3 Wochen<\/td><\/tr><tr><td>Kanada, Europa<\/td><td>2-4 Wochen<\/td><\/tr><tr><td>Australien, Neuseeland<\/td><td>2-4 Wochen<\/td><\/tr><tr><td>Mexiko, Mittelamerika, S\u00fcdamerika<\/td><td>2-4 Wochen<\/td><\/tr><\/tbody><\/table><\/figure>\n\n\n\n<h3 class=\"wp-block-heading\"><strong>STELLEN WIR INFORMATIONEN ZUR SENDUNGSVERFOLGUNG ZUR VERF\u00dcGUNG?<\/strong><\/h3>\n\n\n\n<p>Gewiss! Sobald Ihre Bestellung versandt wurde, erhalten Sie eine E-Mail mit den Informationen zur Sendungsverfolgung. Wenn Sie innerhalb von 15 Werktagen keine Informationen zur Sendungsverfolgung erhalten haben, k\u00f6nnen Sie uns gerne kontaktieren. Oder Sie k\u00f6nnen auch klicken, um Ihre Bestellung zu verfolgen <a href=\"https:\/\/www.ringsknife.com\/de\/tracking-auftrag\/?wmc-currency=EUR\" data-type=\"link\" data-id=\"https:\/\/www.ringsknife.com\/tracking-order\/\">hier<\/a>.<\/p>\n\n\n\n<h3 class=\"wp-block-heading\"><strong>MEIN TRACKING SAGT: \"DERZEIT KEINE INFORMATIONEN VERF\u00dcGBAR\".<\/strong><\/h3>\n\n\n\n<p>Bei einigen Versandunternehmen kann es 5-7 Werktage dauern, bis die Informationen zur Sendungsverfolgung in ihrem System aktualisiert werden. Wenn seit Ihrer Bestellung mehr als 10 Werktage vergangen sind und immer noch keine Informationen zu Ihrer Sendungsverfolgungsnummer verf\u00fcgbar sind, setzen Sie sich bitte mit uns in Verbindung.<\/p>\n\n\n\n<h3 class=\"wp-block-heading\"><strong>WERDEN MEINE ARTIKEL IN EINEM PAKET VERSCHICKT?<\/strong><\/h3>\n\n\n\n<p>Aus logistischen Gr\u00fcnden kann es vorkommen, dass Artikel aus demselben Kauf in getrennten Paketen verschickt werden, auch wenn ein kombinierter Versand angegeben wurde.<\/p>\n\n\n\n<h3 class=\"wp-block-heading\"><strong>WERDE ICH MIT DER MEHRWERTSTEUER BELASTET?<\/strong><\/h3>\n\n\n\n<p>Artikel, die von den USA aus international versandt werden, werden DDU (Delivered Duty Unpaid) geliefert, und wir erheben keine Mehrwertsteuer (Value Added Taxes). Der Empf\u00e4nger des Pakets ist f\u00fcr alle damit verbundenen Steuern, Abgaben und Zollgeb\u00fchren verantwortlich.<\/p>\n\n\n\n<p>Je nach den Bestimmungen Ihres Landes k\u00f6nnen f\u00fcr Ihr Paket lokale Zoll- oder Mehrwertsteuergeb\u00fchren anfallen. Wir empfehlen Ihnen, sich bei Ihrer \u00f6rtlichen Zollbeh\u00f6rde \u00fcber die Zollbestimmungen Ihres Landes zu erkundigen.<\/p>","protected":false},"excerpt":{"rendered":"<p>Rest assured, we will upload tracking numbers to your orders promptly, and they will display accurate information without any delays. However, due to the limited air freight operations, there might be delays in the actual delivery of packages. Please anticipate an additional 1-2 weeks for your items to reach their destination countries, considering the current [&hellip;]<\/p>\n","protected":false},"author":1,"featured_media":0,"parent":0,"menu_order":0,"comment_status":"closed","ping_status":"closed","template":"","meta":{"_uag_custom_page_level_css":"","site-sidebar-layout":"default","site-content-layout":"","ast-site-content-layout":"default","site-content-style":"default","site-sidebar-style":"default","ast-global-header-display":"","ast-banner-title-visibility":"","ast-main-header-display":"","ast-hfb-above-header-display":"","ast-hfb-below-header-display":"","ast-hfb-mobile-header-display":"","site-post-title":"","ast-breadcrumbs-content":"","ast-featured-img":"","footer-sml-layout":"","ast-disable-related-posts":"","theme-transparent-header-meta":"","adv-header-id-meta":"","stick-header-meta":"","header-above-stick-meta":"","header-main-stick-meta":"","header-below-stick-meta":"","astra-migrate-meta-layouts":"set","ast-page-background-enabled":"default","ast-page-background-meta":{"desktop":{"background-color":"","background-image":"","background-repeat":"repeat","background-position":"center center","background-size":"auto","background-attachment":"scroll","background-type":"","background-media":"","overlay-type":"","overlay-color":"","overlay-opacity":"","overlay-gradient":""},"tablet":{"background-color":"","background-image":"","background-repeat":"repeat","background-position":"center center","background-size":"auto","background-attachment":"scroll","background-type":"","background-media":"","overlay-type":"","overlay-color":"","overlay-opacity":"","overlay-gradient":""},"mobile":{"background-color":"","background-image":"","background-repeat":"repeat","background-position":"center center","background-size":"auto","background-attachment":"scroll","background-type":"","background-media":"","overlay-type":"","overlay-color":"","overlay-opacity":"","overlay-gradient":""}},"ast-content-background-meta":{"desktop":{"background-color":"var(--ast-global-color-5)","background-image":"","background-repeat":"repeat","background-position":"center center","background-size":"auto","background-attachment":"scroll","background-type":"","background-media":"","overlay-type":"","overlay-color":"","overlay-opacity":"","overlay-gradient":""},"tablet":{"background-color":"var(--ast-global-color-5)","background-image":"","background-repeat":"repeat","background-position":"center center","background-size":"auto","background-attachment":"scroll","background-type":"","background-media":"","overlay-type":"","overlay-color":"","overlay-opacity":"","overlay-gradient":""},"mobile":{"background-color":"var(--ast-global-color-5)","background-image":"","background-repeat":"repeat","background-position":"center center","background-size":"auto","background-attachment":"scroll","background-type":"","background-media":"","overlay-type":"","overlay-color":"","overlay-opacity":"","overlay-gradient":""}},"footnotes":""},"class_list":["post-2081","page","type-page","status-publish","hentry"],"uagb_featured_image_src":{"full":false,"thumbnail":false,"medium":false,"medium_large":false,"large":false,"1536x1536":false,"2048x2048":false,"trp-custom-language-flag":false,"woocommerce_thumbnail":false,"woocommerce_single":false,"woocommerce_gallery_thumbnail":false},"uagb_author_info":{"display_name":"ringsknife.com","author_link":"https:\/\/www.ringsknife.com\/de\/author\/ringsknife-com\/"},"uagb_comment_info":0,"uagb_excerpt":"Rest assured, we will upload tracking numbers to your orders promptly, and they will display accurate information without any delays. However, due to the limited air freight operations, there might be delays in the actual delivery of packages. Please anticipate an additional 1-2 weeks for your items to reach their destination countries, considering the current&hellip;","jetpack_sharing_enabled":true,"_links":{"self":[{"href":"https:\/\/www.ringsknife.com\/de\/wp-json\/wp\/v2\/pages\/2081","targetHints":{"allow":["GET"]}}],"collection":[{"href":"https:\/\/www.ringsknife.com\/de\/wp-json\/wp\/v2\/pages"}],"about":[{"href":"https:\/\/www.ringsknife.com\/de\/wp-json\/wp\/v2\/types\/page"}],"author":[{"embeddable":true,"href":"https:\/\/www.ringsknife.com\/de\/wp-json\/wp\/v2\/users\/1"}],"replies":[{"embeddable":true,"href":"https:\/\/www.ringsknife.com\/de\/wp-json\/wp\/v2\/comments?post=2081"}],"version-history":[{"count":0,"href":"https:\/\/www.ringsknife.com\/de\/wp-json\/wp\/v2\/pages\/2081\/revisions"}],"wp:attachment":[{"href":"https:\/\/www.ringsknife.com\/de\/wp-json\/wp\/v2\/media?parent=2081"}],"curies":[{"name":"wp","href":"https:\/\/api.w.org\/{rel}","templated":true}]}}