
{"id":2060,"date":"2024-04-02T16:22:28","date_gmt":"2024-04-02T08:22:28","guid":{"rendered":"https:\/\/www.ringsknife.com\/?page_id=2060"},"modified":"2024-06-01T19:34:48","modified_gmt":"2024-06-01T11:34:48","slug":"self-defense-ring-faqs","status":"publish","type":"page","link":"https:\/\/www.ringsknife.com\/de\/fragen-zum-selbstverteidigungsring\/","title":{"rendered":"FAQs"},"content":{"rendered":"<div class=\"wp-block-uagb-container uagb-block-wyxere8t alignfull uagb-is-root-container\"><div class=\"uagb-container-inner-blocks-wrap\">\n<div class=\"wp-block-uagb-info-box uagb-block-1m2tytia uagb-infobox__content-wrap  uagb-infobox-icon-above-title uagb-infobox-image-valign-top\"><div class=\"uagb-ifb-content\"><div class=\"uagb-ifb-title-wrap\"><h2 class=\"uagb-ifb-title\">&nbsp;H\u00e4ufig gestellte Fragen<\/h2><\/div><p class=\"uagb-ifb-desc\">Hier finden Sie Antworten auf h\u00e4ufig gestellte Fragen zu unseren Produkten und Dienstleistungen.<\/p><\/div><\/div>\n\n\n<div class=\"wp-block-uagb-faq uagb-faq__outer-wrap uagb-block-gc3gnhzb uagb-faq-icon-row-reverse uagb-faq-layout-accordion uagb-faq-expand-first-true uagb-faq-inactive-other-true uagb-faq__wrap uagb-buttons-layout-wrap uagb-faq-equal-height\" data-faqtoggle=\"true\" role=\"tablist\"><div class=\"wp-block-uagb-faq-child uagb-faq-child__outer-wrap uagb-faq-item uagb-block-desuw0ug\" role=\"tab\" tabindex=\"0\"><div class=\"uagb-faq-questions-button uagb-faq-questions\">\t\t\t<span class=\"uagb-icon uagb-faq-icon-wrap\">\n\t\t\t\t\t\t\t\t<svg xmlns=\"https:\/\/www.w3.org\/2000\/svg\" viewbox= \"0 0 448 512\"><path d=\"M432 256c0 17.69-14.33 32.01-32 32.01H256v144c0 17.69-14.33 31.99-32 31.99s-32-14.3-32-31.99v-144H48c-17.67 0-32-14.32-32-32.01s14.33-31.99 32-31.99H192v-144c0-17.69 14.33-32.01 32-32.01s32 14.32 32 32.01v144h144C417.7 224 432 238.3 432 256z\"><\/path><\/svg>\n\t\t\t\t\t\t\t<\/span>\n\t\t\t\t\t\t<span class=\"uagb-icon-active uagb-faq-icon-wrap\">\n\t\t\t\t\t\t\t\t<svg xmlns=\"https:\/\/www.w3.org\/2000\/svg\" viewbox= \"0 0 448 512\"><path d=\"M400 288h-352c-17.69 0-32-14.32-32-32.01s14.31-31.99 32-31.99h352c17.69 0 32 14.3 32 31.99S417.7 288 400 288z\"><\/path><\/svg>\n\t\t\t\t\t\t\t<\/span>\n\t\t\t<h5 class=\"uagb-question\">Wie finde ich meine Ringgr\u00f6\u00dfe?<\/h5><\/div><div class=\"uagb-faq-content\"><p>Rings Knife verkauft seine Ringe in U.S. Ringgr\u00f6\u00dfen. Sehen Sie sich unser\u00a0<a href=\"https:\/\/www.ringsknife.com\/de\/anleitung-zur-ringgrosenbestimmung\/?wmc-currency=EUR\" data-type=\"link\" data-id=\"https:\/\/www.ringsknife.com\/ring-sizing-guide\/\" target=\"_blank\" rel=\"noreferrer noopener\">Praktischer Leitfaden f\u00fcr die Ringgr\u00f6\u00dfenbestimmung <\/a><a href=\"https:\/\/www.defenderring.com\/pages\/ring-sizing-guide\" target=\"_blank\" rel=\"noreferrer noopener\">hier<\/a>\u00a0um Ihre Gr\u00f6\u00dfe zu finden!<\/p><\/div><\/div><div class=\"wp-block-uagb-faq-child uagb-faq-child__outer-wrap uagb-faq-item uagb-block-0dcca909\" role=\"tab\" tabindex=\"0\"><div class=\"uagb-faq-questions-button uagb-faq-questions\">\t\t\t<span class=\"uagb-icon uagb-faq-icon-wrap\">\n\t\t\t\t\t\t\t\t<svg xmlns=\"https:\/\/www.w3.org\/2000\/svg\" viewbox= \"0 0 448 512\"><path d=\"M432 256c0 17.69-14.33 32.01-32 32.01H256v144c0 17.69-14.33 31.99-32 31.99s-32-14.3-32-31.99v-144H48c-17.67 0-32-14.32-32-32.01s14.33-31.99 32-31.99H192v-144c0-17.69 14.33-32.01 32-32.01s32 14.32 32 32.01v144h144C417.7 224 432 238.3 432 256z\"><\/path><\/svg>\n\t\t\t\t\t\t\t<\/span>\n\t\t\t\t\t\t<span class=\"uagb-icon-active uagb-faq-icon-wrap\">\n\t\t\t\t\t\t\t\t<svg xmlns=\"https:\/\/www.w3.org\/2000\/svg\" viewbox= \"0 0 448 512\"><path d=\"M400 288h-352c-17.69 0-32-14.32-32-32.01s14.31-31.99 32-31.99h352c17.69 0 32 14.3 32 31.99S417.7 288 400 288z\"><\/path><\/svg>\n\t\t\t\t\t\t\t<\/span>\n\t\t\t<h5 class=\"uagb-question\">Wie scharf ist die Waffe? Was kann sie schneiden?<\/h5><\/div><div class=\"uagb-faq-content\"><p><strong>Verdeckte Ringe<\/strong>: Unsere verdeckten Ringe verf\u00fcgen \u00fcber Pr\u00e4zisionsklingen mit fein geschliffenen Kanten und spitzen Spitzen. Diese Klingen sind in der Lage, Gewebe, Plastik und d\u00fcnnes Metall zu durchtrennen. Dar\u00fcber hinaus k\u00f6nnen sie leicht rei\u00dfen, rei\u00dfen und durch menschliche Haut schneiden, was sowohl Schutz als auch Seelenfrieden bietet.<br><br><strong>Offene Punkt-Ringe<\/strong>: F\u00fcr unsere Ringe mit offener Spitze haben wir scharfe Spitzen oder abgeschr\u00e4gte Kanten entworfen, die als wirksame Verteidigungselemente dienen. Diese Elemente k\u00f6nnen einem Angreifer Schaden zuf\u00fcgen und ihm Unbehagen bereiten, wodurch Ihre Sicherheit in kritischen Situationen erh\u00f6ht wird.<\/p><\/div><\/div><div class=\"wp-block-uagb-faq-child uagb-faq-child__outer-wrap uagb-faq-item uagb-block-e31b850d\" role=\"tab\" tabindex=\"0\"><div class=\"uagb-faq-questions-button uagb-faq-questions\">\t\t\t<span class=\"uagb-icon uagb-faq-icon-wrap\">\n\t\t\t\t\t\t\t\t<svg xmlns=\"https:\/\/www.w3.org\/2000\/svg\" viewbox= \"0 0 448 512\"><path d=\"M432 256c0 17.69-14.33 32.01-32 32.01H256v144c0 17.69-14.33 31.99-32 31.99s-32-14.3-32-31.99v-144H48c-17.67 0-32-14.32-32-32.01s14.33-31.99 32-31.99H192v-144c0-17.69 14.33-32.01 32-32.01s32 14.32 32 32.01v144h144C417.7 224 432 238.3 432 256z\"><\/path><\/svg>\n\t\t\t\t\t\t\t<\/span>\n\t\t\t\t\t\t<span class=\"uagb-icon-active uagb-faq-icon-wrap\">\n\t\t\t\t\t\t\t\t<svg xmlns=\"https:\/\/www.w3.org\/2000\/svg\" viewbox= \"0 0 448 512\"><path d=\"M400 288h-352c-17.69 0-32-14.32-32-32.01s14.31-31.99 32-31.99h352c17.69 0 32 14.3 32 31.99S417.7 288 400 288z\"><\/path><\/svg>\n\t\t\t\t\t\t\t<\/span>\n\t\t\t<h5 class=\"uagb-question\">Wie tief kann die Waffe in die Haut eindringen?<\/h5><\/div><div class=\"uagb-faq-content\"><p>Unsere verdeckten Ringe sind mit Pr\u00e4zisionsklingen ausgestattet, die Blutgef\u00e4\u00dfe durchtrennen und Nervenzellen angreifen k\u00f6nnen. Diese diskreten, aber effektiven Waffen bieten eine zus\u00e4tzliche Sicherheitsebene.<\/p><\/div><\/div><div class=\"wp-block-uagb-faq-child uagb-faq-child__outer-wrap uagb-faq-item uagb-block-c1883ad9\" role=\"tab\" tabindex=\"0\"><div class=\"uagb-faq-questions-button uagb-faq-questions\">\t\t\t<span class=\"uagb-icon uagb-faq-icon-wrap\">\n\t\t\t\t\t\t\t\t<svg xmlns=\"https:\/\/www.w3.org\/2000\/svg\" viewbox= \"0 0 448 512\"><path d=\"M432 256c0 17.69-14.33 32.01-32 32.01H256v144c0 17.69-14.33 31.99-32 31.99s-32-14.3-32-31.99v-144H48c-17.67 0-32-14.32-32-32.01s14.33-31.99 32-31.99H192v-144c0-17.69 14.33-32.01 32-32.01s32 14.32 32 32.01v144h144C417.7 224 432 238.3 432 256z\"><\/path><\/svg>\n\t\t\t\t\t\t\t<\/span>\n\t\t\t\t\t\t<span class=\"uagb-icon-active uagb-faq-icon-wrap\">\n\t\t\t\t\t\t\t\t<svg xmlns=\"https:\/\/www.w3.org\/2000\/svg\" viewbox= \"0 0 448 512\"><path d=\"M400 288h-352c-17.69 0-32-14.32-32-32.01s14.31-31.99 32-31.99h352c17.69 0 32 14.3 32 31.99S417.7 288 400 288z\"><\/path><\/svg>\n\t\t\t\t\t\t\t<\/span>\n\t\t\t<h5 class=\"uagb-question\">Wie kann ich mich mit einem Selbstverteidigungsring verteidigen?<\/h5><\/div><div class=\"uagb-faq-content\"><p><strong>Pr\u00e4zisionsstreiks<\/strong>: Wenn Sie Ihren Selbstverteidigungsring tragen, nehmen Sie einen festen Griff an und f\u00fchren Sie pr\u00e4zise Schl\u00e4ge gegen die Augen, die Kehle oder das Gesicht des Angreifers. Diese gezielten Schl\u00e4ge k\u00f6nnen tiefe Einstichwunden verursachen und eine wirksame Abschreckung darstellen.<br><br><strong>Rasche Hiebe<\/strong>: F\u00fchren Sie mit Ihrem Selbstverteidigungsring eine seitliche Hiebbewegung gegen die Augen, den Hals oder das Gesicht des Angreifers aus. Diese Technik kann lange Wunden verursachen und entmutigt weitere Aggressionen.<br><br><strong>Strategische Man\u00f6ver<\/strong>: Legen Sie Ihren Selbstverteidigungsring auf die Innenseite Ihrer Handfl\u00e4che, so dass die Klinge nach innen zeigt. Greifen Sie in einer Verteidigungssituation den Arm des Angreifers und ziehen Sie daran, wobei Sie den Ring verwenden, um eine gro\u00dfe Wunde zu verursachen.<\/p><\/div><\/div><div class=\"wp-block-uagb-faq-child uagb-faq-child__outer-wrap uagb-faq-item uagb-block-32426f85\" role=\"tab\" tabindex=\"0\"><div class=\"uagb-faq-questions-button uagb-faq-questions\">\t\t\t<span class=\"uagb-icon uagb-faq-icon-wrap\">\n\t\t\t\t\t\t\t\t<svg xmlns=\"https:\/\/www.w3.org\/2000\/svg\" viewbox= \"0 0 448 512\"><path d=\"M432 256c0 17.69-14.33 32.01-32 32.01H256v144c0 17.69-14.33 31.99-32 31.99s-32-14.3-32-31.99v-144H48c-17.67 0-32-14.32-32-32.01s14.33-31.99 32-31.99H192v-144c0-17.69 14.33-32.01 32-32.01s32 14.32 32 32.01v144h144C417.7 224 432 238.3 432 256z\"><\/path><\/svg>\n\t\t\t\t\t\t\t<\/span>\n\t\t\t\t\t\t<span class=\"uagb-icon-active uagb-faq-icon-wrap\">\n\t\t\t\t\t\t\t\t<svg xmlns=\"https:\/\/www.w3.org\/2000\/svg\" viewbox= \"0 0 448 512\"><path d=\"M400 288h-352c-17.69 0-32-14.32-32-32.01s14.31-31.99 32-31.99h352c17.69 0 32 14.3 32 31.99S417.7 288 400 288z\"><\/path><\/svg>\n\t\t\t\t\t\t\t<\/span>\n\t\t\t<h5 class=\"uagb-question\">Was kann ein Selbstverteidigungsring zum Schutz vor einem Angreifer leisten?<\/h5><\/div><div class=\"uagb-faq-content\"><p><strong>Unbehagen bei einem Angreifer hervorrufen<\/strong>: Unsere Selbstverteidigungsringe sind mit Pr\u00e4zisionsklingen ausgestattet, die auf Nervenzellen zielen und dem Angreifer erhebliche Schmerzen bereiten.<br><br><strong>Erh\u00f6hen Sie Ihre Sicherheit<\/strong>: Unsere Selbstverteidigungsringe sind mit scharfen Klingen ausgestattet, die Haut und Blutgef\u00e4\u00dfe durchtrennen, Blut saugen und eine abschreckende Wirkung auf potenzielle Bedrohungen haben.<br><br><strong>Beweise aufbewahren<\/strong>: Zus\u00e4tzlich zu ihren Verteidigungsf\u00e4higkeiten erm\u00f6glichen unsere Selbstverteidigungsringe die Erfassung der DNA eines Angreifers durch Hautzellen oder Blut, was den Strafverfolgungsbeh\u00f6rden bei ihren Ermittlungen hilft.<\/p><\/div><\/div><div class=\"wp-block-uagb-faq-child uagb-faq-child__outer-wrap uagb-faq-item uagb-block-6e37dee3\" role=\"tab\" tabindex=\"0\"><div class=\"uagb-faq-questions-button uagb-faq-questions\">\t\t\t<span class=\"uagb-icon uagb-faq-icon-wrap\">\n\t\t\t\t\t\t\t\t<svg xmlns=\"https:\/\/www.w3.org\/2000\/svg\" viewbox= \"0 0 448 512\"><path d=\"M432 256c0 17.69-14.33 32.01-32 32.01H256v144c0 17.69-14.33 31.99-32 31.99s-32-14.3-32-31.99v-144H48c-17.67 0-32-14.32-32-32.01s14.33-31.99 32-31.99H192v-144c0-17.69 14.33-32.01 32-32.01s32 14.32 32 32.01v144h144C417.7 224 432 238.3 432 256z\"><\/path><\/svg>\n\t\t\t\t\t\t\t<\/span>\n\t\t\t\t\t\t<span class=\"uagb-icon-active uagb-faq-icon-wrap\">\n\t\t\t\t\t\t\t\t<svg xmlns=\"https:\/\/www.w3.org\/2000\/svg\" viewbox= \"0 0 448 512\"><path d=\"M400 288h-352c-17.69 0-32-14.32-32-32.01s14.31-31.99 32-31.99h352c17.69 0 32 14.3 32 31.99S417.7 288 400 288z\"><\/path><\/svg>\n\t\t\t\t\t\t\t<\/span>\n\t\t\t<h5 class=\"uagb-question\">Was ist der Unterschied zwischen Selbstverteidigung und Selbstverteidigung durch das Tragen von Selbstverteidigungsringen?<\/h5><\/div><div class=\"uagb-faq-content\"><p>W\u00e4hrend die Selbstverteidigung mit blo\u00dfen H\u00e4nden nicht immer ausreichend ist, um einen Angreifer au\u00dfer Gefecht zu setzen oder Beweise zu sichern, bieten unsere Selbstverteidigungsringe eine einzigartige L\u00f6sung. Diese Ringe verst\u00e4rken Ihre nat\u00fcrlichen Verteidigungsinstinkte, indem sie die F\u00e4higkeit bieten, menschliche Haut zu zerrei\u00dfen, Blut zu entnehmen und DNA zu sammeln - und das alles unter Gew\u00e4hrleistung Ihrer Sicherheit.<\/p><\/div><\/div><div class=\"wp-block-uagb-faq-child uagb-faq-child__outer-wrap uagb-faq-item uagb-block-340ef215\" role=\"tab\" tabindex=\"0\"><div class=\"uagb-faq-questions-button uagb-faq-questions\">\t\t\t<span class=\"uagb-icon uagb-faq-icon-wrap\">\n\t\t\t\t\t\t\t\t<svg xmlns=\"https:\/\/www.w3.org\/2000\/svg\" viewbox= \"0 0 448 512\"><path d=\"M432 256c0 17.69-14.33 32.01-32 32.01H256v144c0 17.69-14.33 31.99-32 31.99s-32-14.3-32-31.99v-144H48c-17.67 0-32-14.32-32-32.01s14.33-31.99 32-31.99H192v-144c0-17.69 14.33-32.01 32-32.01s32 14.32 32 32.01v144h144C417.7 224 432 238.3 432 256z\"><\/path><\/svg>\n\t\t\t\t\t\t\t<\/span>\n\t\t\t\t\t\t<span class=\"uagb-icon-active uagb-faq-icon-wrap\">\n\t\t\t\t\t\t\t\t<svg xmlns=\"https:\/\/www.w3.org\/2000\/svg\" viewbox= \"0 0 448 512\"><path d=\"M400 288h-352c-17.69 0-32-14.32-32-32.01s14.31-31.99 32-31.99h352c17.69 0 32 14.3 32 31.99S417.7 288 400 288z\"><\/path><\/svg>\n\t\t\t\t\t\t\t<\/span>\n\t\t\t<h5 class=\"uagb-question\">Aus welchem Material sind Ihre Ringe gefertigt?<\/h5><\/div><div class=\"uagb-faq-content\"><p><br>Alle Ringe werden aus verschiedenen Materialien geschmiedet, darunter 925er Sterlingsilber, 316L-Edelstahl und Titaniumstahl.<br><br><br><strong>925 Sterling Silber<\/strong>:<br><strong>Zusammensetzung<\/strong>: Es ist eine Legierung, die aus\u00a0<strong>92.5% silber<\/strong>\u00a0und\u00a0<strong>7.5% andere Metalle<\/strong>\u00a0(in der Regel Kupfer, Zink oder Nickel).<br><strong>St\u00e4rke und Langlebigkeit<\/strong>: Sterlingsilber ist aufgrund des Legierungsanteils haltbarer als reines Silber. Es verbindet Sch\u00f6nheit mit Widerstandsf\u00e4higkeit.<br><strong>Korrosionsbest\u00e4ndigkeit<\/strong>: W\u00e4hrend reines Silber anlaufen kann, ist Sterlingsilber korrosionsbest\u00e4ndig.<br><strong>Wahrzeichen<\/strong>: Achten Sie auf die Punzierung \"Sterling\" oder \"925\", um echtes Sterlingsilber zu erkennen.<br><a href=\"https:\/\/www.theworldmaterial.com\/aisi-316l-stainless-steel\/\" target=\"_blank\" rel=\"noreferrer noopener\"><strong>Verwendung von Schmuck<\/strong>: Aufgrund seiner zeitlosen Anziehungskraft und seines g\u00fcnstigen Preises wird es h\u00e4ufig f\u00fcr Schmuck verwendet.<\/a>.<br><br><strong>316L-Edelstahl<\/strong>:<br><strong>Zusammensetzung<\/strong>: Es handelt sich um einen modifizierten austenitischen Edelstahl der Cr-Ni-Mo-Reihe mit sehr niedrigem Kohlenstoffgehalt auf der Grundlage von AISI 316.<br><strong>Korrosionsbest\u00e4ndigkeit<\/strong>: Best\u00e4ndig gegen Korrosion in verschiedenen Umgebungen, einschlie\u00dflich Phosphors\u00e4ure, Essigs\u00e4ure und verd\u00fcnnte Chloridl\u00f6sungen.<br><strong>Schwei\u00dfeignung<\/strong>: Kann ohne Beeintr\u00e4chtigung der Korrosionsbest\u00e4ndigkeit geschwei\u00dft werden.<br><strong>St\u00e4rke<\/strong>: Mindest-Zugfestigkeit von\u00a0<strong>70 ksi<\/strong>\u00a0(485 MPa) im gegl\u00fchten Zustand.<br><a href=\"https:\/\/www.theworldmaterial.com\/aisi-316l-stainless-steel\/\" target=\"_blank\" rel=\"noreferrer noopener\"><strong>Anwendungen<\/strong>: Wird f\u00fcr Teile verwendet, die nach dem Schwei\u00dfen nicht gegl\u00fcht werden k\u00f6nnen, z. B. in korrosiven Umgebungen<\/a>.<br><br><strong>Titanium Stahl<\/strong>:<br><strong>Eigenschaften<\/strong>: Bekannt f\u00fcr seine Leichtigkeit, St\u00e4rke und hohe Korrosionsbest\u00e4ndigkeit.<br><strong>Umweltschonend<\/strong>: Reichhaltige Reserven und ausgezeichnete Biofreundlichkeit.<br><strong>Verarbeitbarkeit<\/strong>: Kann mit Werkzeugen geformt werden, die denen f\u00fcr kohlenstoffarmen Stahl und Edelstahl \u00e4hnlich sind.<br><strong>Wirtschaftliche Effizienz<\/strong>: Obwohl es pro Masse teurer ist, verringert sein geringes spezifisches Gewicht den Kostenunterschied pro Volumen.<br><a href=\"https:\/\/www.nipponsteel.com\/en\/product\/titan\/feature\/\" target=\"_blank\" rel=\"noreferrer noopener\"><strong>Anwendungen<\/strong>: Aufgrund seiner einzigartigen Eigenschaften wird es in der Luft- und Raumfahrt, bei medizinischen Prothesen und als Baumaterial verwendet.<\/a>.<\/p><\/div><\/div><div class=\"wp-block-uagb-faq-child uagb-faq-child__outer-wrap uagb-faq-item uagb-block-76f385c6\" role=\"tab\" tabindex=\"0\"><div class=\"uagb-faq-questions-button uagb-faq-questions\">\t\t\t<span class=\"uagb-icon uagb-faq-icon-wrap\">\n\t\t\t\t\t\t\t\t<svg xmlns=\"https:\/\/www.w3.org\/2000\/svg\" viewbox= \"0 0 448 512\"><path d=\"M432 256c0 17.69-14.33 32.01-32 32.01H256v144c0 17.69-14.33 31.99-32 31.99s-32-14.3-32-31.99v-144H48c-17.67 0-32-14.32-32-32.01s14.33-31.99 32-31.99H192v-144c0-17.69 14.33-32.01 32-32.01s32 14.32 32 32.01v144h144C417.7 224 432 238.3 432 256z\"><\/path><\/svg>\n\t\t\t\t\t\t\t<\/span>\n\t\t\t\t\t\t<span class=\"uagb-icon-active uagb-faq-icon-wrap\">\n\t\t\t\t\t\t\t\t<svg xmlns=\"https:\/\/www.w3.org\/2000\/svg\" viewbox= \"0 0 448 512\"><path d=\"M400 288h-352c-17.69 0-32-14.32-32-32.01s14.31-31.99 32-31.99h352c17.69 0 32 14.3 32 31.99S417.7 288 400 288z\"><\/path><\/svg>\n\t\t\t\t\t\t\t<\/span>\n\t\t\t<h5 class=\"uagb-question\">M\u00fcssen die Ringe gewartet werden?<\/h5><\/div><div class=\"uagb-faq-content\"><p>Im Rahmen der regelm\u00e4\u00dfigen Wartung empfehlen wir, unsere Ringe regelm\u00e4\u00dfig zu reinigen und zu pflegen, damit sie ihr Aussehen und ihre Funktionalit\u00e4t behalten. Ganz gleich, ob Sie sie als Alltagsschmuck oder zur Selbstverteidigung tragen, die richtige Pflege gew\u00e4hrleistet ihre Langlebigkeit.<\/p><\/div><\/div><div class=\"wp-block-uagb-faq-child uagb-faq-child__outer-wrap uagb-faq-item uagb-block-215b0145\" role=\"tab\" tabindex=\"0\"><div class=\"uagb-faq-questions-button uagb-faq-questions\">\t\t\t<span class=\"uagb-icon uagb-faq-icon-wrap\">\n\t\t\t\t\t\t\t\t<svg xmlns=\"https:\/\/www.w3.org\/2000\/svg\" viewbox= \"0 0 448 512\"><path d=\"M432 256c0 17.69-14.33 32.01-32 32.01H256v144c0 17.69-14.33 31.99-32 31.99s-32-14.3-32-31.99v-144H48c-17.67 0-32-14.32-32-32.01s14.33-31.99 32-31.99H192v-144c0-17.69 14.33-32.01 32-32.01s32 14.32 32 32.01v144h144C417.7 224 432 238.3 432 256z\"><\/path><\/svg>\n\t\t\t\t\t\t\t<\/span>\n\t\t\t\t\t\t<span class=\"uagb-icon-active uagb-faq-icon-wrap\">\n\t\t\t\t\t\t\t\t<svg xmlns=\"https:\/\/www.w3.org\/2000\/svg\" viewbox= \"0 0 448 512\"><path d=\"M400 288h-352c-17.69 0-32-14.32-32-32.01s14.31-31.99 32-31.99h352c17.69 0 32 14.3 32 31.99S417.7 288 400 288z\"><\/path><\/svg>\n\t\t\t\t\t\t\t<\/span>\n\t\t\t<h5 class=\"uagb-question\">Kann ich die Ringe in Wasser eintauchen oder nass machen?<\/h5><\/div><div class=\"uagb-faq-content\"><p>Um die Langlebigkeit Ihrer Ringe zu gew\u00e4hrleisten, raten wir davon ab, sie in Wasser zu tauchen oder nass zu machen. Einige unserer Ringe weisen mechanische Merkmale auf, die durch Wassereinwirkung beeintr\u00e4chtigt werden k\u00f6nnen.<\/p><\/div><\/div><\/div><\/div><\/div>","protected":false},"excerpt":{"rendered":"","protected":false},"author":1,"featured_media":0,"parent":0,"menu_order":0,"comment_status":"closed","ping_status":"closed","template":"","meta":{"_uag_custom_page_level_css":"","site-sidebar-layout":"default","site-content-layout":"","ast-site-content-layout":"default","site-content-style":"default","site-sidebar-style":"default","ast-global-header-display":"","ast-banner-title-visibility":"","ast-main-header-display":"","ast-hfb-above-header-display":"","ast-hfb-below-header-display":"","ast-hfb-mobile-header-display":"","site-post-title":"disabled","ast-breadcrumbs-content":"","ast-featured-img":"","footer-sml-layout":"","ast-disable-related-posts":"","theme-transparent-header-meta":"","adv-header-id-meta":"","stick-header-meta":"","header-above-stick-meta":"","header-main-stick-meta":"","header-below-stick-meta":"","astra-migrate-meta-layouts":"set","ast-page-background-enabled":"default","ast-page-background-meta":{"desktop":{"background-color":"","background-image":"","background-repeat":"repeat","background-position":"center center","background-size":"auto","background-attachment":"scroll","background-type":"","background-media":"","overlay-type":"","overlay-color":"","overlay-opacity":"","overlay-gradient":""},"tablet":{"background-color":"","background-image":"","background-repeat":"repeat","background-position":"center center","background-size":"auto","background-attachment":"scroll","background-type":"","background-media":"","overlay-type":"","overlay-color":"","overlay-opacity":"","overlay-gradient":""},"mobile":{"background-color":"","background-image":"","background-repeat":"repeat","background-position":"center center","background-size":"auto","background-attachment":"scroll","background-type":"","background-media":"","overlay-type":"","overlay-color":"","overlay-opacity":"","overlay-gradient":""}},"ast-content-background-meta":{"desktop":{"background-color":"var(--ast-global-color-5)","background-image":"","background-repeat":"repeat","background-position":"center center","background-size":"auto","background-attachment":"scroll","background-type":"","background-media":"","overlay-type":"","overlay-color":"","overlay-opacity":"","overlay-gradient":""},"tablet":{"background-color":"var(--ast-global-color-5)","background-image":"","background-repeat":"repeat","background-position":"center center","background-size":"auto","background-attachment":"scroll","background-type":"","background-media":"","overlay-type":"","overlay-color":"","overlay-opacity":"","overlay-gradient":""},"mobile":{"background-color":"var(--ast-global-color-5)","background-image":"","background-repeat":"repeat","background-position":"center center","background-size":"auto","background-attachment":"scroll","background-type":"","background-media":"","overlay-type":"","overlay-color":"","overlay-opacity":"","overlay-gradient":""}},"footnotes":""},"class_list":["post-2060","page","type-page","status-publish","hentry"],"uagb_featured_image_src":{"full":false,"thumbnail":false,"medium":false,"medium_large":false,"large":false,"1536x1536":false,"2048x2048":false,"trp-custom-language-flag":false,"woocommerce_thumbnail":false,"woocommerce_single":false,"woocommerce_gallery_thumbnail":false},"uagb_author_info":{"display_name":"ringsknife.com","author_link":"https:\/\/www.ringsknife.com\/de\/author\/ringsknife-com\/"},"uagb_comment_info":0,"uagb_excerpt":null,"jetpack_sharing_enabled":true,"_links":{"self":[{"href":"https:\/\/www.ringsknife.com\/de\/wp-json\/wp\/v2\/pages\/2060","targetHints":{"allow":["GET"]}}],"collection":[{"href":"https:\/\/www.ringsknife.com\/de\/wp-json\/wp\/v2\/pages"}],"about":[{"href":"https:\/\/www.ringsknife.com\/de\/wp-json\/wp\/v2\/types\/page"}],"author":[{"embeddable":true,"href":"https:\/\/www.ringsknife.com\/de\/wp-json\/wp\/v2\/users\/1"}],"replies":[{"embeddable":true,"href":"https:\/\/www.ringsknife.com\/de\/wp-json\/wp\/v2\/comments?post=2060"}],"version-history":[{"count":0,"href":"https:\/\/www.ringsknife.com\/de\/wp-json\/wp\/v2\/pages\/2060\/revisions"}],"wp:attachment":[{"href":"https:\/\/www.ringsknife.com\/de\/wp-json\/wp\/v2\/media?parent=2060"}],"curies":[{"name":"wp","href":"https:\/\/api.w.org\/{rel}","templated":true}]}}