
{"id":2050,"date":"2024-04-02T15:33:00","date_gmt":"2024-04-02T07:33:00","guid":{"rendered":"https:\/\/www.ringsknife.com\/?page_id=2050"},"modified":"2024-06-01T19:35:31","modified_gmt":"2024-06-01T11:35:31","slug":"ring-sizing-guide","status":"publish","type":"page","link":"https:\/\/www.ringsknife.com\/de\/anleitung-zur-ringgrosenbestimmung\/","title":{"rendered":"Leitfaden f\u00fcr die Ringgr\u00f6\u00dfenbestimmung"},"content":{"rendered":"<h2 class=\"wp-block-heading\">3 Wege, Ihre Ringgr\u00f6\u00dfe zu finden<\/h2>\n\n\n\n<h3 class=\"wp-block-heading\">1. Vorhandenen Ring messen<\/h3>\n\n\n\n<p>1. W\u00e4hlen Sie einen vorhandenen Ring, der Ihnen perfekt passt.<\/p>\n\n\n\n<p>2. Messen Sie den Innendurchmesser des Rings in mm.<\/p>\n\n\n\n<figure class=\"wp-block-image\"><img decoding=\"async\" src=\"https:\/\/cdn.shopify.com\/s\/files\/1\/1560\/3091\/files\/Internal_Diameter_Ring_Sizing_100x100.png?v=1585752071\" alt=\"\" title=\"\"><\/figure>\n\n\n\n<p>3. Benutzen Sie die untenstehende Tabelle, um Ihre Ringgr\u00f6\u00dfe zu bestimmen.<\/p>\n\n\n\n<figure class=\"wp-block-table\"><table><tbody><tr><td>US-Ringgr\u00f6\u00dfe<\/td><td>Innendurchmesser (Mm)<\/td><\/tr><tr><td>5<\/td><td>15.7<\/td><\/tr><tr><td>5.5<\/td><td>16.1<\/td><\/tr><tr><td>6<\/td><td>16.5<\/td><\/tr><tr><td>6.5<\/td><td>16.9<\/td><\/tr><tr><td>7<\/td><td>17.3<\/td><\/tr><tr><td>7.5<\/td><td>17.75<\/td><\/tr><tr><td>8<\/td><td>18.2<\/td><\/tr><tr><td>8.5<\/td><td>18.5<\/td><\/tr><tr><td>9<\/td><td>18.9<\/td><\/tr><tr><td>9.5<\/td><td>19.4<\/td><\/tr><tr><td>10<\/td><td>19.8<\/td><\/tr><tr><td>10.5<\/td><td>20.2<\/td><\/tr><tr><td>11<\/td><td>20.6<\/td><\/tr><tr><td>11.5<\/td><td>20.9<\/td><\/tr><tr><td>12<\/td><td>21.3<\/td><\/tr><\/tbody><\/table><\/figure>\n\n\n\n<h3 class=\"wp-block-heading\">2. Messen Sie Ihren Finger<\/h3>\n\n\n\n<p>1. Wickeln Sie eine Schnur oder einen d\u00fcnnen Papierstreifen um den Fingeransatz.<\/p>\n\n\n\n<p>2. Markiere die Stelle auf der Schnur oder dem Papier, an der sich die Schnur oder das Papier treffen.<\/p>\n\n\n\n<p>3. Messen Sie die L\u00e4nge der Schnur oder des Papiers in mm.<\/p>\n\n\n\n<p>4. Benutzen Sie die untenstehende Tabelle, um Ihre Ringgr\u00f6\u00dfe zu bestimmen.<\/p>\n\n\n\n<figure class=\"wp-block-table\"><table><tbody><tr><td>US-Ringgr\u00f6\u00dfe<\/td><td>Umfang (Mm)<\/td><\/tr><tr><td>5<\/td><td>49<\/td><\/tr><tr><td>5.5<\/td><td>51<\/td><\/tr><tr><td>6<\/td><td>52<\/td><\/tr><tr><td>6.5<\/td><td>53<\/td><\/tr><tr><td>7<\/td><td>55<\/td><\/tr><tr><td>7.5<\/td><td>56<\/td><\/tr><tr><td>8<\/td><td>57<\/td><\/tr><tr><td>8.5<\/td><td>58<\/td><\/tr><tr><td>9<\/td><td>59<\/td><\/tr><tr><td>9.5<\/td><td>61<\/td><\/tr><tr><td>10<\/td><td>62<\/td><\/tr><tr><td>10.5<\/td><td>64<\/td><\/tr><tr><td>11<\/td><td>65<\/td><\/tr><tr><td>11.5<\/td><td>66<\/td><\/tr><tr><td>12<\/td><td>67<\/td><\/tr><\/tbody><\/table><\/figure>\n\n\n\n<h3 class=\"wp-block-heading\">3. Messen Sie Ihren Finger professionell aus<\/h3>\n\n\n\n<p>Gehen Sie in ein \u00f6rtliches Juweliergesch\u00e4ft oder zu einem Juwelier, um Ihren Finger professionell vermessen zu lassen. Die professionelle Vermessung Ihres Fingers geht schnell und ist bei den meisten Juwelieren oder Schmuckgesch\u00e4ften kostenlos.<\/p>\n\n\n\n<p><\/p>\n\n\n\n<h3 class=\"wp-block-heading\">Tipps und Tricks<\/h3>\n\n\n\n<p>1. Bestellen Sie eine volle Gr\u00f6\u00dfe h\u00f6her, wenn Sie zwischen den Gr\u00f6\u00dfen liegen. Wenn du zum Beispiel zwischen einer 7 und einer 8 liegst, bestelle eine 8 von Rings Knife.<\/p>\n\n\n\n<p>2. Finger dehnen sich bei Hitze aus und schrumpfen bei K\u00e4lte. Messen Sie Ihren Finger am Ende des Tages in einer warmen Umgebung, wenn Ihr Finger am gr\u00f6\u00dften ist.<\/p>\n\n\n\n<p>3. Der Ring muss \u00fcber den Kn\u00f6chel gleiten, um sein Ziel an der Basis des Fingers zu erreichen. Achten Sie deshalb darauf, dass der Ring \u00fcber Ihren Kn\u00f6chel passt. Wenn Ihr Kn\u00f6chel gr\u00f6\u00dfer ist als Ihre Fingerbasis, w\u00e4hlen Sie eine Gr\u00f6\u00dfe zwischen den beiden Ma\u00dfen.<\/p>\n\n\n\n<p>4. Ringe Das Messer soll am Mittel- oder Zeigefinger getragen werden.<\/p>","protected":false},"excerpt":{"rendered":"<p>3 Ways To Find Your Ring Size 1. Measure An Existing Ring 1. Select an existing ring that fits you perfectly. 2. Measure the internal diameter of the ring in mm. 3. Use the below chart to determine your ring size. US Ring Size Internal Diameter (Mm) 5 15.7 5.5 16.1 6 16.5 6.5 16.9 [&hellip;]<\/p>\n","protected":false},"author":1,"featured_media":0,"parent":0,"menu_order":0,"comment_status":"closed","ping_status":"closed","template":"","meta":{"_uag_custom_page_level_css":"","site-sidebar-layout":"default","site-content-layout":"","ast-site-content-layout":"default","site-content-style":"default","site-sidebar-style":"default","ast-global-header-display":"","ast-banner-title-visibility":"","ast-main-header-display":"","ast-hfb-above-header-display":"","ast-hfb-below-header-display":"","ast-hfb-mobile-header-display":"","site-post-title":"","ast-breadcrumbs-content":"","ast-featured-img":"","footer-sml-layout":"","ast-disable-related-posts":"","theme-transparent-header-meta":"","adv-header-id-meta":"","stick-header-meta":"","header-above-stick-meta":"","header-main-stick-meta":"","header-below-stick-meta":"","astra-migrate-meta-layouts":"set","ast-page-background-enabled":"default","ast-page-background-meta":{"desktop":{"background-color":"","background-image":"","background-repeat":"repeat","background-position":"center center","background-size":"auto","background-attachment":"scroll","background-type":"","background-media":"","overlay-type":"","overlay-color":"","overlay-opacity":"","overlay-gradient":""},"tablet":{"background-color":"","background-image":"","background-repeat":"repeat","background-position":"center center","background-size":"auto","background-attachment":"scroll","background-type":"","background-media":"","overlay-type":"","overlay-color":"","overlay-opacity":"","overlay-gradient":""},"mobile":{"background-color":"","background-image":"","background-repeat":"repeat","background-position":"center center","background-size":"auto","background-attachment":"scroll","background-type":"","background-media":"","overlay-type":"","overlay-color":"","overlay-opacity":"","overlay-gradient":""}},"ast-content-background-meta":{"desktop":{"background-color":"var(--ast-global-color-5)","background-image":"","background-repeat":"repeat","background-position":"center center","background-size":"auto","background-attachment":"scroll","background-type":"","background-media":"","overlay-type":"","overlay-color":"","overlay-opacity":"","overlay-gradient":""},"tablet":{"background-color":"var(--ast-global-color-5)","background-image":"","background-repeat":"repeat","background-position":"center center","background-size":"auto","background-attachment":"scroll","background-type":"","background-media":"","overlay-type":"","overlay-color":"","overlay-opacity":"","overlay-gradient":""},"mobile":{"background-color":"var(--ast-global-color-5)","background-image":"","background-repeat":"repeat","background-position":"center center","background-size":"auto","background-attachment":"scroll","background-type":"","background-media":"","overlay-type":"","overlay-color":"","overlay-opacity":"","overlay-gradient":""}},"footnotes":""},"class_list":["post-2050","page","type-page","status-publish","hentry"],"uagb_featured_image_src":{"full":false,"thumbnail":false,"medium":false,"medium_large":false,"large":false,"1536x1536":false,"2048x2048":false,"trp-custom-language-flag":false,"woocommerce_thumbnail":false,"woocommerce_single":false,"woocommerce_gallery_thumbnail":false},"uagb_author_info":{"display_name":"ringsknife.com","author_link":"https:\/\/www.ringsknife.com\/de\/author\/ringsknife-com\/"},"uagb_comment_info":0,"uagb_excerpt":"3 Ways To Find Your Ring Size 1. Measure An Existing Ring 1. Select an existing ring that fits you perfectly. 2. Measure the internal diameter of the ring in mm. 3. Use the below chart to determine your ring size. US Ring Size Internal Diameter (Mm) 5 15.7 5.5 16.1 6 16.5 6.5 16.9&hellip;","jetpack_sharing_enabled":true,"_links":{"self":[{"href":"https:\/\/www.ringsknife.com\/de\/wp-json\/wp\/v2\/pages\/2050","targetHints":{"allow":["GET"]}}],"collection":[{"href":"https:\/\/www.ringsknife.com\/de\/wp-json\/wp\/v2\/pages"}],"about":[{"href":"https:\/\/www.ringsknife.com\/de\/wp-json\/wp\/v2\/types\/page"}],"author":[{"embeddable":true,"href":"https:\/\/www.ringsknife.com\/de\/wp-json\/wp\/v2\/users\/1"}],"replies":[{"embeddable":true,"href":"https:\/\/www.ringsknife.com\/de\/wp-json\/wp\/v2\/comments?post=2050"}],"version-history":[{"count":0,"href":"https:\/\/www.ringsknife.com\/de\/wp-json\/wp\/v2\/pages\/2050\/revisions"}],"wp:attachment":[{"href":"https:\/\/www.ringsknife.com\/de\/wp-json\/wp\/v2\/media?parent=2050"}],"curies":[{"name":"wp","href":"https:\/\/api.w.org\/{rel}","templated":true}]}}